{"id":105107,"date":"2025-01-07T18:40:00","date_gmt":"2025-01-07T16:40:00","guid":{"rendered":"https:\/\/shop.rettum.ee\/toode\/245-35r19-pirelli-p-zero-corsa-pzc4-93y-xl-mc-ncs-fsl-dot21-daa68\/"},"modified":"2025-07-30T02:54:08","modified_gmt":"2025-07-29T23:54:08","slug":"245-35r19-pirelli-p-zero-corsa-pzc4-93y-xl-mc-ncs-fsl-dot21-daa68","status":"publish","type":"product","link":"https:\/\/shop.rettum.ee\/en\/product\/245-35r19-pirelli-p-zero-corsa-pzc4-93y-xl-mc-ncs-fsl-dot21-daa68\/","title":{"rendered":"245\/35R19 PIRELLI P ZERO CORSA (PZC4) 93Y XL MC NCS FSL DOT21 DAA68"},"content":{"rendered":"<p>**Tootenimi: 245\/35R19 PIRELLI P ZERO CORSA (PZC4) 93Y XL MC NCS FSL DOT21 DAA68**<\/p>\n<p>Avastage Pirelli P Zero Corsa (PZC4) &#8211; sportlik ja d\u00fcnaamiline rehvilahendus, mis on loodud t\u00f5eliselt n\u00f5udlikele autoentusiastidele. Selle rehvi m\u00f5\u00f5tmed, 245\/35R19, tagavad fantastilise pidamise ja stabiilsuse nii kuival kui ka niiskel teel. <\/p>\n<p>P Zero Corsa kiirusindeks Y ja kandeindeks 93 viitavad kiiretest s\u00f5itudest ja suure koormuse talumisest, samas kui D k\u00fctuseefektiivsuse klass aitab s\u00e4\u00e4sta raha ja keskkonda. Rehvi m\u00fcraklass A ja m\u00fcra v\u00e4\u00e4rtus 68 dB tagavad vaikse ja mugava s\u00f5iduelamuse. <\/p>\n<p>Lisaks, Pirelli kasutab innovatiivseid tehnoloogiaid, sealhulgas radiaalseid disainilahendusi, et saavutada suurep\u00e4rane j\u00f5udlus ja juhitavus igasugustes ilmastikuoludes. Pirelli P Zero Corsa on ideaalne valik neile, kes otsivad t\u00e4psust ja agressiivset v\u00e4limust oma autodest. Astuge samm ees pool ja kogege t\u00f5elist s\u00f5idur\u00f5\u00f5mu!<\/p>","protected":false},"excerpt":{"rendered":"<p>**Tootenimi: 245\/35R19 PIRELLI P ZERO CORSA (PZC4) 93Y XL MC NCS FSL DOT21 DAA68** Avastage Pirelli P Zero Corsa (PZC4) &#8211; sportlik ja d\u00fcnaamiline rehvilahendus, mis on loodud t\u00f5eliselt n\u00f5udlikele autoentusiastidele. Selle rehvi m\u00f5\u00f5tmed, 245\/35R19, tagavad fantastilise pidamise ja stabiilsuse nii kuival kui ka niiskel teel. P Zero Corsa kiirusindeks Y ja kandeindeks 93 viitavad [&hellip;]<\/p>\n","protected":false},"featured_media":124128,"template":"","meta":{"site-sidebar-layout":"default","site-content-layout":"","ast-site-content-layout":"","site-content-style":"default","site-sidebar-style":"default","ast-global-header-display":"","ast-banner-title-visibility":"","ast-main-header-display":"","ast-hfb-above-header-display":"","ast-hfb-below-header-display":"","ast-hfb-mobile-header-display":"","site-post-title":"","ast-breadcrumbs-content":"","ast-featured-img":"","footer-sml-layout":"","theme-transparent-header-meta":"","adv-header-id-meta":"","stick-header-meta":"","header-above-stick-meta":"","header-main-stick-meta":"","header-below-stick-meta":"","astra-migrate-meta-layouts":"default","ast-page-background-enabled":"default","ast-page-background-meta":{"desktop":{"background-color":"","background-image":"","background-repeat":"repeat","background-position":"center center","background-size":"auto","background-attachment":"scroll","background-type":"","background-media":"","overlay-type":"","overlay-color":"","overlay-opacity":"","overlay-gradient":""},"tablet":{"background-color":"","background-image":"","background-repeat":"repeat","background-position":"center center","background-size":"auto","background-attachment":"scroll","background-type":"","background-media":"","overlay-type":"","overlay-color":"","overlay-opacity":"","overlay-gradient":""},"mobile":{"background-color":"","background-image":"","background-repeat":"repeat","background-position":"center center","background-size":"auto","background-attachment":"scroll","background-type":"","background-media":"","overlay-type":"","overlay-color":"","overlay-opacity":"","overlay-gradient":""}},"ast-content-background-meta":{"desktop":{"background-color":"var(--ast-global-color-5)","background-image":"","background-repeat":"repeat","background-position":"center center","background-size":"auto","background-attachment":"scroll","background-type":"","background-media":"","overlay-type":"","overlay-color":"","overlay-opacity":"","overlay-gradient":""},"tablet":{"background-color":"var(--ast-global-color-5)","background-image":"","background-repeat":"repeat","background-position":"center center","background-size":"auto","background-attachment":"scroll","background-type":"","background-media":"","overlay-type":"","overlay-color":"","overlay-opacity":"","overlay-gradient":""},"mobile":{"background-color":"var(--ast-global-color-5)","background-image":"","background-repeat":"repeat","background-position":"center center","background-size":"auto","background-attachment":"scroll","background-type":"","background-media":"","overlay-type":"","overlay-color":"","overlay-opacity":"","overlay-gradient":""}}},"product_brand":[],"product_cat":[30108],"product_tag":[],"pa_brand_name":[17329],"class_list":{"0":"post-105107","1":"product","2":"type-product","3":"status-publish","4":"has-post-thumbnail","6":"product_cat-summer-tires-pv-2","7":"pa_brand_name-pirelli","8":"desktop-align-left","9":"tablet-align-left","10":"mobile-align-left","12":"first","13":"outofstock","14":"taxable","15":"shipping-taxable","16":"purchasable","17":"product-type-simple"},"_links":{"self":[{"href":"https:\/\/shop.rettum.ee\/en\/wp-json\/wp\/v2\/product\/105107","targetHints":{"allow":["GET"]}}],"collection":[{"href":"https:\/\/shop.rettum.ee\/en\/wp-json\/wp\/v2\/product"}],"about":[{"href":"https:\/\/shop.rettum.ee\/en\/wp-json\/wp\/v2\/types\/product"}],"version-history":[{"count":0,"href":"https:\/\/shop.rettum.ee\/en\/wp-json\/wp\/v2\/product\/105107\/revisions"}],"wp:featuredmedia":[{"embeddable":true,"href":"https:\/\/shop.rettum.ee\/en\/wp-json\/wp\/v2\/media\/124128"}],"wp:attachment":[{"href":"https:\/\/shop.rettum.ee\/en\/wp-json\/wp\/v2\/media?parent=105107"}],"wp:term":[{"taxonomy":"product_brand","embeddable":true,"href":"https:\/\/shop.rettum.ee\/en\/wp-json\/wp\/v2\/product_brand?post=105107"},{"taxonomy":"product_cat","embeddable":true,"href":"https:\/\/shop.rettum.ee\/en\/wp-json\/wp\/v2\/product_cat?post=105107"},{"taxonomy":"product_tag","embeddable":true,"href":"https:\/\/shop.rettum.ee\/en\/wp-json\/wp\/v2\/product_tag?post=105107"},{"taxonomy":"pa_brand_name","embeddable":true,"href":"https:\/\/shop.rettum.ee\/en\/wp-json\/wp\/v2\/pa_brand_name?post=105107"}],"curies":[{"name":"wp","href":"https:\/\/api.w.org\/{rel}","templated":true}]}}