{"id":105111,"date":"2025-01-07T18:40:09","date_gmt":"2025-01-07T16:40:09","guid":{"rendered":"https:\/\/shop.rettum.ee\/toode\/215-50r18-pirelli-cinturato-p7-96y-xl-ks-dot21-cbb72\/"},"modified":"2025-07-30T02:54:08","modified_gmt":"2025-07-29T23:54:08","slug":"215-50r18-pirelli-cinturato-p7-96y-xl-ks-dot21-cbb72","status":"publish","type":"product","link":"https:\/\/shop.rettum.ee\/en\/product\/215-50r18-pirelli-cinturato-p7-96y-xl-ks-dot21-cbb72\/","title":{"rendered":"215\/50R18 PIRELLI CINTURATO P7 96Y XL KS DOT21 CBB72"},"content":{"rendered":"<p>**PIRELLI CINTURATO P7 215\/50R18 96Y XL KS &#8211; Usaldusv\u00e4\u00e4rne ja T\u00f5hus Rehv**<\/p>\n<p>Tutvustame Pirelli Cinturato P7, innovaatiline ja keskkonnas\u00f5bralik rehv, mis m\u00f5eldud modernsetele s\u00f5idukitele. Selle 215\/50R18 m\u00f5\u00f5t ja XL (Extra Load) omadus tagavad suurep\u00e4rase stabiilsuse ja koormusj\u00f5udluse, mist\u00f5ttu sobib see ideaalselt nii linnas\u00f5iduks kui ka maanteereisideks.<\/p>\n<p>Cinturato P7-d iseloomustab suurep\u00e4rane k\u00fctusekasutuse efektiivsus (C klass), mis aitab v\u00e4hendada teie s\u00f5idukikulusid ja keskkonnam\u00f5jusid. Lisaks sellele on rehvi m\u00fcraklass B ja m\u00fcra v\u00e4\u00e4rtus 72 dB, tagades vaikse ja mugava s\u00f5iduelamuse. <\/p>\n<p>Rehvi koormusindeks on 96, mis t\u00e4hendab, et see suudab taluda kuni 710 kg koormust. Pirelli Cinturato P7 on varustatud Y-kiirusindeksiga, lubades teil s\u00f5ita kuni 300 km\/h, mist\u00f5ttu on see ideaalne valik sportlikele ja kiiretele s\u00f5idulustidele.<\/p>\n<p>Valige Pirelli Cinturato P7 ja nautige igat s\u00f5idureisi, teades, et olete valinud kvaliteedi ja usaldusv\u00e4\u00e4rsuse!<\/p>","protected":false},"excerpt":{"rendered":"<p>**PIRELLI CINTURATO P7 215\/50R18 96Y XL KS &#8211; Usaldusv\u00e4\u00e4rne ja T\u00f5hus Rehv** Tutvustame Pirelli Cinturato P7, innovaatiline ja keskkonnas\u00f5bralik rehv, mis m\u00f5eldud modernsetele s\u00f5idukitele. Selle 215\/50R18 m\u00f5\u00f5t ja XL (Extra Load) omadus tagavad suurep\u00e4rase stabiilsuse ja koormusj\u00f5udluse, mist\u00f5ttu sobib see ideaalselt nii linnas\u00f5iduks kui ka maanteereisideks. Cinturato P7-d iseloomustab suurep\u00e4rane k\u00fctusekasutuse efektiivsus (C klass), mis [&hellip;]<\/p>\n","protected":false},"featured_media":122161,"template":"","meta":{"site-sidebar-layout":"default","site-content-layout":"","ast-site-content-layout":"","site-content-style":"default","site-sidebar-style":"default","ast-global-header-display":"","ast-banner-title-visibility":"","ast-main-header-display":"","ast-hfb-above-header-display":"","ast-hfb-below-header-display":"","ast-hfb-mobile-header-display":"","site-post-title":"","ast-breadcrumbs-content":"","ast-featured-img":"","footer-sml-layout":"","theme-transparent-header-meta":"","adv-header-id-meta":"","stick-header-meta":"","header-above-stick-meta":"","header-main-stick-meta":"","header-below-stick-meta":"","astra-migrate-meta-layouts":"default","ast-page-background-enabled":"default","ast-page-background-meta":{"desktop":{"background-color":"","background-image":"","background-repeat":"repeat","background-position":"center center","background-size":"auto","background-attachment":"scroll","background-type":"","background-media":"","overlay-type":"","overlay-color":"","overlay-opacity":"","overlay-gradient":""},"tablet":{"background-color":"","background-image":"","background-repeat":"repeat","background-position":"center center","background-size":"auto","background-attachment":"scroll","background-type":"","background-media":"","overlay-type":"","overlay-color":"","overlay-opacity":"","overlay-gradient":""},"mobile":{"background-color":"","background-image":"","background-repeat":"repeat","background-position":"center center","background-size":"auto","background-attachment":"scroll","background-type":"","background-media":"","overlay-type":"","overlay-color":"","overlay-opacity":"","overlay-gradient":""}},"ast-content-background-meta":{"desktop":{"background-color":"var(--ast-global-color-5)","background-image":"","background-repeat":"repeat","background-position":"center center","background-size":"auto","background-attachment":"scroll","background-type":"","background-media":"","overlay-type":"","overlay-color":"","overlay-opacity":"","overlay-gradient":""},"tablet":{"background-color":"var(--ast-global-color-5)","background-image":"","background-repeat":"repeat","background-position":"center center","background-size":"auto","background-attachment":"scroll","background-type":"","background-media":"","overlay-type":"","overlay-color":"","overlay-opacity":"","overlay-gradient":""},"mobile":{"background-color":"var(--ast-global-color-5)","background-image":"","background-repeat":"repeat","background-position":"center center","background-size":"auto","background-attachment":"scroll","background-type":"","background-media":"","overlay-type":"","overlay-color":"","overlay-opacity":"","overlay-gradient":""}}},"product_brand":[],"product_cat":[30108],"product_tag":[],"pa_brand_name":[17329],"class_list":{"0":"post-105111","1":"product","2":"type-product","3":"status-publish","4":"has-post-thumbnail","6":"product_cat-summer-tires-pv-2","7":"pa_brand_name-pirelli","8":"desktop-align-left","9":"tablet-align-left","10":"mobile-align-left","12":"first","13":"outofstock","14":"taxable","15":"shipping-taxable","16":"purchasable","17":"product-type-simple"},"_links":{"self":[{"href":"https:\/\/shop.rettum.ee\/en\/wp-json\/wp\/v2\/product\/105111","targetHints":{"allow":["GET"]}}],"collection":[{"href":"https:\/\/shop.rettum.ee\/en\/wp-json\/wp\/v2\/product"}],"about":[{"href":"https:\/\/shop.rettum.ee\/en\/wp-json\/wp\/v2\/types\/product"}],"version-history":[{"count":0,"href":"https:\/\/shop.rettum.ee\/en\/wp-json\/wp\/v2\/product\/105111\/revisions"}],"wp:featuredmedia":[{"embeddable":true,"href":"https:\/\/shop.rettum.ee\/en\/wp-json\/wp\/v2\/media\/122161"}],"wp:attachment":[{"href":"https:\/\/shop.rettum.ee\/en\/wp-json\/wp\/v2\/media?parent=105111"}],"wp:term":[{"taxonomy":"product_brand","embeddable":true,"href":"https:\/\/shop.rettum.ee\/en\/wp-json\/wp\/v2\/product_brand?post=105111"},{"taxonomy":"product_cat","embeddable":true,"href":"https:\/\/shop.rettum.ee\/en\/wp-json\/wp\/v2\/product_cat?post=105111"},{"taxonomy":"product_tag","embeddable":true,"href":"https:\/\/shop.rettum.ee\/en\/wp-json\/wp\/v2\/product_tag?post=105111"},{"taxonomy":"pa_brand_name","embeddable":true,"href":"https:\/\/shop.rettum.ee\/en\/wp-json\/wp\/v2\/pa_brand_name?post=105111"}],"curies":[{"name":"wp","href":"https:\/\/api.w.org\/{rel}","templated":true}]}}