{"id":105116,"date":"2025-01-07T18:40:19","date_gmt":"2025-01-07T16:40:19","guid":{"rendered":"https:\/\/shop.rettum.ee\/toode\/255-60r18-pirelli-scorpion-verde-112w-xl-mgt-fsl-dot21-cbb71\/"},"modified":"2026-03-22T03:03:50","modified_gmt":"2026-03-22T01:03:50","slug":"255-60r18-pirelli-scorpion-verde-112w-xl-mgt-fsl-dot21-cbb71","status":"publish","type":"product","link":"https:\/\/shop.rettum.ee\/en\/product\/255-60r18-pirelli-scorpion-verde-112w-xl-mgt-fsl-dot21-cbb71\/","title":{"rendered":"255\/60R18 PIRELLI SCORPION VERDE 112W XL MGT FSL DOT21 CBB71"},"content":{"rendered":"<p>Tutvustame Pirelli Scorpion Verde 255\/60R18 rehvi, mis on loodud pakkuma parimat juhitavust ja mugavust igasugustes teeoludes. Selle rehvi 60% aspekti suhe ja 255 mm laius tagavad suurep\u00e4rase stabiilsuse ja t\u00e4psuse. Rehvi l\u00e4binistes olek on suur 18 tolli, mis t\u00e4iustab s\u00f5idukogemust, samas kui koormusindeks 112 (max. 1120 kg) v\u00f5imaldab kanda raskemaid s\u00f5idukeid.<\/p>\n<p>Pirelli Scorpion Verde on varustatud uuenduslikku k\u00fctusekasutuse efektiivsusega C, mis v\u00e4hendab k\u00fctusekulu ja keskkonnam\u00f5jusid. Samuti on rehvil madal m\u00fcra klass B, mille m\u00fcra v\u00e4\u00e4rtus on 71 dB, tagades rahuliku s\u00f5idunaudingu. Rehvi W kiirusindeks lubab kuni 270 km\/h kiirusel s\u00f5ita, mis teeb selle ideaalseks sportlikele ja maastikus\u00f5idukitele.<\/p>\n<p>Valige Pirelli Scorpion Verde, et nautida suurep\u00e4raseid s\u00f5iduomadusi, turvalisust ja keskkonnas\u00f5braliku s\u00f5idu eeliseid!<\/p>","protected":false},"excerpt":{"rendered":"<p>Tutvustame Pirelli Scorpion Verde 255\/60R18 rehvi, mis on loodud pakkuma parimat juhitavust ja mugavust igasugustes teeoludes. Selle rehvi 60% aspekti suhe ja 255 mm laius tagavad suurep\u00e4rase stabiilsuse ja t\u00e4psuse. Rehvi l\u00e4binistes olek on suur 18 tolli, mis t\u00e4iustab s\u00f5idukogemust, samas kui koormusindeks 112 (max. 1120 kg) v\u00f5imaldab kanda raskemaid s\u00f5idukeid. Pirelli Scorpion Verde on [&hellip;]<\/p>\n","protected":false},"featured_media":124137,"template":"","meta":{"site-sidebar-layout":"default","site-content-layout":"","ast-site-content-layout":"","site-content-style":"default","site-sidebar-style":"default","ast-global-header-display":"","ast-banner-title-visibility":"","ast-main-header-display":"","ast-hfb-above-header-display":"","ast-hfb-below-header-display":"","ast-hfb-mobile-header-display":"","site-post-title":"","ast-breadcrumbs-content":"","ast-featured-img":"","footer-sml-layout":"","theme-transparent-header-meta":"","adv-header-id-meta":"","stick-header-meta":"","header-above-stick-meta":"","header-main-stick-meta":"","header-below-stick-meta":"","astra-migrate-meta-layouts":"default","ast-page-background-enabled":"default","ast-page-background-meta":{"desktop":{"background-color":"","background-image":"","background-repeat":"repeat","background-position":"center center","background-size":"auto","background-attachment":"scroll","background-type":"","background-media":"","overlay-type":"","overlay-color":"","overlay-opacity":"","overlay-gradient":""},"tablet":{"background-color":"","background-image":"","background-repeat":"repeat","background-position":"center center","background-size":"auto","background-attachment":"scroll","background-type":"","background-media":"","overlay-type":"","overlay-color":"","overlay-opacity":"","overlay-gradient":""},"mobile":{"background-color":"","background-image":"","background-repeat":"repeat","background-position":"center center","background-size":"auto","background-attachment":"scroll","background-type":"","background-media":"","overlay-type":"","overlay-color":"","overlay-opacity":"","overlay-gradient":""}},"ast-content-background-meta":{"desktop":{"background-color":"var(--ast-global-color-5)","background-image":"","background-repeat":"repeat","background-position":"center center","background-size":"auto","background-attachment":"scroll","background-type":"","background-media":"","overlay-type":"","overlay-color":"","overlay-opacity":"","overlay-gradient":""},"tablet":{"background-color":"var(--ast-global-color-5)","background-image":"","background-repeat":"repeat","background-position":"center center","background-size":"auto","background-attachment":"scroll","background-type":"","background-media":"","overlay-type":"","overlay-color":"","overlay-opacity":"","overlay-gradient":""},"mobile":{"background-color":"var(--ast-global-color-5)","background-image":"","background-repeat":"repeat","background-position":"center center","background-size":"auto","background-attachment":"scroll","background-type":"","background-media":"","overlay-type":"","overlay-color":"","overlay-opacity":"","overlay-gradient":""}}},"product_brand":[],"product_cat":[30108],"product_tag":[],"pa_brand_name":[17329],"class_list":{"0":"post-105116","1":"product","2":"type-product","3":"status-publish","4":"has-post-thumbnail","6":"product_cat-summer-tires-pv-2","7":"pa_brand_name-pirelli","8":"desktop-align-left","9":"tablet-align-left","10":"mobile-align-left","12":"first","13":"outofstock","14":"taxable","15":"shipping-taxable","16":"purchasable","17":"product-type-simple"},"_links":{"self":[{"href":"https:\/\/shop.rettum.ee\/en\/wp-json\/wp\/v2\/product\/105116","targetHints":{"allow":["GET"]}}],"collection":[{"href":"https:\/\/shop.rettum.ee\/en\/wp-json\/wp\/v2\/product"}],"about":[{"href":"https:\/\/shop.rettum.ee\/en\/wp-json\/wp\/v2\/types\/product"}],"version-history":[{"count":0,"href":"https:\/\/shop.rettum.ee\/en\/wp-json\/wp\/v2\/product\/105116\/revisions"}],"wp:featuredmedia":[{"embeddable":true,"href":"https:\/\/shop.rettum.ee\/en\/wp-json\/wp\/v2\/media\/124137"}],"wp:attachment":[{"href":"https:\/\/shop.rettum.ee\/en\/wp-json\/wp\/v2\/media?parent=105116"}],"wp:term":[{"taxonomy":"product_brand","embeddable":true,"href":"https:\/\/shop.rettum.ee\/en\/wp-json\/wp\/v2\/product_brand?post=105116"},{"taxonomy":"product_cat","embeddable":true,"href":"https:\/\/shop.rettum.ee\/en\/wp-json\/wp\/v2\/product_cat?post=105116"},{"taxonomy":"product_tag","embeddable":true,"href":"https:\/\/shop.rettum.ee\/en\/wp-json\/wp\/v2\/product_tag?post=105116"},{"taxonomy":"pa_brand_name","embeddable":true,"href":"https:\/\/shop.rettum.ee\/en\/wp-json\/wp\/v2\/pa_brand_name?post=105116"}],"curies":[{"name":"wp","href":"https:\/\/api.w.org\/{rel}","templated":true}]}}