{"id":105120,"date":"2025-01-07T18:40:27","date_gmt":"2025-01-07T16:40:27","guid":{"rendered":"https:\/\/shop.rettum.ee\/toode\/295-40r21-pirelli-scorpion-winter-111w-xl-j-fsl-dot21-studless-ccb73-3pmsf-ms\/"},"modified":"2025-07-30T02:54:08","modified_gmt":"2025-07-29T23:54:08","slug":"295-40r21-pirelli-scorpion-winter-111w-xl-j-fsl-dot21-studless-ccb73-3pmsf-ms","status":"publish","type":"product","link":"https:\/\/shop.rettum.ee\/en\/product\/295-40r21-pirelli-scorpion-winter-111w-xl-j-fsl-dot21-studless-ccb73-3pmsf-ms\/","title":{"rendered":"295\/40R21 PIRELLI SCORPION WINTER 111W XL J FSL DOT21 Studless CCB73 3PMSF M+S"},"content":{"rendered":"<p>Tutvustame Pirelli Scorpion Winter rehvi &#8211; ideaalne valik talviseks s\u00f5iduks. Mudel 295\/40R21 on loodud pakkuma suurep\u00e4rast haarduvust ja stabiilsust, et tagada ohutus igasugustes talvistes oludes. Rehvi laius 295 mm ning asendi suhe 40% tagavad ideaalse tasakaalu man\u00f6\u00f6verdusv\u00f5imes ja s\u00f5idumugavuses.<\/p>\n<p>Pirelli Scorpion Winter juhib t\u00e4helepanu oma kergelt madalale k\u00fctusekasutuse reitingule (C), mis aitab s\u00e4\u00e4sta k\u00fctust ja v\u00e4hendada s\u00fcsinikdioksiidi jalaj\u00e4lge. Tootenimekirja kuuluv max kandemisosus (1100 kg) ning kiirusindeks W v\u00f5imaldavad saavutada ja hoida k\u00f5rgeid kiirusen\u00e4itajaid isegi ekstreemsetes tingimustes.<\/p>\n<p>Rehvi m\u00fcraklass B ja m\u00fcra v\u00e4\u00e4rtus 73 dB tagavad vaikse s\u00f5iduelamuse, samas kui XL (Extra Load) disain ja FSL (Flat Service Line) tehnoloogia tagavad lisatugiv\u00f5ime. 3PMSF ja M+S s\u00fcmbolid t\u00f5endavad, et Pirelli Scorpion Winter vastab talviste ilmastikuolude n\u00f5uetele. Valige Pirelli ja nautige talve igal s\u00f5idureisil!<\/p>","protected":false},"excerpt":{"rendered":"<p>Tutvustame Pirelli Scorpion Winter rehvi &#8211; ideaalne valik talviseks s\u00f5iduks. Mudel 295\/40R21 on loodud pakkuma suurep\u00e4rast haarduvust ja stabiilsust, et tagada ohutus igasugustes talvistes oludes. Rehvi laius 295 mm ning asendi suhe 40% tagavad ideaalse tasakaalu man\u00f6\u00f6verdusv\u00f5imes ja s\u00f5idumugavuses. Pirelli Scorpion Winter juhib t\u00e4helepanu oma kergelt madalale k\u00fctusekasutuse reitingule (C), mis aitab s\u00e4\u00e4sta k\u00fctust ja [&hellip;]<\/p>\n","protected":false},"featured_media":124123,"template":"","meta":{"site-sidebar-layout":"default","site-content-layout":"","ast-site-content-layout":"","site-content-style":"default","site-sidebar-style":"default","ast-global-header-display":"","ast-banner-title-visibility":"","ast-main-header-display":"","ast-hfb-above-header-display":"","ast-hfb-below-header-display":"","ast-hfb-mobile-header-display":"","site-post-title":"","ast-breadcrumbs-content":"","ast-featured-img":"","footer-sml-layout":"","theme-transparent-header-meta":"","adv-header-id-meta":"","stick-header-meta":"","header-above-stick-meta":"","header-main-stick-meta":"","header-below-stick-meta":"","astra-migrate-meta-layouts":"default","ast-page-background-enabled":"default","ast-page-background-meta":{"desktop":{"background-color":"","background-image":"","background-repeat":"repeat","background-position":"center center","background-size":"auto","background-attachment":"scroll","background-type":"","background-media":"","overlay-type":"","overlay-color":"","overlay-opacity":"","overlay-gradient":""},"tablet":{"background-color":"","background-image":"","background-repeat":"repeat","background-position":"center center","background-size":"auto","background-attachment":"scroll","background-type":"","background-media":"","overlay-type":"","overlay-color":"","overlay-opacity":"","overlay-gradient":""},"mobile":{"background-color":"","background-image":"","background-repeat":"repeat","background-position":"center center","background-size":"auto","background-attachment":"scroll","background-type":"","background-media":"","overlay-type":"","overlay-color":"","overlay-opacity":"","overlay-gradient":""}},"ast-content-background-meta":{"desktop":{"background-color":"var(--ast-global-color-5)","background-image":"","background-repeat":"repeat","background-position":"center center","background-size":"auto","background-attachment":"scroll","background-type":"","background-media":"","overlay-type":"","overlay-color":"","overlay-opacity":"","overlay-gradient":""},"tablet":{"background-color":"var(--ast-global-color-5)","background-image":"","background-repeat":"repeat","background-position":"center center","background-size":"auto","background-attachment":"scroll","background-type":"","background-media":"","overlay-type":"","overlay-color":"","overlay-opacity":"","overlay-gradient":""},"mobile":{"background-color":"var(--ast-global-color-5)","background-image":"","background-repeat":"repeat","background-position":"center center","background-size":"auto","background-attachment":"scroll","background-type":"","background-media":"","overlay-type":"","overlay-color":"","overlay-opacity":"","overlay-gradient":""}}},"product_brand":[],"product_cat":[30111],"product_tag":[],"pa_brand_name":[17329],"class_list":{"0":"post-105120","1":"product","2":"type-product","3":"status-publish","4":"has-post-thumbnail","6":"product_cat-winter-tires-friction-2","7":"pa_brand_name-pirelli","8":"desktop-align-left","9":"tablet-align-left","10":"mobile-align-left","12":"first","13":"outofstock","14":"taxable","15":"shipping-taxable","16":"purchasable","17":"product-type-simple"},"_links":{"self":[{"href":"https:\/\/shop.rettum.ee\/en\/wp-json\/wp\/v2\/product\/105120","targetHints":{"allow":["GET"]}}],"collection":[{"href":"https:\/\/shop.rettum.ee\/en\/wp-json\/wp\/v2\/product"}],"about":[{"href":"https:\/\/shop.rettum.ee\/en\/wp-json\/wp\/v2\/types\/product"}],"version-history":[{"count":0,"href":"https:\/\/shop.rettum.ee\/en\/wp-json\/wp\/v2\/product\/105120\/revisions"}],"wp:featuredmedia":[{"embeddable":true,"href":"https:\/\/shop.rettum.ee\/en\/wp-json\/wp\/v2\/media\/124123"}],"wp:attachment":[{"href":"https:\/\/shop.rettum.ee\/en\/wp-json\/wp\/v2\/media?parent=105120"}],"wp:term":[{"taxonomy":"product_brand","embeddable":true,"href":"https:\/\/shop.rettum.ee\/en\/wp-json\/wp\/v2\/product_brand?post=105120"},{"taxonomy":"product_cat","embeddable":true,"href":"https:\/\/shop.rettum.ee\/en\/wp-json\/wp\/v2\/product_cat?post=105120"},{"taxonomy":"product_tag","embeddable":true,"href":"https:\/\/shop.rettum.ee\/en\/wp-json\/wp\/v2\/product_tag?post=105120"},{"taxonomy":"pa_brand_name","embeddable":true,"href":"https:\/\/shop.rettum.ee\/en\/wp-json\/wp\/v2\/pa_brand_name?post=105120"}],"curies":[{"name":"wp","href":"https:\/\/api.w.org\/{rel}","templated":true}]}}