{"id":105123,"date":"2025-01-07T18:40:32","date_gmt":"2025-01-07T16:40:32","guid":{"rendered":"https:\/\/shop.rettum.ee\/toode\/235-40r19-pirelli-p-zero-nero-gt-96y-xl-fsl-dot21-cbb72\/"},"modified":"2026-03-22T03:03:50","modified_gmt":"2026-03-22T01:03:50","slug":"235-40r19-pirelli-p-zero-nero-gt-96y-xl-fsl-dot21-cbb72","status":"publish","type":"product","link":"https:\/\/shop.rettum.ee\/en\/product\/235-40r19-pirelli-p-zero-nero-gt-96y-xl-fsl-dot21-cbb72\/","title":{"rendered":"235\/40R19 PIRELLI P ZERO NERO GT 96Y XL FSL DOT21 CBB72"},"content":{"rendered":"<p>Tootenimi: 235\/40R19 PIRELLI P ZERO NERO GT 96Y XL FSL DOT21 CBB72<\/p>\n<p>Avastage Pirelli P Zero Nero GT \u2013 t\u00f5eline tipptase sportlike lamellrehvide seas! Selle rehviga olete valmis igasugusteks teekondadeks, olgu need siis linnat\u00e4navad v\u00f5i maanteed. T\u00e4nu 235 mm laiale ja 19-tollisele diameetrile pakub see rehv suurep\u00e4rast stabiilsust ja man\u00f6\u00f6verdusv\u00f5imet, tagades sujuva s\u00f5iduelamuse.<\/p>\n<p>P Zero Nero GT eristub 40% aspekti suhtega, mis tagab tasakaalu kurvide l\u00e4bimisel ja sirgjoonelisel s\u00f5idul. Samuti on selle k\u00fctuseefektiivsuse klass C, mis aitab s\u00e4\u00e4sta k\u00fctust ja v\u00e4hendada CO2 heitkoguseid. M\u00fcra klass B ja 72dB m\u00fcra v\u00e4\u00e4rtus tagavad vaikse ja mugava s\u00f5idu.<\/p>\n<p>Lisaks sellele sobib rehv 96. koormusindeksi ja Y kiirusindeksiga, mis t\u00e4hendab, et teie auto suudab saavutada kuni 300 km\/h kiirusel turvalise ja usaldusv\u00e4\u00e4rse toime. Valige Pirelli P Zero Nero GT, et t\u00f5sta oma s\u00f5idukogemus uuele tasemele!<\/p>","protected":false},"excerpt":{"rendered":"<p>Tootenimi: 235\/40R19 PIRELLI P ZERO NERO GT 96Y XL FSL DOT21 CBB72 Avastage Pirelli P Zero Nero GT \u2013 t\u00f5eline tipptase sportlike lamellrehvide seas! Selle rehviga olete valmis igasugusteks teekondadeks, olgu need siis linnat\u00e4navad v\u00f5i maanteed. T\u00e4nu 235 mm laiale ja 19-tollisele diameetrile pakub see rehv suurep\u00e4rast stabiilsust ja man\u00f6\u00f6verdusv\u00f5imet, tagades sujuva s\u00f5iduelamuse. P Zero [&hellip;]<\/p>\n","protected":false},"featured_media":124134,"template":"","meta":{"site-sidebar-layout":"default","site-content-layout":"","ast-site-content-layout":"","site-content-style":"default","site-sidebar-style":"default","ast-global-header-display":"","ast-banner-title-visibility":"","ast-main-header-display":"","ast-hfb-above-header-display":"","ast-hfb-below-header-display":"","ast-hfb-mobile-header-display":"","site-post-title":"","ast-breadcrumbs-content":"","ast-featured-img":"","footer-sml-layout":"","theme-transparent-header-meta":"","adv-header-id-meta":"","stick-header-meta":"","header-above-stick-meta":"","header-main-stick-meta":"","header-below-stick-meta":"","astra-migrate-meta-layouts":"default","ast-page-background-enabled":"default","ast-page-background-meta":{"desktop":{"background-color":"","background-image":"","background-repeat":"repeat","background-position":"center center","background-size":"auto","background-attachment":"scroll","background-type":"","background-media":"","overlay-type":"","overlay-color":"","overlay-opacity":"","overlay-gradient":""},"tablet":{"background-color":"","background-image":"","background-repeat":"repeat","background-position":"center center","background-size":"auto","background-attachment":"scroll","background-type":"","background-media":"","overlay-type":"","overlay-color":"","overlay-opacity":"","overlay-gradient":""},"mobile":{"background-color":"","background-image":"","background-repeat":"repeat","background-position":"center center","background-size":"auto","background-attachment":"scroll","background-type":"","background-media":"","overlay-type":"","overlay-color":"","overlay-opacity":"","overlay-gradient":""}},"ast-content-background-meta":{"desktop":{"background-color":"var(--ast-global-color-5)","background-image":"","background-repeat":"repeat","background-position":"center center","background-size":"auto","background-attachment":"scroll","background-type":"","background-media":"","overlay-type":"","overlay-color":"","overlay-opacity":"","overlay-gradient":""},"tablet":{"background-color":"var(--ast-global-color-5)","background-image":"","background-repeat":"repeat","background-position":"center center","background-size":"auto","background-attachment":"scroll","background-type":"","background-media":"","overlay-type":"","overlay-color":"","overlay-opacity":"","overlay-gradient":""},"mobile":{"background-color":"var(--ast-global-color-5)","background-image":"","background-repeat":"repeat","background-position":"center center","background-size":"auto","background-attachment":"scroll","background-type":"","background-media":"","overlay-type":"","overlay-color":"","overlay-opacity":"","overlay-gradient":""}}},"product_brand":[],"product_cat":[30108],"product_tag":[],"pa_brand_name":[17329],"class_list":{"0":"post-105123","1":"product","2":"type-product","3":"status-publish","4":"has-post-thumbnail","6":"product_cat-summer-tires-pv-2","7":"pa_brand_name-pirelli","8":"desktop-align-left","9":"tablet-align-left","10":"mobile-align-left","12":"first","13":"outofstock","14":"taxable","15":"shipping-taxable","16":"purchasable","17":"product-type-simple"},"_links":{"self":[{"href":"https:\/\/shop.rettum.ee\/en\/wp-json\/wp\/v2\/product\/105123","targetHints":{"allow":["GET"]}}],"collection":[{"href":"https:\/\/shop.rettum.ee\/en\/wp-json\/wp\/v2\/product"}],"about":[{"href":"https:\/\/shop.rettum.ee\/en\/wp-json\/wp\/v2\/types\/product"}],"version-history":[{"count":0,"href":"https:\/\/shop.rettum.ee\/en\/wp-json\/wp\/v2\/product\/105123\/revisions"}],"wp:featuredmedia":[{"embeddable":true,"href":"https:\/\/shop.rettum.ee\/en\/wp-json\/wp\/v2\/media\/124134"}],"wp:attachment":[{"href":"https:\/\/shop.rettum.ee\/en\/wp-json\/wp\/v2\/media?parent=105123"}],"wp:term":[{"taxonomy":"product_brand","embeddable":true,"href":"https:\/\/shop.rettum.ee\/en\/wp-json\/wp\/v2\/product_brand?post=105123"},{"taxonomy":"product_cat","embeddable":true,"href":"https:\/\/shop.rettum.ee\/en\/wp-json\/wp\/v2\/product_cat?post=105123"},{"taxonomy":"product_tag","embeddable":true,"href":"https:\/\/shop.rettum.ee\/en\/wp-json\/wp\/v2\/product_tag?post=105123"},{"taxonomy":"pa_brand_name","embeddable":true,"href":"https:\/\/shop.rettum.ee\/en\/wp-json\/wp\/v2\/pa_brand_name?post=105123"}],"curies":[{"name":"wp","href":"https:\/\/api.w.org\/{rel}","templated":true}]}}