{"id":105128,"date":"2025-01-07T18:40:44","date_gmt":"2025-01-07T16:40:44","guid":{"rendered":"https:\/\/shop.rettum.ee\/toode\/275-40r20-pirelli-scorpion-zero-asimmetrico-106y-xl-dot21\/"},"modified":"2025-07-30T02:54:07","modified_gmt":"2025-07-29T23:54:07","slug":"275-40r20-pirelli-scorpion-zero-asimmetrico-106y-xl-dot21","status":"publish","type":"product","link":"https:\/\/shop.rettum.ee\/en\/product\/275-40r20-pirelli-scorpion-zero-asimmetrico-106y-xl-dot21\/","title":{"rendered":"275\/40R20 PIRELLI SCORPION ZERO ASIMMETRICO 106Y XL DOT21"},"content":{"rendered":"<p>Tutvustame Pirelli Scorpion Zero Asimmetrico 275\/40R20 rehvi &#8211; ideaalne valik autoomanikele, kes otsivad tipptasemel sooritust ja usaldusv\u00e4\u00e4rsust. Selle rehvi as\u00fcmmeetriline muster tagab suurep\u00e4rase haarduvuse nii kuivadel kui ka m\u00e4rgadel teedel, pakkudes kindlustunnet igas s\u00f5idutingimuses. <\/p>\n<p>Rehvi laius on 275 mm ning k\u00fclgvormi suhe 40, mis tagab stabiilse s\u00f5idukogemuse ja usaldusv\u00e4\u00e4rse juhitavuse. Suure l\u00e4bim\u00f5\u00f5duga 20 tolli ja koormusindeksiga 106 on see rehvi ideaalne valik suuremate ja v\u00f5imsamate s\u00f5idukite jaoks. <\/p>\n<p>Pirelli Scorpion Zero Asimmetrico on varustatud Y-kiirusindeksiga, v\u00f5imaldades ohutut s\u00f5itu kiiretel kiirusel. Rehvi kaal on 15,02 kg, mist\u00f5ttu see on piisavalt tugev, et taluda ka k\u00f5ige intensiivsemaid s\u00f5idutingimusi. <\/p>\n<p>Valides Pirelli, investeerite kvaliteeti ja usaldusv\u00e4\u00e4rsusse, mis viib teid igas suunas mugavalt ja ohutult. \u00c4rge j\u00e4\u00e4ge rahule v\u00e4hemaga, kui Pirelli Scorpion Zero Asimmetrico!<\/p>","protected":false},"excerpt":{"rendered":"<p>Tutvustame Pirelli Scorpion Zero Asimmetrico 275\/40R20 rehvi &#8211; ideaalne valik autoomanikele, kes otsivad tipptasemel sooritust ja usaldusv\u00e4\u00e4rsust. Selle rehvi as\u00fcmmeetriline muster tagab suurep\u00e4rase haarduvuse nii kuivadel kui ka m\u00e4rgadel teedel, pakkudes kindlustunnet igas s\u00f5idutingimuses. Rehvi laius on 275 mm ning k\u00fclgvormi suhe 40, mis tagab stabiilse s\u00f5idukogemuse ja usaldusv\u00e4\u00e4rse juhitavuse. Suure l\u00e4bim\u00f5\u00f5duga 20 tolli ja [&hellip;]<\/p>\n","protected":false},"featured_media":124505,"template":"","meta":{"site-sidebar-layout":"default","site-content-layout":"","ast-site-content-layout":"","site-content-style":"default","site-sidebar-style":"default","ast-global-header-display":"","ast-banner-title-visibility":"","ast-main-header-display":"","ast-hfb-above-header-display":"","ast-hfb-below-header-display":"","ast-hfb-mobile-header-display":"","site-post-title":"","ast-breadcrumbs-content":"","ast-featured-img":"","footer-sml-layout":"","theme-transparent-header-meta":"","adv-header-id-meta":"","stick-header-meta":"","header-above-stick-meta":"","header-main-stick-meta":"","header-below-stick-meta":"","astra-migrate-meta-layouts":"default","ast-page-background-enabled":"default","ast-page-background-meta":{"desktop":{"background-color":"","background-image":"","background-repeat":"repeat","background-position":"center center","background-size":"auto","background-attachment":"scroll","background-type":"","background-media":"","overlay-type":"","overlay-color":"","overlay-opacity":"","overlay-gradient":""},"tablet":{"background-color":"","background-image":"","background-repeat":"repeat","background-position":"center center","background-size":"auto","background-attachment":"scroll","background-type":"","background-media":"","overlay-type":"","overlay-color":"","overlay-opacity":"","overlay-gradient":""},"mobile":{"background-color":"","background-image":"","background-repeat":"repeat","background-position":"center center","background-size":"auto","background-attachment":"scroll","background-type":"","background-media":"","overlay-type":"","overlay-color":"","overlay-opacity":"","overlay-gradient":""}},"ast-content-background-meta":{"desktop":{"background-color":"var(--ast-global-color-5)","background-image":"","background-repeat":"repeat","background-position":"center center","background-size":"auto","background-attachment":"scroll","background-type":"","background-media":"","overlay-type":"","overlay-color":"","overlay-opacity":"","overlay-gradient":""},"tablet":{"background-color":"var(--ast-global-color-5)","background-image":"","background-repeat":"repeat","background-position":"center center","background-size":"auto","background-attachment":"scroll","background-type":"","background-media":"","overlay-type":"","overlay-color":"","overlay-opacity":"","overlay-gradient":""},"mobile":{"background-color":"var(--ast-global-color-5)","background-image":"","background-repeat":"repeat","background-position":"center center","background-size":"auto","background-attachment":"scroll","background-type":"","background-media":"","overlay-type":"","overlay-color":"","overlay-opacity":"","overlay-gradient":""}}},"product_brand":[],"product_cat":[30108],"product_tag":[],"pa_brand_name":[17329],"class_list":{"0":"post-105128","1":"product","2":"type-product","3":"status-publish","4":"has-post-thumbnail","6":"product_cat-summer-tires-pv-2","7":"pa_brand_name-pirelli","8":"desktop-align-left","9":"tablet-align-left","10":"mobile-align-left","12":"first","13":"outofstock","14":"taxable","15":"shipping-taxable","16":"purchasable","17":"product-type-simple"},"_links":{"self":[{"href":"https:\/\/shop.rettum.ee\/en\/wp-json\/wp\/v2\/product\/105128","targetHints":{"allow":["GET"]}}],"collection":[{"href":"https:\/\/shop.rettum.ee\/en\/wp-json\/wp\/v2\/product"}],"about":[{"href":"https:\/\/shop.rettum.ee\/en\/wp-json\/wp\/v2\/types\/product"}],"version-history":[{"count":0,"href":"https:\/\/shop.rettum.ee\/en\/wp-json\/wp\/v2\/product\/105128\/revisions"}],"wp:featuredmedia":[{"embeddable":true,"href":"https:\/\/shop.rettum.ee\/en\/wp-json\/wp\/v2\/media\/124505"}],"wp:attachment":[{"href":"https:\/\/shop.rettum.ee\/en\/wp-json\/wp\/v2\/media?parent=105128"}],"wp:term":[{"taxonomy":"product_brand","embeddable":true,"href":"https:\/\/shop.rettum.ee\/en\/wp-json\/wp\/v2\/product_brand?post=105128"},{"taxonomy":"product_cat","embeddable":true,"href":"https:\/\/shop.rettum.ee\/en\/wp-json\/wp\/v2\/product_cat?post=105128"},{"taxonomy":"product_tag","embeddable":true,"href":"https:\/\/shop.rettum.ee\/en\/wp-json\/wp\/v2\/product_tag?post=105128"},{"taxonomy":"pa_brand_name","embeddable":true,"href":"https:\/\/shop.rettum.ee\/en\/wp-json\/wp\/v2\/pa_brand_name?post=105128"}],"curies":[{"name":"wp","href":"https:\/\/api.w.org\/{rel}","templated":true}]}}