{"id":105130,"date":"2025-01-07T18:40:50","date_gmt":"2025-01-07T16:40:50","guid":{"rendered":"https:\/\/shop.rettum.ee\/toode\/215-40r17-pirelli-p-zero-nero-gt-87w-xl-dot21\/"},"modified":"2026-03-22T03:03:50","modified_gmt":"2026-03-22T01:03:50","slug":"215-40r17-pirelli-p-zero-nero-gt-87w-xl-dot21","status":"publish","type":"product","link":"https:\/\/shop.rettum.ee\/en\/product\/215-40r17-pirelli-p-zero-nero-gt-87w-xl-dot21\/","title":{"rendered":"215\/40R17 PIRELLI P ZERO NERO GT 87W XL DOT21"},"content":{"rendered":"<p>Tutvustame PIRELLI P ZERO NERO GT 215\/40R17 rehvi \u2013 ideaalset valikut sportlikele ja v\u00f5imsatele s\u00f5idukitele. Selle rehvi laius on 215 mm ning diameeter 17 tolli, mis tagab suurep\u00e4rase stabiilsuse ja t\u00e4psuse igasugustes s\u00f5idutingimustes. Pirelli tuntud kvaliteet ja innovatiivne tehnoloogia k\u00e4tkevad endas parimat j\u00f5udlust ja ohutust.<\/p>\n<p>Rehv on varustatud XL (Extra Load) omadustega, mis annab sellele suurenenud koormusv\u00f5ime, sobides ideaalselt intensiivseks ja d\u00fcnaamiliseks s\u00f5iduks. Speed index W lubab s\u00f5idukiirusel kuni 271 km\/h, mis tagab d\u00fcnaamilise ja sportliku s\u00f5idukogemuse.<\/p>\n<p>P Zero Nero GT rehvid pakuvad suurep\u00e4rast haarduvust kuivades ja niisketes oludes, samas v\u00e4hendades eraldatud m\u00fcra, mis muundab teie s\u00f5idu mugavaks ja nauditavaks. <\/p>\n<p>Valige PIRELLI P ZERO NERO GT ja kogege, kuidas iga s\u00f5idukeeramine muutub erakordseks. Tootmisest alsatev DOT21 tagab, et saate kvaliteedi, mis on ajakohane ja usaldusv\u00e4\u00e4rne. Investeerige oma s\u00f5iduki tulevikku ja nautige igat teekonda!<\/p>","protected":false},"excerpt":{"rendered":"<p>Tutvustame PIRELLI P ZERO NERO GT 215\/40R17 rehvi \u2013 ideaalset valikut sportlikele ja v\u00f5imsatele s\u00f5idukitele. Selle rehvi laius on 215 mm ning diameeter 17 tolli, mis tagab suurep\u00e4rase stabiilsuse ja t\u00e4psuse igasugustes s\u00f5idutingimustes. Pirelli tuntud kvaliteet ja innovatiivne tehnoloogia k\u00e4tkevad endas parimat j\u00f5udlust ja ohutust. Rehv on varustatud XL (Extra Load) omadustega, mis annab sellele [&hellip;]<\/p>\n","protected":false},"featured_media":124134,"template":"","meta":{"site-sidebar-layout":"default","site-content-layout":"","ast-site-content-layout":"","site-content-style":"default","site-sidebar-style":"default","ast-global-header-display":"","ast-banner-title-visibility":"","ast-main-header-display":"","ast-hfb-above-header-display":"","ast-hfb-below-header-display":"","ast-hfb-mobile-header-display":"","site-post-title":"","ast-breadcrumbs-content":"","ast-featured-img":"","footer-sml-layout":"","theme-transparent-header-meta":"","adv-header-id-meta":"","stick-header-meta":"","header-above-stick-meta":"","header-main-stick-meta":"","header-below-stick-meta":"","astra-migrate-meta-layouts":"default","ast-page-background-enabled":"default","ast-page-background-meta":{"desktop":{"background-color":"","background-image":"","background-repeat":"repeat","background-position":"center center","background-size":"auto","background-attachment":"scroll","background-type":"","background-media":"","overlay-type":"","overlay-color":"","overlay-opacity":"","overlay-gradient":""},"tablet":{"background-color":"","background-image":"","background-repeat":"repeat","background-position":"center center","background-size":"auto","background-attachment":"scroll","background-type":"","background-media":"","overlay-type":"","overlay-color":"","overlay-opacity":"","overlay-gradient":""},"mobile":{"background-color":"","background-image":"","background-repeat":"repeat","background-position":"center center","background-size":"auto","background-attachment":"scroll","background-type":"","background-media":"","overlay-type":"","overlay-color":"","overlay-opacity":"","overlay-gradient":""}},"ast-content-background-meta":{"desktop":{"background-color":"var(--ast-global-color-5)","background-image":"","background-repeat":"repeat","background-position":"center center","background-size":"auto","background-attachment":"scroll","background-type":"","background-media":"","overlay-type":"","overlay-color":"","overlay-opacity":"","overlay-gradient":""},"tablet":{"background-color":"var(--ast-global-color-5)","background-image":"","background-repeat":"repeat","background-position":"center center","background-size":"auto","background-attachment":"scroll","background-type":"","background-media":"","overlay-type":"","overlay-color":"","overlay-opacity":"","overlay-gradient":""},"mobile":{"background-color":"var(--ast-global-color-5)","background-image":"","background-repeat":"repeat","background-position":"center center","background-size":"auto","background-attachment":"scroll","background-type":"","background-media":"","overlay-type":"","overlay-color":"","overlay-opacity":"","overlay-gradient":""}}},"product_brand":[],"product_cat":[30108],"product_tag":[],"pa_brand_name":[17329],"class_list":{"0":"post-105130","1":"product","2":"type-product","3":"status-publish","4":"has-post-thumbnail","6":"product_cat-summer-tires-pv-2","7":"pa_brand_name-pirelli","8":"desktop-align-left","9":"tablet-align-left","10":"mobile-align-left","12":"first","13":"outofstock","14":"taxable","15":"shipping-taxable","16":"purchasable","17":"product-type-simple"},"_links":{"self":[{"href":"https:\/\/shop.rettum.ee\/en\/wp-json\/wp\/v2\/product\/105130","targetHints":{"allow":["GET"]}}],"collection":[{"href":"https:\/\/shop.rettum.ee\/en\/wp-json\/wp\/v2\/product"}],"about":[{"href":"https:\/\/shop.rettum.ee\/en\/wp-json\/wp\/v2\/types\/product"}],"version-history":[{"count":0,"href":"https:\/\/shop.rettum.ee\/en\/wp-json\/wp\/v2\/product\/105130\/revisions"}],"wp:featuredmedia":[{"embeddable":true,"href":"https:\/\/shop.rettum.ee\/en\/wp-json\/wp\/v2\/media\/124134"}],"wp:attachment":[{"href":"https:\/\/shop.rettum.ee\/en\/wp-json\/wp\/v2\/media?parent=105130"}],"wp:term":[{"taxonomy":"product_brand","embeddable":true,"href":"https:\/\/shop.rettum.ee\/en\/wp-json\/wp\/v2\/product_brand?post=105130"},{"taxonomy":"product_cat","embeddable":true,"href":"https:\/\/shop.rettum.ee\/en\/wp-json\/wp\/v2\/product_cat?post=105130"},{"taxonomy":"product_tag","embeddable":true,"href":"https:\/\/shop.rettum.ee\/en\/wp-json\/wp\/v2\/product_tag?post=105130"},{"taxonomy":"pa_brand_name","embeddable":true,"href":"https:\/\/shop.rettum.ee\/en\/wp-json\/wp\/v2\/pa_brand_name?post=105130"}],"curies":[{"name":"wp","href":"https:\/\/api.w.org\/{rel}","templated":true}]}}