{"id":105136,"date":"2025-01-07T18:41:04","date_gmt":"2025-01-07T16:41:04","guid":{"rendered":"https:\/\/shop.rettum.ee\/toode\/185-60r14-diamond-back-dr777-82t-studless-ddb70-3pmsf-ms\/"},"modified":"2026-03-28T02:50:39","modified_gmt":"2026-03-28T00:50:39","slug":"185-60r14-diamond-back-dr777-82t-studless-ddb70-3pmsf-ms","status":"publish","type":"product","link":"https:\/\/shop.rettum.ee\/en\/product\/185-60r14-diamond-back-dr777-82t-studless-ddb70-3pmsf-ms\/","title":{"rendered":"185\/60R14 DIAMOND BACK DR777 82T Studless DDB70 3PMSF M+S"},"content":{"rendered":"<p>**Tootenimi: 185\/60R14 DIAMOND BACK DR777 82T Studless DDB70 3PMSF M+S**<\/p>\n<p>Avasta talvine s\u00f5itmise kogemus, mida pakub DIAMOND BACK DR777 rehvid! M\u00f5eldud talviste olude jaoks, \u00fchendab see rehv suurep\u00e4rased omadused, mis tagavad ohutu ja mugava s\u00f5iduelamuse. <\/p>\n<p>Rehvi m\u00f5\u00f5t 185\/60R14 tagab ideaalse tasakaalu, samas kui 82. koormusindeks toob v\u00e4lja selle tugevuse ka raskemate koormate all. Suurep\u00e4rane k\u00fctuseefektiivsus, klass D, aitab v\u00e4hendada k\u00fctusekulutusi, samal ajal kui m\u00fcraklass B (70 dB) tagab vaikse s\u00f5idu helitaseme. <\/p>\n<p>Talve tingimustes toimetamiseks, on DR777 t\u00fc\u00fcpi rehv varustatud 3PMSF ja M+S m\u00e4rgistustega, mis t\u00e4histavad parimat haardumist lumel ja mudas. Radiaalne disain ja 14-tollise l\u00e4bim\u00f5\u00f5duga rehv pakub p\u00fcsivust ja man\u00f6\u00f6verdusv\u00f5imet. <\/p>\n<p>Valige DIAMOND BACK DR777 rehvid, et nautida sujuvat ja ohutut s\u00f5itu igas talves!<\/p>","protected":false},"excerpt":{"rendered":"<p>**Tootenimi: 185\/60R14 DIAMOND BACK DR777 82T Studless DDB70 3PMSF M+S** Avasta talvine s\u00f5itmise kogemus, mida pakub DIAMOND BACK DR777 rehvid! M\u00f5eldud talviste olude jaoks, \u00fchendab see rehv suurep\u00e4rased omadused, mis tagavad ohutu ja mugava s\u00f5iduelamuse. Rehvi m\u00f5\u00f5t 185\/60R14 tagab ideaalse tasakaalu, samas kui 82. koormusindeks toob v\u00e4lja selle tugevuse ka raskemate koormate all. Suurep\u00e4rane k\u00fctuseefektiivsus, [&hellip;]<\/p>\n","protected":false},"featured_media":124794,"template":"","meta":{"site-sidebar-layout":"default","site-content-layout":"","ast-site-content-layout":"","site-content-style":"default","site-sidebar-style":"default","ast-global-header-display":"","ast-banner-title-visibility":"","ast-main-header-display":"","ast-hfb-above-header-display":"","ast-hfb-below-header-display":"","ast-hfb-mobile-header-display":"","site-post-title":"","ast-breadcrumbs-content":"","ast-featured-img":"","footer-sml-layout":"","theme-transparent-header-meta":"","adv-header-id-meta":"","stick-header-meta":"","header-above-stick-meta":"","header-main-stick-meta":"","header-below-stick-meta":"","astra-migrate-meta-layouts":"default","ast-page-background-enabled":"default","ast-page-background-meta":{"desktop":{"background-color":"","background-image":"","background-repeat":"repeat","background-position":"center center","background-size":"auto","background-attachment":"scroll","background-type":"","background-media":"","overlay-type":"","overlay-color":"","overlay-opacity":"","overlay-gradient":""},"tablet":{"background-color":"","background-image":"","background-repeat":"repeat","background-position":"center center","background-size":"auto","background-attachment":"scroll","background-type":"","background-media":"","overlay-type":"","overlay-color":"","overlay-opacity":"","overlay-gradient":""},"mobile":{"background-color":"","background-image":"","background-repeat":"repeat","background-position":"center center","background-size":"auto","background-attachment":"scroll","background-type":"","background-media":"","overlay-type":"","overlay-color":"","overlay-opacity":"","overlay-gradient":""}},"ast-content-background-meta":{"desktop":{"background-color":"var(--ast-global-color-5)","background-image":"","background-repeat":"repeat","background-position":"center center","background-size":"auto","background-attachment":"scroll","background-type":"","background-media":"","overlay-type":"","overlay-color":"","overlay-opacity":"","overlay-gradient":""},"tablet":{"background-color":"var(--ast-global-color-5)","background-image":"","background-repeat":"repeat","background-position":"center center","background-size":"auto","background-attachment":"scroll","background-type":"","background-media":"","overlay-type":"","overlay-color":"","overlay-opacity":"","overlay-gradient":""},"mobile":{"background-color":"var(--ast-global-color-5)","background-image":"","background-repeat":"repeat","background-position":"center center","background-size":"auto","background-attachment":"scroll","background-type":"","background-media":"","overlay-type":"","overlay-color":"","overlay-opacity":"","overlay-gradient":""}}},"product_brand":[],"product_cat":[30111],"product_tag":[],"pa_brand_name":[34282],"class_list":{"0":"post-105136","1":"product","2":"type-product","3":"status-publish","4":"has-post-thumbnail","6":"product_cat-winter-tires-friction-2","7":"pa_brand_name-diamond-back","8":"desktop-align-left","9":"tablet-align-left","10":"mobile-align-left","12":"first","13":"instock","14":"taxable","15":"shipping-taxable","16":"purchasable","17":"product-type-simple"},"_links":{"self":[{"href":"https:\/\/shop.rettum.ee\/en\/wp-json\/wp\/v2\/product\/105136","targetHints":{"allow":["GET"]}}],"collection":[{"href":"https:\/\/shop.rettum.ee\/en\/wp-json\/wp\/v2\/product"}],"about":[{"href":"https:\/\/shop.rettum.ee\/en\/wp-json\/wp\/v2\/types\/product"}],"version-history":[{"count":0,"href":"https:\/\/shop.rettum.ee\/en\/wp-json\/wp\/v2\/product\/105136\/revisions"}],"wp:featuredmedia":[{"embeddable":true,"href":"https:\/\/shop.rettum.ee\/en\/wp-json\/wp\/v2\/media\/124794"}],"wp:attachment":[{"href":"https:\/\/shop.rettum.ee\/en\/wp-json\/wp\/v2\/media?parent=105136"}],"wp:term":[{"taxonomy":"product_brand","embeddable":true,"href":"https:\/\/shop.rettum.ee\/en\/wp-json\/wp\/v2\/product_brand?post=105136"},{"taxonomy":"product_cat","embeddable":true,"href":"https:\/\/shop.rettum.ee\/en\/wp-json\/wp\/v2\/product_cat?post=105136"},{"taxonomy":"product_tag","embeddable":true,"href":"https:\/\/shop.rettum.ee\/en\/wp-json\/wp\/v2\/product_tag?post=105136"},{"taxonomy":"pa_brand_name","embeddable":true,"href":"https:\/\/shop.rettum.ee\/en\/wp-json\/wp\/v2\/pa_brand_name?post=105136"}],"curies":[{"name":"wp","href":"https:\/\/api.w.org\/{rel}","templated":true}]}}