{"id":105137,"date":"2025-01-07T18:41:06","date_gmt":"2025-01-07T16:41:06","guid":{"rendered":"https:\/\/shop.rettum.ee\/toode\/195-55r15-diamond-back-dr777-85h-studless-ddb71-3pmsf-ms\/"},"modified":"2026-03-22T03:12:43","modified_gmt":"2026-03-22T01:12:43","slug":"195-55r15-diamond-back-dr777-85h-studless-ddb71-3pmsf-ms","status":"publish","type":"product","link":"https:\/\/shop.rettum.ee\/en\/product\/195-55r15-diamond-back-dr777-85h-studless-ddb71-3pmsf-ms\/","title":{"rendered":"195\/55R15 DIAMOND BACK DR777 85H Studless DDB71 3PMSF M+S"},"content":{"rendered":"<p>**Toote nimetus: 195\/55R15 DIAMOND BACK DR777 85H Studless DDB71 3PMSF M+S**<\/p>\n<p>T\u00f5stke oma s\u00f5idukite sooritusv\u00f5imet talvetingimustes uue DIAMOND BACK DR777 rehvi abil. Selle 195\/55R15 suurus pakub optimaalselt tasakaalu juhitavuse ja mugavuse vahel. Rehvi aspektoon on 55, mis tagab stabiilsuse ja hoolikalt kavandatud mustriga parandab haarduvust libeda pinnasega.<\/p>\n<p>DIAMOND BACK DR777 saavutab k\u00fctusekasutuse klassis D, aidates teil s\u00e4\u00e4sta k\u00fctust isegi k\u00f5ige k\u00fclmematel kuudel. Rehvi koormusindeks on 85, mis v\u00f5imaldab vedada kuni 515 kg kaalu, ka pidurdusj\u00f5ud on usaldusv\u00e4\u00e4rne igas olukorras.<\/p>\n<p>M\u00fcra klass B ja m\u00fcratase 71 dB tagavad rahuliku s\u00f5iduelamuse, samas kui H kiirusindeks (kuni 210 km\/h) pakub kiirete reiside jaoks vajalikke omadusi. Lisaks sellele on rehvi valmistamisel kasutatud radiaalt\u00f6\u00f6tlust, mis t\u00e4hendab pikemat kasutusiga ja paremat juhitavust.<\/p>\n<p>Valige DIAMOND BACK DR777 ja nautige \u00fcletamatut s\u00f5idukogemust talvel!<\/p>","protected":false},"excerpt":{"rendered":"<p>**Toote nimetus: 195\/55R15 DIAMOND BACK DR777 85H Studless DDB71 3PMSF M+S** T\u00f5stke oma s\u00f5idukite sooritusv\u00f5imet talvetingimustes uue DIAMOND BACK DR777 rehvi abil. Selle 195\/55R15 suurus pakub optimaalselt tasakaalu juhitavuse ja mugavuse vahel. Rehvi aspektoon on 55, mis tagab stabiilsuse ja hoolikalt kavandatud mustriga parandab haarduvust libeda pinnasega. DIAMOND BACK DR777 saavutab k\u00fctusekasutuse klassis D, aidates [&hellip;]<\/p>\n","protected":false},"featured_media":124794,"template":"","meta":{"site-sidebar-layout":"default","site-content-layout":"","ast-site-content-layout":"","site-content-style":"default","site-sidebar-style":"default","ast-global-header-display":"","ast-banner-title-visibility":"","ast-main-header-display":"","ast-hfb-above-header-display":"","ast-hfb-below-header-display":"","ast-hfb-mobile-header-display":"","site-post-title":"","ast-breadcrumbs-content":"","ast-featured-img":"","footer-sml-layout":"","theme-transparent-header-meta":"","adv-header-id-meta":"","stick-header-meta":"","header-above-stick-meta":"","header-main-stick-meta":"","header-below-stick-meta":"","astra-migrate-meta-layouts":"default","ast-page-background-enabled":"default","ast-page-background-meta":{"desktop":{"background-color":"","background-image":"","background-repeat":"repeat","background-position":"center center","background-size":"auto","background-attachment":"scroll","background-type":"","background-media":"","overlay-type":"","overlay-color":"","overlay-opacity":"","overlay-gradient":""},"tablet":{"background-color":"","background-image":"","background-repeat":"repeat","background-position":"center center","background-size":"auto","background-attachment":"scroll","background-type":"","background-media":"","overlay-type":"","overlay-color":"","overlay-opacity":"","overlay-gradient":""},"mobile":{"background-color":"","background-image":"","background-repeat":"repeat","background-position":"center center","background-size":"auto","background-attachment":"scroll","background-type":"","background-media":"","overlay-type":"","overlay-color":"","overlay-opacity":"","overlay-gradient":""}},"ast-content-background-meta":{"desktop":{"background-color":"var(--ast-global-color-5)","background-image":"","background-repeat":"repeat","background-position":"center center","background-size":"auto","background-attachment":"scroll","background-type":"","background-media":"","overlay-type":"","overlay-color":"","overlay-opacity":"","overlay-gradient":""},"tablet":{"background-color":"var(--ast-global-color-5)","background-image":"","background-repeat":"repeat","background-position":"center center","background-size":"auto","background-attachment":"scroll","background-type":"","background-media":"","overlay-type":"","overlay-color":"","overlay-opacity":"","overlay-gradient":""},"mobile":{"background-color":"var(--ast-global-color-5)","background-image":"","background-repeat":"repeat","background-position":"center center","background-size":"auto","background-attachment":"scroll","background-type":"","background-media":"","overlay-type":"","overlay-color":"","overlay-opacity":"","overlay-gradient":""}}},"product_brand":[],"product_cat":[30111],"product_tag":[],"pa_brand_name":[34282],"class_list":{"0":"post-105137","1":"product","2":"type-product","3":"status-publish","4":"has-post-thumbnail","6":"product_cat-winter-tires-friction-2","7":"pa_brand_name-diamond-back","8":"desktop-align-left","9":"tablet-align-left","10":"mobile-align-left","12":"first","13":"outofstock","14":"taxable","15":"shipping-taxable","16":"purchasable","17":"product-type-simple"},"_links":{"self":[{"href":"https:\/\/shop.rettum.ee\/en\/wp-json\/wp\/v2\/product\/105137","targetHints":{"allow":["GET"]}}],"collection":[{"href":"https:\/\/shop.rettum.ee\/en\/wp-json\/wp\/v2\/product"}],"about":[{"href":"https:\/\/shop.rettum.ee\/en\/wp-json\/wp\/v2\/types\/product"}],"version-history":[{"count":0,"href":"https:\/\/shop.rettum.ee\/en\/wp-json\/wp\/v2\/product\/105137\/revisions"}],"wp:featuredmedia":[{"embeddable":true,"href":"https:\/\/shop.rettum.ee\/en\/wp-json\/wp\/v2\/media\/124794"}],"wp:attachment":[{"href":"https:\/\/shop.rettum.ee\/en\/wp-json\/wp\/v2\/media?parent=105137"}],"wp:term":[{"taxonomy":"product_brand","embeddable":true,"href":"https:\/\/shop.rettum.ee\/en\/wp-json\/wp\/v2\/product_brand?post=105137"},{"taxonomy":"product_cat","embeddable":true,"href":"https:\/\/shop.rettum.ee\/en\/wp-json\/wp\/v2\/product_cat?post=105137"},{"taxonomy":"product_tag","embeddable":true,"href":"https:\/\/shop.rettum.ee\/en\/wp-json\/wp\/v2\/product_tag?post=105137"},{"taxonomy":"pa_brand_name","embeddable":true,"href":"https:\/\/shop.rettum.ee\/en\/wp-json\/wp\/v2\/pa_brand_name?post=105137"}],"curies":[{"name":"wp","href":"https:\/\/api.w.org\/{rel}","templated":true}]}}