{"id":105138,"date":"2025-01-07T18:41:08","date_gmt":"2025-01-07T16:41:08","guid":{"rendered":"https:\/\/shop.rettum.ee\/toode\/215-60r17-diamond-back-dr777-96h-studless-ddb71-3pmsf-ms\/"},"modified":"2026-03-28T02:50:39","modified_gmt":"2026-03-28T00:50:39","slug":"215-60r17-diamond-back-dr777-96h-studless-ddb71-3pmsf-ms","status":"publish","type":"product","link":"https:\/\/shop.rettum.ee\/en\/product\/215-60r17-diamond-back-dr777-96h-studless-ddb71-3pmsf-ms\/","title":{"rendered":"215\/60R17 DIAMOND BACK DR777 96H Studless DDB71 3PMSF M+S"},"content":{"rendered":"<p>Tutvustame 215\/60R17 DIAMOND BACK DR777 96H studless rehvi \u2013 ideaalne valik, mis tagab suurep\u00e4rase s\u00f5idukogemuse igasugustes ilmastikutingimustes. T\u00e4nu oma 60% aspektisuhe ja 215 mm laiusele, pakub see rehv erakordset stabiilsust ja juhtimisomadusi.<\/p>\n<p>DIAMOND BACK DR777 rehvi omadused on loodud mugavuse ja ohutuse tagamiseks. 3PMSF ja M+S m\u00e4rgistus n\u00e4itab selle sobivust talviste tingimuste jaoks, samas kui 96-kohaline koormusindeks lubab kanda raskemaid koormusi. Rehvi k\u00fctusekasutuse t\u00f5husus on hinne D, mis aitab s\u00e4\u00e4sta k\u00fctust ja v\u00e4hendada keskkonnaalast jalaj\u00e4lge.<\/p>\n<p>Mugavust parandab ka madal m\u00fcraklass B ja m\u00fcra v\u00e4\u00e4rtus 71 dB, mis teeb igap\u00e4evasest s\u00f5idust meeldiva ja rahuliku. Radiaalne disain ja kaal 11.54 kg lisavad soovitud kindlustunde ja vastupidavuse. <\/p>\n<p>Valige DIAMOND BACK DR777 ja nautige turvalisemat ning mugavamat s\u00f5itu igal ajal!<\/p>","protected":false},"excerpt":{"rendered":"<p>Tutvustame 215\/60R17 DIAMOND BACK DR777 96H studless rehvi \u2013 ideaalne valik, mis tagab suurep\u00e4rase s\u00f5idukogemuse igasugustes ilmastikutingimustes. T\u00e4nu oma 60% aspektisuhe ja 215 mm laiusele, pakub see rehv erakordset stabiilsust ja juhtimisomadusi. DIAMOND BACK DR777 rehvi omadused on loodud mugavuse ja ohutuse tagamiseks. 3PMSF ja M+S m\u00e4rgistus n\u00e4itab selle sobivust talviste tingimuste jaoks, samas kui [&hellip;]<\/p>\n","protected":false},"featured_media":124794,"template":"","meta":{"site-sidebar-layout":"default","site-content-layout":"","ast-site-content-layout":"","site-content-style":"default","site-sidebar-style":"default","ast-global-header-display":"","ast-banner-title-visibility":"","ast-main-header-display":"","ast-hfb-above-header-display":"","ast-hfb-below-header-display":"","ast-hfb-mobile-header-display":"","site-post-title":"","ast-breadcrumbs-content":"","ast-featured-img":"","footer-sml-layout":"","theme-transparent-header-meta":"","adv-header-id-meta":"","stick-header-meta":"","header-above-stick-meta":"","header-main-stick-meta":"","header-below-stick-meta":"","astra-migrate-meta-layouts":"default","ast-page-background-enabled":"default","ast-page-background-meta":{"desktop":{"background-color":"","background-image":"","background-repeat":"repeat","background-position":"center center","background-size":"auto","background-attachment":"scroll","background-type":"","background-media":"","overlay-type":"","overlay-color":"","overlay-opacity":"","overlay-gradient":""},"tablet":{"background-color":"","background-image":"","background-repeat":"repeat","background-position":"center center","background-size":"auto","background-attachment":"scroll","background-type":"","background-media":"","overlay-type":"","overlay-color":"","overlay-opacity":"","overlay-gradient":""},"mobile":{"background-color":"","background-image":"","background-repeat":"repeat","background-position":"center center","background-size":"auto","background-attachment":"scroll","background-type":"","background-media":"","overlay-type":"","overlay-color":"","overlay-opacity":"","overlay-gradient":""}},"ast-content-background-meta":{"desktop":{"background-color":"var(--ast-global-color-5)","background-image":"","background-repeat":"repeat","background-position":"center center","background-size":"auto","background-attachment":"scroll","background-type":"","background-media":"","overlay-type":"","overlay-color":"","overlay-opacity":"","overlay-gradient":""},"tablet":{"background-color":"var(--ast-global-color-5)","background-image":"","background-repeat":"repeat","background-position":"center center","background-size":"auto","background-attachment":"scroll","background-type":"","background-media":"","overlay-type":"","overlay-color":"","overlay-opacity":"","overlay-gradient":""},"mobile":{"background-color":"var(--ast-global-color-5)","background-image":"","background-repeat":"repeat","background-position":"center center","background-size":"auto","background-attachment":"scroll","background-type":"","background-media":"","overlay-type":"","overlay-color":"","overlay-opacity":"","overlay-gradient":""}}},"product_brand":[],"product_cat":[30111],"product_tag":[],"pa_brand_name":[34282],"class_list":{"0":"post-105138","1":"product","2":"type-product","3":"status-publish","4":"has-post-thumbnail","6":"product_cat-winter-tires-friction-2","7":"pa_brand_name-diamond-back","8":"desktop-align-left","9":"tablet-align-left","10":"mobile-align-left","12":"first","13":"instock","14":"taxable","15":"shipping-taxable","16":"purchasable","17":"product-type-simple"},"_links":{"self":[{"href":"https:\/\/shop.rettum.ee\/en\/wp-json\/wp\/v2\/product\/105138","targetHints":{"allow":["GET"]}}],"collection":[{"href":"https:\/\/shop.rettum.ee\/en\/wp-json\/wp\/v2\/product"}],"about":[{"href":"https:\/\/shop.rettum.ee\/en\/wp-json\/wp\/v2\/types\/product"}],"version-history":[{"count":0,"href":"https:\/\/shop.rettum.ee\/en\/wp-json\/wp\/v2\/product\/105138\/revisions"}],"wp:featuredmedia":[{"embeddable":true,"href":"https:\/\/shop.rettum.ee\/en\/wp-json\/wp\/v2\/media\/124794"}],"wp:attachment":[{"href":"https:\/\/shop.rettum.ee\/en\/wp-json\/wp\/v2\/media?parent=105138"}],"wp:term":[{"taxonomy":"product_brand","embeddable":true,"href":"https:\/\/shop.rettum.ee\/en\/wp-json\/wp\/v2\/product_brand?post=105138"},{"taxonomy":"product_cat","embeddable":true,"href":"https:\/\/shop.rettum.ee\/en\/wp-json\/wp\/v2\/product_cat?post=105138"},{"taxonomy":"product_tag","embeddable":true,"href":"https:\/\/shop.rettum.ee\/en\/wp-json\/wp\/v2\/product_tag?post=105138"},{"taxonomy":"pa_brand_name","embeddable":true,"href":"https:\/\/shop.rettum.ee\/en\/wp-json\/wp\/v2\/pa_brand_name?post=105138"}],"curies":[{"name":"wp","href":"https:\/\/api.w.org\/{rel}","templated":true}]}}