{"id":105141,"date":"2025-01-07T18:41:17","date_gmt":"2025-01-07T16:41:17","guid":{"rendered":"https:\/\/shop.rettum.ee\/toode\/195-60r16c-diamond-back-dw701-ll01-99-97h-studless-edb73-3pmsf-ms\/"},"modified":"2026-03-28T02:50:40","modified_gmt":"2026-03-28T00:50:40","slug":"195-60r16c-diamond-back-dw701-ll01-99-97h-studless-edb73-3pmsf-ms","status":"publish","type":"product","link":"https:\/\/shop.rettum.ee\/en\/product\/195-60r16c-diamond-back-dw701-ll01-99-97h-studless-edb73-3pmsf-ms\/","title":{"rendered":"195\/60R16C DIAMOND BACK DW701 (LL01) 99\/97H Studless EDB73 3PMSF M+S"},"content":{"rendered":"<p>Tutvustame DIAMOND BACK DW701 (LL01) 195\/60R16C, ideaalset talverehvi, mis tagab ohutu ja mugava s\u00f5idu ka k\u00f5ige \u00e4\u00e4rmuslikemates ilmastikuoludes. Selle rehvi aspekti suhe on 60, mis koos v\u00e4ikese k\u00fctusekasutuse ja madala m\u00fcraklassiga B, muudab selle suurep\u00e4raseks valikuks igap\u00e4evaseks kasutamiseks.<\/p>\n<p>DIAMOND BACK DW701 sobib suurep\u00e4raselt talvisteks tingimusteks, olles varustatud 3PMSF ja M+S m\u00e4rgistustega, mis kinnitavad selle heade lumet\u00f5uke omaduste ja mudaste teede meelerahu. Rehvi laadimisindeks on 99\/97, mis t\u00e4hendab, et see suudab taluda suuri koormusi, samas kui kiirusindeks H v\u00f5imaldab s\u00f5ita kiirusel kuni 210 km\/h. <\/p>\n<p>Rehvi diameeter on 16 tolli ja laius 195 mm, tegemist on radiaalrehviga, mille kaal on 10.67 kg. DIAMOND BACK DW701 pakub usaldusv\u00e4\u00e4rsust ja tunnet, et olete valmis k\u00f5igiks v\u00e4ljakutseteks. Investeerige oma s\u00f5iduturvalisusesse ja valige DIAMOND BACK DW701 t\u00e4na!<\/p>","protected":false},"excerpt":{"rendered":"<p>Tutvustame DIAMOND BACK DW701 (LL01) 195\/60R16C, ideaalset talverehvi, mis tagab ohutu ja mugava s\u00f5idu ka k\u00f5ige \u00e4\u00e4rmuslikemates ilmastikuoludes. Selle rehvi aspekti suhe on 60, mis koos v\u00e4ikese k\u00fctusekasutuse ja madala m\u00fcraklassiga B, muudab selle suurep\u00e4raseks valikuks igap\u00e4evaseks kasutamiseks. DIAMOND BACK DW701 sobib suurep\u00e4raselt talvisteks tingimusteks, olles varustatud 3PMSF ja M+S m\u00e4rgistustega, mis kinnitavad selle heade [&hellip;]<\/p>\n","protected":false},"featured_media":124912,"template":"","meta":{"site-sidebar-layout":"default","site-content-layout":"","ast-site-content-layout":"","site-content-style":"default","site-sidebar-style":"default","ast-global-header-display":"","ast-banner-title-visibility":"","ast-main-header-display":"","ast-hfb-above-header-display":"","ast-hfb-below-header-display":"","ast-hfb-mobile-header-display":"","site-post-title":"","ast-breadcrumbs-content":"","ast-featured-img":"","footer-sml-layout":"","theme-transparent-header-meta":"","adv-header-id-meta":"","stick-header-meta":"","header-above-stick-meta":"","header-main-stick-meta":"","header-below-stick-meta":"","astra-migrate-meta-layouts":"default","ast-page-background-enabled":"default","ast-page-background-meta":{"desktop":{"background-color":"","background-image":"","background-repeat":"repeat","background-position":"center center","background-size":"auto","background-attachment":"scroll","background-type":"","background-media":"","overlay-type":"","overlay-color":"","overlay-opacity":"","overlay-gradient":""},"tablet":{"background-color":"","background-image":"","background-repeat":"repeat","background-position":"center center","background-size":"auto","background-attachment":"scroll","background-type":"","background-media":"","overlay-type":"","overlay-color":"","overlay-opacity":"","overlay-gradient":""},"mobile":{"background-color":"","background-image":"","background-repeat":"repeat","background-position":"center center","background-size":"auto","background-attachment":"scroll","background-type":"","background-media":"","overlay-type":"","overlay-color":"","overlay-opacity":"","overlay-gradient":""}},"ast-content-background-meta":{"desktop":{"background-color":"var(--ast-global-color-5)","background-image":"","background-repeat":"repeat","background-position":"center center","background-size":"auto","background-attachment":"scroll","background-type":"","background-media":"","overlay-type":"","overlay-color":"","overlay-opacity":"","overlay-gradient":""},"tablet":{"background-color":"var(--ast-global-color-5)","background-image":"","background-repeat":"repeat","background-position":"center center","background-size":"auto","background-attachment":"scroll","background-type":"","background-media":"","overlay-type":"","overlay-color":"","overlay-opacity":"","overlay-gradient":""},"mobile":{"background-color":"var(--ast-global-color-5)","background-image":"","background-repeat":"repeat","background-position":"center center","background-size":"auto","background-attachment":"scroll","background-type":"","background-media":"","overlay-type":"","overlay-color":"","overlay-opacity":"","overlay-gradient":""}}},"product_brand":[],"product_cat":[30110],"product_tag":[],"pa_brand_name":[34282],"class_list":{"0":"post-105141","1":"product","2":"type-product","3":"status-publish","4":"has-post-thumbnail","6":"product_cat-winter-light-truck-friction-2","7":"pa_brand_name-diamond-back","8":"desktop-align-left","9":"tablet-align-left","10":"mobile-align-left","12":"first","13":"instock","14":"taxable","15":"shipping-taxable","16":"purchasable","17":"product-type-simple"},"_links":{"self":[{"href":"https:\/\/shop.rettum.ee\/en\/wp-json\/wp\/v2\/product\/105141","targetHints":{"allow":["GET"]}}],"collection":[{"href":"https:\/\/shop.rettum.ee\/en\/wp-json\/wp\/v2\/product"}],"about":[{"href":"https:\/\/shop.rettum.ee\/en\/wp-json\/wp\/v2\/types\/product"}],"version-history":[{"count":0,"href":"https:\/\/shop.rettum.ee\/en\/wp-json\/wp\/v2\/product\/105141\/revisions"}],"wp:featuredmedia":[{"embeddable":true,"href":"https:\/\/shop.rettum.ee\/en\/wp-json\/wp\/v2\/media\/124912"}],"wp:attachment":[{"href":"https:\/\/shop.rettum.ee\/en\/wp-json\/wp\/v2\/media?parent=105141"}],"wp:term":[{"taxonomy":"product_brand","embeddable":true,"href":"https:\/\/shop.rettum.ee\/en\/wp-json\/wp\/v2\/product_brand?post=105141"},{"taxonomy":"product_cat","embeddable":true,"href":"https:\/\/shop.rettum.ee\/en\/wp-json\/wp\/v2\/product_cat?post=105141"},{"taxonomy":"product_tag","embeddable":true,"href":"https:\/\/shop.rettum.ee\/en\/wp-json\/wp\/v2\/product_tag?post=105141"},{"taxonomy":"pa_brand_name","embeddable":true,"href":"https:\/\/shop.rettum.ee\/en\/wp-json\/wp\/v2\/pa_brand_name?post=105141"}],"curies":[{"name":"wp","href":"https:\/\/api.w.org\/{rel}","templated":true}]}}