{"id":105142,"date":"2025-01-07T18:41:20","date_gmt":"2025-01-07T16:41:20","guid":{"rendered":"https:\/\/shop.rettum.ee\/toode\/195-65r16c-diamond-back-dw701-ll01-104-102t-studless-edb73-3pmsf-ms\/"},"modified":"2026-03-28T02:50:40","modified_gmt":"2026-03-28T00:50:40","slug":"195-65r16c-diamond-back-dw701-ll01-104-102t-studless-edb73-3pmsf-ms","status":"publish","type":"product","link":"https:\/\/shop.rettum.ee\/en\/product\/195-65r16c-diamond-back-dw701-ll01-104-102t-studless-edb73-3pmsf-ms\/","title":{"rendered":"195\/65R16C DIAMOND BACK DW701 (LL01) 104\/102T Studless EDB73 3PMSF M+S"},"content":{"rendered":"<p>Tootenimi: 195\/65R16C DIAMOND BACK DW701 (LL01) 104\/102T Studless EDB73 3PMSF M+S<\/p>\n<p>Tutvustame DIAMOND BACK DW701, ideaalne valik teie s\u00f5iduki talvisteks seiklusteks. T\u00e4pselt toodetud m\u00f5\u00f5tudega 195\/65R16C, tagab see rehvi suurep\u00e4rase haarduvuse ja stabiilsuse erinevates teeoludes. Aspekti suhe 65 ja laius 195 mm pakuvad mugavat s\u00f5idukogemust, samas kui 3PMSF ja M+S m\u00e4rgised kinnitavad rehvi usaldusv\u00e4\u00e4rsust talviste tingimuste korral.<\/p>\n<p>DW701 on loodud k\u00fctuseefektiivsuse parandamiseks, olles saanud E-energia klassi, mis t\u00e4hendab, et v\u00f5ite s\u00f5ita mugavalt, s\u00e4\u00e4stes samal ajal k\u00fctust. Rehvi laadimisindeks 104\/102 \u00fctleb, et see suudab taluda m\u00e4rkimisv\u00e4\u00e4rset kaalu, tehes selle ideaalse valiku kaubalastsile.<\/p>\n<p>Mugavuse nimel on rehvi m\u00fcraklass B ning m\u00fcrataseme v\u00e4\u00e4rtus 73 dB, tagades rahu s\u00f5idul. Bak, DIAMOND kaubam\u00e4rk on tuntud oma kvaliteedi ja usaldusv\u00e4\u00e4rsuse poolest, mist\u00f5ttu valige DIAMOND BACK DW701 ja nautige turvalist ja sujuvat s\u00f5itu, olgu aastaaeg milline tahes!<\/p>","protected":false},"excerpt":{"rendered":"<p>Tootenimi: 195\/65R16C DIAMOND BACK DW701 (LL01) 104\/102T Studless EDB73 3PMSF M+S Tutvustame DIAMOND BACK DW701, ideaalne valik teie s\u00f5iduki talvisteks seiklusteks. T\u00e4pselt toodetud m\u00f5\u00f5tudega 195\/65R16C, tagab see rehvi suurep\u00e4rase haarduvuse ja stabiilsuse erinevates teeoludes. Aspekti suhe 65 ja laius 195 mm pakuvad mugavat s\u00f5idukogemust, samas kui 3PMSF ja M+S m\u00e4rgised kinnitavad rehvi usaldusv\u00e4\u00e4rsust talviste tingimuste [&hellip;]<\/p>\n","protected":false},"featured_media":124912,"template":"","meta":{"site-sidebar-layout":"default","site-content-layout":"","ast-site-content-layout":"","site-content-style":"default","site-sidebar-style":"default","ast-global-header-display":"","ast-banner-title-visibility":"","ast-main-header-display":"","ast-hfb-above-header-display":"","ast-hfb-below-header-display":"","ast-hfb-mobile-header-display":"","site-post-title":"","ast-breadcrumbs-content":"","ast-featured-img":"","footer-sml-layout":"","theme-transparent-header-meta":"","adv-header-id-meta":"","stick-header-meta":"","header-above-stick-meta":"","header-main-stick-meta":"","header-below-stick-meta":"","astra-migrate-meta-layouts":"default","ast-page-background-enabled":"default","ast-page-background-meta":{"desktop":{"background-color":"","background-image":"","background-repeat":"repeat","background-position":"center center","background-size":"auto","background-attachment":"scroll","background-type":"","background-media":"","overlay-type":"","overlay-color":"","overlay-opacity":"","overlay-gradient":""},"tablet":{"background-color":"","background-image":"","background-repeat":"repeat","background-position":"center center","background-size":"auto","background-attachment":"scroll","background-type":"","background-media":"","overlay-type":"","overlay-color":"","overlay-opacity":"","overlay-gradient":""},"mobile":{"background-color":"","background-image":"","background-repeat":"repeat","background-position":"center center","background-size":"auto","background-attachment":"scroll","background-type":"","background-media":"","overlay-type":"","overlay-color":"","overlay-opacity":"","overlay-gradient":""}},"ast-content-background-meta":{"desktop":{"background-color":"var(--ast-global-color-5)","background-image":"","background-repeat":"repeat","background-position":"center center","background-size":"auto","background-attachment":"scroll","background-type":"","background-media":"","overlay-type":"","overlay-color":"","overlay-opacity":"","overlay-gradient":""},"tablet":{"background-color":"var(--ast-global-color-5)","background-image":"","background-repeat":"repeat","background-position":"center center","background-size":"auto","background-attachment":"scroll","background-type":"","background-media":"","overlay-type":"","overlay-color":"","overlay-opacity":"","overlay-gradient":""},"mobile":{"background-color":"var(--ast-global-color-5)","background-image":"","background-repeat":"repeat","background-position":"center center","background-size":"auto","background-attachment":"scroll","background-type":"","background-media":"","overlay-type":"","overlay-color":"","overlay-opacity":"","overlay-gradient":""}}},"product_brand":[],"product_cat":[30110],"product_tag":[],"pa_brand_name":[34282],"class_list":{"0":"post-105142","1":"product","2":"type-product","3":"status-publish","4":"has-post-thumbnail","6":"product_cat-winter-light-truck-friction-2","7":"pa_brand_name-diamond-back","8":"desktop-align-left","9":"tablet-align-left","10":"mobile-align-left","12":"first","13":"instock","14":"taxable","15":"shipping-taxable","16":"purchasable","17":"product-type-simple"},"_links":{"self":[{"href":"https:\/\/shop.rettum.ee\/en\/wp-json\/wp\/v2\/product\/105142","targetHints":{"allow":["GET"]}}],"collection":[{"href":"https:\/\/shop.rettum.ee\/en\/wp-json\/wp\/v2\/product"}],"about":[{"href":"https:\/\/shop.rettum.ee\/en\/wp-json\/wp\/v2\/types\/product"}],"version-history":[{"count":0,"href":"https:\/\/shop.rettum.ee\/en\/wp-json\/wp\/v2\/product\/105142\/revisions"}],"wp:featuredmedia":[{"embeddable":true,"href":"https:\/\/shop.rettum.ee\/en\/wp-json\/wp\/v2\/media\/124912"}],"wp:attachment":[{"href":"https:\/\/shop.rettum.ee\/en\/wp-json\/wp\/v2\/media?parent=105142"}],"wp:term":[{"taxonomy":"product_brand","embeddable":true,"href":"https:\/\/shop.rettum.ee\/en\/wp-json\/wp\/v2\/product_brand?post=105142"},{"taxonomy":"product_cat","embeddable":true,"href":"https:\/\/shop.rettum.ee\/en\/wp-json\/wp\/v2\/product_cat?post=105142"},{"taxonomy":"product_tag","embeddable":true,"href":"https:\/\/shop.rettum.ee\/en\/wp-json\/wp\/v2\/product_tag?post=105142"},{"taxonomy":"pa_brand_name","embeddable":true,"href":"https:\/\/shop.rettum.ee\/en\/wp-json\/wp\/v2\/pa_brand_name?post=105142"}],"curies":[{"name":"wp","href":"https:\/\/api.w.org\/{rel}","templated":true}]}}