{"id":105143,"date":"2025-01-07T18:41:23","date_gmt":"2025-01-07T16:41:23","guid":{"rendered":"https:\/\/shop.rettum.ee\/toode\/215-75r16c-diamond-back-dw701-ll01-113-111q-studless-edb73-3pmsf-ms\/"},"modified":"2026-03-28T02:50:41","modified_gmt":"2026-03-28T00:50:41","slug":"215-75r16c-diamond-back-dw701-ll01-113-111q-studless-edb73-3pmsf-ms","status":"publish","type":"product","link":"https:\/\/shop.rettum.ee\/en\/product\/215-75r16c-diamond-back-dw701-ll01-113-111q-studless-edb73-3pmsf-ms\/","title":{"rendered":"215\/75R16C DIAMOND BACK DW701 (LL01) 113\/111Q Studless EDB73 3PMSF M+S"},"content":{"rendered":"<p>Avastage kvaliteetne 215\/75R16C DIAMOND BACK DW701 (LL01) 113\/111Q rehvid, mis on loodud pakkuma suurep\u00e4raseid s\u00f5iduelamusi igasugustes ilmastikuoludes. Need rehvid on varustatud 3PMSF ja M+S t\u00e4histega, mis t\u00e4hendab, et need sobivad ideaalselt talvetingimustes ning pakuvad kindlat haaret lumel ja j\u00e4\u00e4sil. <\/p>\n<p>Rehvi laius on 215 mm ja k\u00fclgproportsioon 75, mis tagab suurep\u00e4rase stabiilsuse ja mugavuse s\u00f5idu ajal. L\u00e4bim\u00f5\u00f5t 16 tolli ja kandeindeks 113\/111 tagavad, et need rehvid suudavad koormust t\u00f5husalt taluda. <\/p>\n<p>\u00d5hutusklass B ja m\u00fcratase 73 dB lubavad nautida vaiksemat ja sujuvamat s\u00f5itu. E k\u00fctusekasutuse efektiivsus aitab s\u00e4\u00e4sta raha ja hoolitseda keskkonna eest. DIAMOND BACK DW701 rehvid on ideaalne valik, kui otsite t\u00f6\u00f6kindlat ja usaldusv\u00e4\u00e4rset rehvi, mis tagab teile muretult s\u00f5idu aasta ringi. Investeerige oma s\u00f5iduohutusse ja valige DIAMOND BACK!<\/p>","protected":false},"excerpt":{"rendered":"<p>Avastage kvaliteetne 215\/75R16C DIAMOND BACK DW701 (LL01) 113\/111Q rehvid, mis on loodud pakkuma suurep\u00e4raseid s\u00f5iduelamusi igasugustes ilmastikuoludes. Need rehvid on varustatud 3PMSF ja M+S t\u00e4histega, mis t\u00e4hendab, et need sobivad ideaalselt talvetingimustes ning pakuvad kindlat haaret lumel ja j\u00e4\u00e4sil. Rehvi laius on 215 mm ja k\u00fclgproportsioon 75, mis tagab suurep\u00e4rase stabiilsuse ja mugavuse s\u00f5idu ajal. [&hellip;]<\/p>\n","protected":false},"featured_media":124912,"template":"","meta":{"site-sidebar-layout":"default","site-content-layout":"","ast-site-content-layout":"","site-content-style":"default","site-sidebar-style":"default","ast-global-header-display":"","ast-banner-title-visibility":"","ast-main-header-display":"","ast-hfb-above-header-display":"","ast-hfb-below-header-display":"","ast-hfb-mobile-header-display":"","site-post-title":"","ast-breadcrumbs-content":"","ast-featured-img":"","footer-sml-layout":"","theme-transparent-header-meta":"","adv-header-id-meta":"","stick-header-meta":"","header-above-stick-meta":"","header-main-stick-meta":"","header-below-stick-meta":"","astra-migrate-meta-layouts":"default","ast-page-background-enabled":"default","ast-page-background-meta":{"desktop":{"background-color":"","background-image":"","background-repeat":"repeat","background-position":"center center","background-size":"auto","background-attachment":"scroll","background-type":"","background-media":"","overlay-type":"","overlay-color":"","overlay-opacity":"","overlay-gradient":""},"tablet":{"background-color":"","background-image":"","background-repeat":"repeat","background-position":"center center","background-size":"auto","background-attachment":"scroll","background-type":"","background-media":"","overlay-type":"","overlay-color":"","overlay-opacity":"","overlay-gradient":""},"mobile":{"background-color":"","background-image":"","background-repeat":"repeat","background-position":"center center","background-size":"auto","background-attachment":"scroll","background-type":"","background-media":"","overlay-type":"","overlay-color":"","overlay-opacity":"","overlay-gradient":""}},"ast-content-background-meta":{"desktop":{"background-color":"var(--ast-global-color-5)","background-image":"","background-repeat":"repeat","background-position":"center center","background-size":"auto","background-attachment":"scroll","background-type":"","background-media":"","overlay-type":"","overlay-color":"","overlay-opacity":"","overlay-gradient":""},"tablet":{"background-color":"var(--ast-global-color-5)","background-image":"","background-repeat":"repeat","background-position":"center center","background-size":"auto","background-attachment":"scroll","background-type":"","background-media":"","overlay-type":"","overlay-color":"","overlay-opacity":"","overlay-gradient":""},"mobile":{"background-color":"var(--ast-global-color-5)","background-image":"","background-repeat":"repeat","background-position":"center center","background-size":"auto","background-attachment":"scroll","background-type":"","background-media":"","overlay-type":"","overlay-color":"","overlay-opacity":"","overlay-gradient":""}}},"product_brand":[],"product_cat":[30110],"product_tag":[],"pa_brand_name":[34282],"class_list":{"0":"post-105143","1":"product","2":"type-product","3":"status-publish","4":"has-post-thumbnail","6":"product_cat-winter-light-truck-friction-2","7":"pa_brand_name-diamond-back","8":"desktop-align-left","9":"tablet-align-left","10":"mobile-align-left","12":"first","13":"instock","14":"taxable","15":"shipping-taxable","16":"purchasable","17":"product-type-simple"},"_links":{"self":[{"href":"https:\/\/shop.rettum.ee\/en\/wp-json\/wp\/v2\/product\/105143","targetHints":{"allow":["GET"]}}],"collection":[{"href":"https:\/\/shop.rettum.ee\/en\/wp-json\/wp\/v2\/product"}],"about":[{"href":"https:\/\/shop.rettum.ee\/en\/wp-json\/wp\/v2\/types\/product"}],"version-history":[{"count":0,"href":"https:\/\/shop.rettum.ee\/en\/wp-json\/wp\/v2\/product\/105143\/revisions"}],"wp:featuredmedia":[{"embeddable":true,"href":"https:\/\/shop.rettum.ee\/en\/wp-json\/wp\/v2\/media\/124912"}],"wp:attachment":[{"href":"https:\/\/shop.rettum.ee\/en\/wp-json\/wp\/v2\/media?parent=105143"}],"wp:term":[{"taxonomy":"product_brand","embeddable":true,"href":"https:\/\/shop.rettum.ee\/en\/wp-json\/wp\/v2\/product_brand?post=105143"},{"taxonomy":"product_cat","embeddable":true,"href":"https:\/\/shop.rettum.ee\/en\/wp-json\/wp\/v2\/product_cat?post=105143"},{"taxonomy":"product_tag","embeddable":true,"href":"https:\/\/shop.rettum.ee\/en\/wp-json\/wp\/v2\/product_tag?post=105143"},{"taxonomy":"pa_brand_name","embeddable":true,"href":"https:\/\/shop.rettum.ee\/en\/wp-json\/wp\/v2\/pa_brand_name?post=105143"}],"curies":[{"name":"wp","href":"https:\/\/api.w.org\/{rel}","templated":true}]}}