{"id":105145,"date":"2025-01-07T18:41:26","date_gmt":"2025-01-07T16:41:26","guid":{"rendered":"https:\/\/shop.rettum.ee\/toode\/235-65r16c-diamond-back-dw701-ll01-115-113r-studless-edb71-3pmsf-ms\/"},"modified":"2026-02-12T02:45:30","modified_gmt":"2026-02-12T00:45:30","slug":"235-65r16c-diamond-back-dw701-ll01-115-113r-studless-edb71-3pmsf-ms","status":"publish","type":"product","link":"https:\/\/shop.rettum.ee\/en\/product\/235-65r16c-diamond-back-dw701-ll01-115-113r-studless-edb71-3pmsf-ms\/","title":{"rendered":"235\/65R16C DIAMOND BACK DW701 (LL01) 115\/113R Studless EDB71 3PMSF M+S"},"content":{"rendered":"<p>Tutvuge 235\/65R16C DIAMOND BACK DW701 (LL01) 115\/113R Studless rehvidega! Need rehvid on loodud nii talvisteks kui ka iga-aastasteks ilmaoludeks, pakuvad suurep\u00e4rast pidamist ning mugavust igasugustes tingimustes. <\/p>\n<p>Rehvi aspektisuhe 65 tagab stabiilse haarde ja juhitavuse, samas kui 235 mm laiuse ja 16 tollise diameetriga disain muudab need sobivaks paljudele kaubikud ja linnamaasturid. E-kategooria k\u00fctusekasutuse efektiivsus aitab teil s\u00e4\u00e4sta k\u00fctust, samas kui m\u00fcraklass B ja m\u00fcratase 71 dB tagavad vaikse ja mugava s\u00f5idu.<\/p>\n<p>Erinevalt tavarehvidest, sobivad DIAMOND BACK DW701 rehvid ideaalselt talviseks kasutamiseks, olles varustatud 3PMSF ja M+S sertifikaatidega. Need rehvid on vastupidavad ja kohalduvad igasugustele maanteedele, tagades ohutu ja usaldusv\u00e4\u00e4rse s\u00f5idu igas olukorras. Valige DIAMOND BACK DW701, et nautida igasuguseid ilmasid muretu s\u00f5iduga!<\/p>","protected":false},"excerpt":{"rendered":"<p>Tutvuge 235\/65R16C DIAMOND BACK DW701 (LL01) 115\/113R Studless rehvidega! Need rehvid on loodud nii talvisteks kui ka iga-aastasteks ilmaoludeks, pakuvad suurep\u00e4rast pidamist ning mugavust igasugustes tingimustes. Rehvi aspektisuhe 65 tagab stabiilse haarde ja juhitavuse, samas kui 235 mm laiuse ja 16 tollise diameetriga disain muudab need sobivaks paljudele kaubikud ja linnamaasturid. E-kategooria k\u00fctusekasutuse efektiivsus aitab [&hellip;]<\/p>\n","protected":false},"featured_media":124912,"template":"","meta":{"site-sidebar-layout":"default","site-content-layout":"","ast-site-content-layout":"","site-content-style":"default","site-sidebar-style":"default","ast-global-header-display":"","ast-banner-title-visibility":"","ast-main-header-display":"","ast-hfb-above-header-display":"","ast-hfb-below-header-display":"","ast-hfb-mobile-header-display":"","site-post-title":"","ast-breadcrumbs-content":"","ast-featured-img":"","footer-sml-layout":"","theme-transparent-header-meta":"","adv-header-id-meta":"","stick-header-meta":"","header-above-stick-meta":"","header-main-stick-meta":"","header-below-stick-meta":"","astra-migrate-meta-layouts":"default","ast-page-background-enabled":"default","ast-page-background-meta":{"desktop":{"background-color":"","background-image":"","background-repeat":"repeat","background-position":"center center","background-size":"auto","background-attachment":"scroll","background-type":"","background-media":"","overlay-type":"","overlay-color":"","overlay-opacity":"","overlay-gradient":""},"tablet":{"background-color":"","background-image":"","background-repeat":"repeat","background-position":"center center","background-size":"auto","background-attachment":"scroll","background-type":"","background-media":"","overlay-type":"","overlay-color":"","overlay-opacity":"","overlay-gradient":""},"mobile":{"background-color":"","background-image":"","background-repeat":"repeat","background-position":"center center","background-size":"auto","background-attachment":"scroll","background-type":"","background-media":"","overlay-type":"","overlay-color":"","overlay-opacity":"","overlay-gradient":""}},"ast-content-background-meta":{"desktop":{"background-color":"var(--ast-global-color-5)","background-image":"","background-repeat":"repeat","background-position":"center center","background-size":"auto","background-attachment":"scroll","background-type":"","background-media":"","overlay-type":"","overlay-color":"","overlay-opacity":"","overlay-gradient":""},"tablet":{"background-color":"var(--ast-global-color-5)","background-image":"","background-repeat":"repeat","background-position":"center center","background-size":"auto","background-attachment":"scroll","background-type":"","background-media":"","overlay-type":"","overlay-color":"","overlay-opacity":"","overlay-gradient":""},"mobile":{"background-color":"var(--ast-global-color-5)","background-image":"","background-repeat":"repeat","background-position":"center center","background-size":"auto","background-attachment":"scroll","background-type":"","background-media":"","overlay-type":"","overlay-color":"","overlay-opacity":"","overlay-gradient":""}}},"product_brand":[],"product_cat":[30110],"product_tag":[],"pa_brand_name":[34282],"class_list":{"0":"post-105145","1":"product","2":"type-product","3":"status-publish","4":"has-post-thumbnail","6":"product_cat-winter-light-truck-friction-2","7":"pa_brand_name-diamond-back","8":"desktop-align-left","9":"tablet-align-left","10":"mobile-align-left","12":"first","13":"outofstock","14":"taxable","15":"shipping-taxable","16":"purchasable","17":"product-type-simple"},"_links":{"self":[{"href":"https:\/\/shop.rettum.ee\/en\/wp-json\/wp\/v2\/product\/105145","targetHints":{"allow":["GET"]}}],"collection":[{"href":"https:\/\/shop.rettum.ee\/en\/wp-json\/wp\/v2\/product"}],"about":[{"href":"https:\/\/shop.rettum.ee\/en\/wp-json\/wp\/v2\/types\/product"}],"version-history":[{"count":0,"href":"https:\/\/shop.rettum.ee\/en\/wp-json\/wp\/v2\/product\/105145\/revisions"}],"wp:featuredmedia":[{"embeddable":true,"href":"https:\/\/shop.rettum.ee\/en\/wp-json\/wp\/v2\/media\/124912"}],"wp:attachment":[{"href":"https:\/\/shop.rettum.ee\/en\/wp-json\/wp\/v2\/media?parent=105145"}],"wp:term":[{"taxonomy":"product_brand","embeddable":true,"href":"https:\/\/shop.rettum.ee\/en\/wp-json\/wp\/v2\/product_brand?post=105145"},{"taxonomy":"product_cat","embeddable":true,"href":"https:\/\/shop.rettum.ee\/en\/wp-json\/wp\/v2\/product_cat?post=105145"},{"taxonomy":"product_tag","embeddable":true,"href":"https:\/\/shop.rettum.ee\/en\/wp-json\/wp\/v2\/product_tag?post=105145"},{"taxonomy":"pa_brand_name","embeddable":true,"href":"https:\/\/shop.rettum.ee\/en\/wp-json\/wp\/v2\/pa_brand_name?post=105145"}],"curies":[{"name":"wp","href":"https:\/\/api.w.org\/{rel}","templated":true}]}}