{"id":105188,"date":"2025-01-07T18:42:59","date_gmt":"2025-01-07T16:42:59","guid":{"rendered":"https:\/\/shop.rettum.ee\/toode\/235-45r18-goodyear-ultra-grip-arctic-2-98t-xl-fp-dot22-studded-3pmsf-ms\/"},"modified":"2025-12-25T02:45:19","modified_gmt":"2025-12-25T00:45:19","slug":"235-45r18-goodyear-ultra-grip-arctic-2-98t-xl-fp-dot22-studded-3pmsf-ms","status":"publish","type":"product","link":"https:\/\/shop.rettum.ee\/en\/product\/235-45r18-goodyear-ultra-grip-arctic-2-98t-xl-fp-dot22-studded-3pmsf-ms\/","title":{"rendered":"235\/45R18 GOODYEAR ULTRA GRIP ARCTIC 2 98T XL FP DOT22 Studded 3PMSF M+S"},"content":{"rendered":"<p>**Goodyear Ultra Grip Arctic 2 235\/45R18 &#8211; Uus Tase Talvistes Oludes**<\/p>\n<p>Avastage talveohtlikud teed Goodyear Ultra Grip Arctic 2 rehvidega. Need kvaliteetsed, kergelt paigaldatavad rehvid, mille laius on 235 mm ja diameeter 18 tolli, pakkuda suurep\u00e4rast haardumist isegi k\u00f5ige libedamas keskkonnas. Nende domineeriv omadus &#8211; 98. kandeindeks &#8211; v\u00f5imaldab teil s\u00f5ita raskemate koormatega, samas tagades sujuva ja stabiilse s\u00f5idukogemuse.<\/p>\n<p>Ultra Grip Arctic 2 rehvide 3PMSF ja M+S t\u00e4hised kinnitavad nende t\u00f5hususe talveoludes, aidates tagada ohutuse ja usaldusv\u00e4\u00e4rsuse k\u00fclma ja lumise ilmaga. Rehvide kiirusindeks T (kuni 190 km\/h) tagab, et suudate kiiresti reageerida ning hoida kontrolli isegi libedates olukordades.<\/p>\n<p>Goodyear Ultra Grip Arctic 2 on XL (Extra Load), mis t\u00e4hendab, et need rehvid on loodud taluma suuremaid koormusi, pakkudes samal ajal suurep\u00e4rast mugavust ja madalat m\u00fcrataset. Valige Goodyear, et nautida turvalist ja sujuvat s\u00f5itu ka k\u00f5ige karmimates talvistes tingimustes!<\/p>","protected":false},"excerpt":{"rendered":"<p>**Goodyear Ultra Grip Arctic 2 235\/45R18 &#8211; Uus Tase Talvistes Oludes** Avastage talveohtlikud teed Goodyear Ultra Grip Arctic 2 rehvidega. Need kvaliteetsed, kergelt paigaldatavad rehvid, mille laius on 235 mm ja diameeter 18 tolli, pakkuda suurep\u00e4rast haardumist isegi k\u00f5ige libedamas keskkonnas. Nende domineeriv omadus &#8211; 98. kandeindeks &#8211; v\u00f5imaldab teil s\u00f5ita raskemate koormatega, samas tagades [&hellip;]<\/p>\n","protected":false},"featured_media":123685,"template":"","meta":{"site-sidebar-layout":"default","site-content-layout":"","ast-site-content-layout":"","site-content-style":"default","site-sidebar-style":"default","ast-global-header-display":"","ast-banner-title-visibility":"","ast-main-header-display":"","ast-hfb-above-header-display":"","ast-hfb-below-header-display":"","ast-hfb-mobile-header-display":"","site-post-title":"","ast-breadcrumbs-content":"","ast-featured-img":"","footer-sml-layout":"","theme-transparent-header-meta":"","adv-header-id-meta":"","stick-header-meta":"","header-above-stick-meta":"","header-main-stick-meta":"","header-below-stick-meta":"","astra-migrate-meta-layouts":"default","ast-page-background-enabled":"default","ast-page-background-meta":{"desktop":{"background-color":"","background-image":"","background-repeat":"repeat","background-position":"center center","background-size":"auto","background-attachment":"scroll","background-type":"","background-media":"","overlay-type":"","overlay-color":"","overlay-opacity":"","overlay-gradient":""},"tablet":{"background-color":"","background-image":"","background-repeat":"repeat","background-position":"center center","background-size":"auto","background-attachment":"scroll","background-type":"","background-media":"","overlay-type":"","overlay-color":"","overlay-opacity":"","overlay-gradient":""},"mobile":{"background-color":"","background-image":"","background-repeat":"repeat","background-position":"center center","background-size":"auto","background-attachment":"scroll","background-type":"","background-media":"","overlay-type":"","overlay-color":"","overlay-opacity":"","overlay-gradient":""}},"ast-content-background-meta":{"desktop":{"background-color":"var(--ast-global-color-5)","background-image":"","background-repeat":"repeat","background-position":"center center","background-size":"auto","background-attachment":"scroll","background-type":"","background-media":"","overlay-type":"","overlay-color":"","overlay-opacity":"","overlay-gradient":""},"tablet":{"background-color":"var(--ast-global-color-5)","background-image":"","background-repeat":"repeat","background-position":"center center","background-size":"auto","background-attachment":"scroll","background-type":"","background-media":"","overlay-type":"","overlay-color":"","overlay-opacity":"","overlay-gradient":""},"mobile":{"background-color":"var(--ast-global-color-5)","background-image":"","background-repeat":"repeat","background-position":"center center","background-size":"auto","background-attachment":"scroll","background-type":"","background-media":"","overlay-type":"","overlay-color":"","overlay-opacity":"","overlay-gradient":""}}},"product_brand":[],"product_cat":[30112],"product_tag":[],"pa_brand_name":[17979],"class_list":{"0":"post-105188","1":"product","2":"type-product","3":"status-publish","4":"has-post-thumbnail","6":"product_cat-winter-tires-with-studs-2","7":"pa_brand_name-goodyear","8":"desktop-align-left","9":"tablet-align-left","10":"mobile-align-left","12":"first","13":"outofstock","14":"taxable","15":"shipping-taxable","16":"purchasable","17":"product-type-simple"},"_links":{"self":[{"href":"https:\/\/shop.rettum.ee\/en\/wp-json\/wp\/v2\/product\/105188","targetHints":{"allow":["GET"]}}],"collection":[{"href":"https:\/\/shop.rettum.ee\/en\/wp-json\/wp\/v2\/product"}],"about":[{"href":"https:\/\/shop.rettum.ee\/en\/wp-json\/wp\/v2\/types\/product"}],"version-history":[{"count":0,"href":"https:\/\/shop.rettum.ee\/en\/wp-json\/wp\/v2\/product\/105188\/revisions"}],"wp:featuredmedia":[{"embeddable":true,"href":"https:\/\/shop.rettum.ee\/en\/wp-json\/wp\/v2\/media\/123685"}],"wp:attachment":[{"href":"https:\/\/shop.rettum.ee\/en\/wp-json\/wp\/v2\/media?parent=105188"}],"wp:term":[{"taxonomy":"product_brand","embeddable":true,"href":"https:\/\/shop.rettum.ee\/en\/wp-json\/wp\/v2\/product_brand?post=105188"},{"taxonomy":"product_cat","embeddable":true,"href":"https:\/\/shop.rettum.ee\/en\/wp-json\/wp\/v2\/product_cat?post=105188"},{"taxonomy":"product_tag","embeddable":true,"href":"https:\/\/shop.rettum.ee\/en\/wp-json\/wp\/v2\/product_tag?post=105188"},{"taxonomy":"pa_brand_name","embeddable":true,"href":"https:\/\/shop.rettum.ee\/en\/wp-json\/wp\/v2\/pa_brand_name?post=105188"}],"curies":[{"name":"wp","href":"https:\/\/api.w.org\/{rel}","templated":true}]}}