{"id":105189,"date":"2025-01-07T18:43:02","date_gmt":"2025-01-07T16:43:02","guid":{"rendered":"https:\/\/shop.rettum.ee\/toode\/235-50r17-goodyear-ultra-grip-arctic-2-100t-xl-fp-dot22-studded-3pmsf-ms\/"},"modified":"2026-03-22T03:04:25","modified_gmt":"2026-03-22T01:04:25","slug":"235-50r17-goodyear-ultra-grip-arctic-2-100t-xl-fp-dot22-studded-3pmsf-ms","status":"publish","type":"product","link":"https:\/\/shop.rettum.ee\/en\/product\/235-50r17-goodyear-ultra-grip-arctic-2-100t-xl-fp-dot22-studded-3pmsf-ms\/","title":{"rendered":"235\/50R17 GOODYEAR ULTRA GRIP ARCTIC 2 100T XL FP DOT22 Studded 3PMSF M+S"},"content":{"rendered":"<p>### Toote kirjeldus: 235\/50R17 GOODYEAR ULTRA GRIP ARCTIC 2 100T XL FP DOT22 <\/p>\n<p>Valmistuge talvisteks teeoludeks GOODYEAR Ultra Grip Arctic 2 rehvidega, mis on loodud tagama maksimaalse haarduvuse ja ohutuse nii lumisel kui j\u00e4\u00e4sil teel. Rehvi laius 235 mm ja k\u00fclgproportsioon 50% pakuvad suurep\u00e4rast stabiilsust ning mugavat s\u00f5idukogemust, samas kui 17-tolline diameeter tagab t\u00e4iendava t\u00f5hususe.<\/p>\n<p>GOODYEAR Ultra Grip Arctic 2 rehvid on varustatud naeladega, mis suurendavad k\u00f5ige raskemates talvistes tingimustes pidurdusv\u00f5imet ja man\u00f6\u00f6verdusv\u00f5imet. Kandeindeksi 100 ja kiirusindeksi T abil saate kindel olla, et need rehvid taluvad ka suuremaid koormusi ja kiirusnivooid.<\/p>\n<p>3PMSF M+S m\u00e4rgistusega rehvid tagavad usaldusv\u00e4\u00e4rse sooritusv\u00f5ime l\u00e4bi kogu talve, olles kvaliteetne valik neile, kes soovivad s\u00f5ita kindlalt ja ohutult. Need rehvid on ideaalne valik igap\u00e4evasele linnas\u00f5idule v\u00f5i pikkadele talvetele reisidele, tagades, et teie auto on alati valmis mis tahes v\u00e4ljakutseks, mida talv v\u00f5ib tuua. <\/p>\n<p>Valige GOODYEAR Ultra Grip Arctic 2 ja naudi talvehammustava s\u00f5idu mugavust!<\/p>","protected":false},"excerpt":{"rendered":"<p>### Toote kirjeldus: 235\/50R17 GOODYEAR ULTRA GRIP ARCTIC 2 100T XL FP DOT22 Valmistuge talvisteks teeoludeks GOODYEAR Ultra Grip Arctic 2 rehvidega, mis on loodud tagama maksimaalse haarduvuse ja ohutuse nii lumisel kui j\u00e4\u00e4sil teel. Rehvi laius 235 mm ja k\u00fclgproportsioon 50% pakuvad suurep\u00e4rast stabiilsust ning mugavat s\u00f5idukogemust, samas kui 17-tolline diameeter tagab t\u00e4iendava t\u00f5hususe. [&hellip;]<\/p>\n","protected":false},"featured_media":123685,"template":"","meta":{"site-sidebar-layout":"default","site-content-layout":"","ast-site-content-layout":"","site-content-style":"default","site-sidebar-style":"default","ast-global-header-display":"","ast-banner-title-visibility":"","ast-main-header-display":"","ast-hfb-above-header-display":"","ast-hfb-below-header-display":"","ast-hfb-mobile-header-display":"","site-post-title":"","ast-breadcrumbs-content":"","ast-featured-img":"","footer-sml-layout":"","theme-transparent-header-meta":"","adv-header-id-meta":"","stick-header-meta":"","header-above-stick-meta":"","header-main-stick-meta":"","header-below-stick-meta":"","astra-migrate-meta-layouts":"default","ast-page-background-enabled":"default","ast-page-background-meta":{"desktop":{"background-color":"","background-image":"","background-repeat":"repeat","background-position":"center center","background-size":"auto","background-attachment":"scroll","background-type":"","background-media":"","overlay-type":"","overlay-color":"","overlay-opacity":"","overlay-gradient":""},"tablet":{"background-color":"","background-image":"","background-repeat":"repeat","background-position":"center center","background-size":"auto","background-attachment":"scroll","background-type":"","background-media":"","overlay-type":"","overlay-color":"","overlay-opacity":"","overlay-gradient":""},"mobile":{"background-color":"","background-image":"","background-repeat":"repeat","background-position":"center center","background-size":"auto","background-attachment":"scroll","background-type":"","background-media":"","overlay-type":"","overlay-color":"","overlay-opacity":"","overlay-gradient":""}},"ast-content-background-meta":{"desktop":{"background-color":"var(--ast-global-color-5)","background-image":"","background-repeat":"repeat","background-position":"center center","background-size":"auto","background-attachment":"scroll","background-type":"","background-media":"","overlay-type":"","overlay-color":"","overlay-opacity":"","overlay-gradient":""},"tablet":{"background-color":"var(--ast-global-color-5)","background-image":"","background-repeat":"repeat","background-position":"center center","background-size":"auto","background-attachment":"scroll","background-type":"","background-media":"","overlay-type":"","overlay-color":"","overlay-opacity":"","overlay-gradient":""},"mobile":{"background-color":"var(--ast-global-color-5)","background-image":"","background-repeat":"repeat","background-position":"center center","background-size":"auto","background-attachment":"scroll","background-type":"","background-media":"","overlay-type":"","overlay-color":"","overlay-opacity":"","overlay-gradient":""}}},"product_brand":[],"product_cat":[30112],"product_tag":[],"pa_brand_name":[17979],"class_list":{"0":"post-105189","1":"product","2":"type-product","3":"status-publish","4":"has-post-thumbnail","6":"product_cat-winter-tires-with-studs-2","7":"pa_brand_name-goodyear","8":"desktop-align-left","9":"tablet-align-left","10":"mobile-align-left","12":"first","13":"outofstock","14":"taxable","15":"shipping-taxable","16":"purchasable","17":"product-type-simple"},"_links":{"self":[{"href":"https:\/\/shop.rettum.ee\/en\/wp-json\/wp\/v2\/product\/105189","targetHints":{"allow":["GET"]}}],"collection":[{"href":"https:\/\/shop.rettum.ee\/en\/wp-json\/wp\/v2\/product"}],"about":[{"href":"https:\/\/shop.rettum.ee\/en\/wp-json\/wp\/v2\/types\/product"}],"version-history":[{"count":0,"href":"https:\/\/shop.rettum.ee\/en\/wp-json\/wp\/v2\/product\/105189\/revisions"}],"wp:featuredmedia":[{"embeddable":true,"href":"https:\/\/shop.rettum.ee\/en\/wp-json\/wp\/v2\/media\/123685"}],"wp:attachment":[{"href":"https:\/\/shop.rettum.ee\/en\/wp-json\/wp\/v2\/media?parent=105189"}],"wp:term":[{"taxonomy":"product_brand","embeddable":true,"href":"https:\/\/shop.rettum.ee\/en\/wp-json\/wp\/v2\/product_brand?post=105189"},{"taxonomy":"product_cat","embeddable":true,"href":"https:\/\/shop.rettum.ee\/en\/wp-json\/wp\/v2\/product_cat?post=105189"},{"taxonomy":"product_tag","embeddable":true,"href":"https:\/\/shop.rettum.ee\/en\/wp-json\/wp\/v2\/product_tag?post=105189"},{"taxonomy":"pa_brand_name","embeddable":true,"href":"https:\/\/shop.rettum.ee\/en\/wp-json\/wp\/v2\/pa_brand_name?post=105189"}],"curies":[{"name":"wp","href":"https:\/\/api.w.org\/{rel}","templated":true}]}}