{"id":105207,"date":"2025-01-07T18:43:45","date_gmt":"2025-01-07T16:43:45","guid":{"rendered":"https:\/\/shop.rettum.ee\/toode\/285-40r19-goodyear-ultra-grip-arctic-2-107t-xl-fp-dot22-studded-3pmsf-ms\/"},"modified":"2026-03-22T03:04:26","modified_gmt":"2026-03-22T01:04:26","slug":"285-40r19-goodyear-ultra-grip-arctic-2-107t-xl-fp-dot22-studded-3pmsf-ms","status":"publish","type":"product","link":"https:\/\/shop.rettum.ee\/en\/product\/285-40r19-goodyear-ultra-grip-arctic-2-107t-xl-fp-dot22-studded-3pmsf-ms\/","title":{"rendered":"285\/40R19 GOODYEAR ULTRA GRIP ARCTIC 2 107T XL FP DOT22 Studded 3PMSF M+S"},"content":{"rendered":"<p>**Tootenimi: 285\/40R19 GOODYEAR ULTRA GRIP ARCTIC 2 107T XL FP DOT22 &#8211; Talviste tingimuste kuningas**<\/p>\n<p>Valmistage end ette talviseks s\u00f5iduks GOODYEAR ULTRA GRIP ARCTIC 2 rehvidega, mis on loodud maksimaalse turvalisuse ja mugavuse tagamiseks k\u00fclma ja libeda ilmaga. Need k\u00f5rgekvaliteedilised rehvid suurusega 285\/40R19, koormusindeksiga 107, pakuvad suurep\u00e4rast haarduvust nii lumisel kui j\u00e4\u00e4dunud teel.<\/p>\n<p>Rehvide alariba suhe 40 ja diameeter 19, teeb need ideaalseks nii maastikus\u00f5iduks kui ka linnas liiklemiseks. GOODYEAR ULTRA GRIP ARCTIC 2 rehvid on varustatud tipptasemel nailonklambritega, mis tagavad stabiilsuse.<\/p>\n<p>\u00c4rge laske talveoludel oma s\u00f5iduelamust rikkuda. GOODYEAR ULTRA GRIP ARCTIC 2 rehvid on disainitud, et pakkuda usaldusv\u00e4\u00e4rsust ja kindlust igasugustes ilmaoludes. Nende XL FP konstruktsioon ja kaal 13 kg aitavad hoida autot stabiilsena, olgu tee kuidas tahes.<\/p>\n<p>Valige GOODYEAR ULTRA GRIP ARCTIC 2 ja nautige talvega s\u00f5itmist t\u00e4iel rinnal, teades, et olete valinud parima!<\/p>","protected":false},"excerpt":{"rendered":"<p>**Tootenimi: 285\/40R19 GOODYEAR ULTRA GRIP ARCTIC 2 107T XL FP DOT22 &#8211; Talviste tingimuste kuningas** Valmistage end ette talviseks s\u00f5iduks GOODYEAR ULTRA GRIP ARCTIC 2 rehvidega, mis on loodud maksimaalse turvalisuse ja mugavuse tagamiseks k\u00fclma ja libeda ilmaga. Need k\u00f5rgekvaliteedilised rehvid suurusega 285\/40R19, koormusindeksiga 107, pakuvad suurep\u00e4rast haarduvust nii lumisel kui j\u00e4\u00e4dunud teel. Rehvide alariba [&hellip;]<\/p>\n","protected":false},"featured_media":123685,"template":"","meta":{"site-sidebar-layout":"default","site-content-layout":"","ast-site-content-layout":"","site-content-style":"default","site-sidebar-style":"default","ast-global-header-display":"","ast-banner-title-visibility":"","ast-main-header-display":"","ast-hfb-above-header-display":"","ast-hfb-below-header-display":"","ast-hfb-mobile-header-display":"","site-post-title":"","ast-breadcrumbs-content":"","ast-featured-img":"","footer-sml-layout":"","theme-transparent-header-meta":"","adv-header-id-meta":"","stick-header-meta":"","header-above-stick-meta":"","header-main-stick-meta":"","header-below-stick-meta":"","astra-migrate-meta-layouts":"default","ast-page-background-enabled":"default","ast-page-background-meta":{"desktop":{"background-color":"","background-image":"","background-repeat":"repeat","background-position":"center center","background-size":"auto","background-attachment":"scroll","background-type":"","background-media":"","overlay-type":"","overlay-color":"","overlay-opacity":"","overlay-gradient":""},"tablet":{"background-color":"","background-image":"","background-repeat":"repeat","background-position":"center center","background-size":"auto","background-attachment":"scroll","background-type":"","background-media":"","overlay-type":"","overlay-color":"","overlay-opacity":"","overlay-gradient":""},"mobile":{"background-color":"","background-image":"","background-repeat":"repeat","background-position":"center center","background-size":"auto","background-attachment":"scroll","background-type":"","background-media":"","overlay-type":"","overlay-color":"","overlay-opacity":"","overlay-gradient":""}},"ast-content-background-meta":{"desktop":{"background-color":"var(--ast-global-color-5)","background-image":"","background-repeat":"repeat","background-position":"center center","background-size":"auto","background-attachment":"scroll","background-type":"","background-media":"","overlay-type":"","overlay-color":"","overlay-opacity":"","overlay-gradient":""},"tablet":{"background-color":"var(--ast-global-color-5)","background-image":"","background-repeat":"repeat","background-position":"center center","background-size":"auto","background-attachment":"scroll","background-type":"","background-media":"","overlay-type":"","overlay-color":"","overlay-opacity":"","overlay-gradient":""},"mobile":{"background-color":"var(--ast-global-color-5)","background-image":"","background-repeat":"repeat","background-position":"center center","background-size":"auto","background-attachment":"scroll","background-type":"","background-media":"","overlay-type":"","overlay-color":"","overlay-opacity":"","overlay-gradient":""}}},"product_brand":[],"product_cat":[30112],"product_tag":[],"pa_brand_name":[17979],"class_list":{"0":"post-105207","1":"product","2":"type-product","3":"status-publish","4":"has-post-thumbnail","6":"product_cat-winter-tires-with-studs-2","7":"pa_brand_name-goodyear","8":"desktop-align-left","9":"tablet-align-left","10":"mobile-align-left","12":"first","13":"outofstock","14":"taxable","15":"shipping-taxable","16":"purchasable","17":"product-type-simple"},"_links":{"self":[{"href":"https:\/\/shop.rettum.ee\/en\/wp-json\/wp\/v2\/product\/105207","targetHints":{"allow":["GET"]}}],"collection":[{"href":"https:\/\/shop.rettum.ee\/en\/wp-json\/wp\/v2\/product"}],"about":[{"href":"https:\/\/shop.rettum.ee\/en\/wp-json\/wp\/v2\/types\/product"}],"version-history":[{"count":0,"href":"https:\/\/shop.rettum.ee\/en\/wp-json\/wp\/v2\/product\/105207\/revisions"}],"wp:featuredmedia":[{"embeddable":true,"href":"https:\/\/shop.rettum.ee\/en\/wp-json\/wp\/v2\/media\/123685"}],"wp:attachment":[{"href":"https:\/\/shop.rettum.ee\/en\/wp-json\/wp\/v2\/media?parent=105207"}],"wp:term":[{"taxonomy":"product_brand","embeddable":true,"href":"https:\/\/shop.rettum.ee\/en\/wp-json\/wp\/v2\/product_brand?post=105207"},{"taxonomy":"product_cat","embeddable":true,"href":"https:\/\/shop.rettum.ee\/en\/wp-json\/wp\/v2\/product_cat?post=105207"},{"taxonomy":"product_tag","embeddable":true,"href":"https:\/\/shop.rettum.ee\/en\/wp-json\/wp\/v2\/product_tag?post=105207"},{"taxonomy":"pa_brand_name","embeddable":true,"href":"https:\/\/shop.rettum.ee\/en\/wp-json\/wp\/v2\/pa_brand_name?post=105207"}],"curies":[{"name":"wp","href":"https:\/\/api.w.org\/{rel}","templated":true}]}}