{"id":105234,"date":"2025-01-07T18:44:51","date_gmt":"2025-01-07T16:44:51","guid":{"rendered":"https:\/\/shop.rettum.ee\/toode\/120-100-18-pirelli-scorpion-mx-extra-x-68m-tt-cross-intermed-rear-dot18-nhs\/"},"modified":"2026-03-22T03:04:28","modified_gmt":"2026-03-22T01:04:28","slug":"120-100-18-pirelli-scorpion-mx-extra-x-68m-tt-cross-intermed-rear-dot18-nhs","status":"publish","type":"product","link":"https:\/\/shop.rettum.ee\/en\/product\/120-100-18-pirelli-scorpion-mx-extra-x-68m-tt-cross-intermed-rear-dot18-nhs\/","title":{"rendered":"120\/100-18 Pirelli SCORPION MX EXTRA X 68M TT CROSS INTERMED Rear DOT18 NHS"},"content":{"rendered":"<p>Tootenimi: 120\/100-18 Pirelli SCORPION MX EXTRA X 68M TT CROSS INTERMED Rear DOT18 NHS<\/p>\n<p>Avastage Pirelli SCORPION MX EXTRA X \u2013 ideaalne tagarehv teie motokrossi seiklusteks! Selle professionaalse disainiga rehv on loodud tagama maksimaalset haarduvust ja stabiilsust igasugustes maastikuoludes. 120\/100-18 m\u00f5\u00f5dus rehv pakub suurep\u00e4rast tasakaalu j\u00f5udluse ja kerguse vahel, olles samal ajal piisavalt vastupidav.<\/p>\n<p>Pirelli kvaliteetsetest materjalidest valmistatud rehv omab 68 koormusindeksit, tagades suurep\u00e4rase taluvuse rasketel maastikel. Rehvi laius on 120 mm, mis annab piisavalt pinda pidamise tagamiseks isegi k\u00f5ige keerulisemates oludes. M kiirusindeks koos 6,15 kg kaaluga tagab, et rehv on mitte ainult tugev, vaid ka man\u00f6\u00f6verdusv\u00f5imeline.<\/p>\n<p>Pirelli SCORPION MX EXTRA X on loodud krossis\u00f5itjate jaoks, kes soovivad maksimaalselt nautida oma s\u00f5idukogemust, olenemata maastiku v\u00e4ljakutsetest. Valige usaldusv\u00e4\u00e4rsus ja t\u00e4psus \u2013 valige Pirelli!<\/p>","protected":false},"excerpt":{"rendered":"<p>Tootenimi: 120\/100-18 Pirelli SCORPION MX EXTRA X 68M TT CROSS INTERMED Rear DOT18 NHS Avastage Pirelli SCORPION MX EXTRA X \u2013 ideaalne tagarehv teie motokrossi seiklusteks! Selle professionaalse disainiga rehv on loodud tagama maksimaalset haarduvust ja stabiilsust igasugustes maastikuoludes. 120\/100-18 m\u00f5\u00f5dus rehv pakub suurep\u00e4rast tasakaalu j\u00f5udluse ja kerguse vahel, olles samal ajal piisavalt vastupidav. Pirelli [&hellip;]<\/p>\n","protected":false},"featured_media":124906,"template":"","meta":{"site-sidebar-layout":"default","site-content-layout":"","ast-site-content-layout":"","site-content-style":"default","site-sidebar-style":"default","ast-global-header-display":"","ast-banner-title-visibility":"","ast-main-header-display":"","ast-hfb-above-header-display":"","ast-hfb-below-header-display":"","ast-hfb-mobile-header-display":"","site-post-title":"","ast-breadcrumbs-content":"","ast-featured-img":"","footer-sml-layout":"","theme-transparent-header-meta":"","adv-header-id-meta":"","stick-header-meta":"","header-above-stick-meta":"","header-main-stick-meta":"","header-below-stick-meta":"","astra-migrate-meta-layouts":"default","ast-page-background-enabled":"default","ast-page-background-meta":{"desktop":{"background-color":"","background-image":"","background-repeat":"repeat","background-position":"center center","background-size":"auto","background-attachment":"scroll","background-type":"","background-media":"","overlay-type":"","overlay-color":"","overlay-opacity":"","overlay-gradient":""},"tablet":{"background-color":"","background-image":"","background-repeat":"repeat","background-position":"center center","background-size":"auto","background-attachment":"scroll","background-type":"","background-media":"","overlay-type":"","overlay-color":"","overlay-opacity":"","overlay-gradient":""},"mobile":{"background-color":"","background-image":"","background-repeat":"repeat","background-position":"center center","background-size":"auto","background-attachment":"scroll","background-type":"","background-media":"","overlay-type":"","overlay-color":"","overlay-opacity":"","overlay-gradient":""}},"ast-content-background-meta":{"desktop":{"background-color":"var(--ast-global-color-5)","background-image":"","background-repeat":"repeat","background-position":"center center","background-size":"auto","background-attachment":"scroll","background-type":"","background-media":"","overlay-type":"","overlay-color":"","overlay-opacity":"","overlay-gradient":""},"tablet":{"background-color":"var(--ast-global-color-5)","background-image":"","background-repeat":"repeat","background-position":"center center","background-size":"auto","background-attachment":"scroll","background-type":"","background-media":"","overlay-type":"","overlay-color":"","overlay-opacity":"","overlay-gradient":""},"mobile":{"background-color":"var(--ast-global-color-5)","background-image":"","background-repeat":"repeat","background-position":"center center","background-size":"auto","background-attachment":"scroll","background-type":"","background-media":"","overlay-type":"","overlay-color":"","overlay-opacity":"","overlay-gradient":""}}},"product_brand":[],"product_cat":[30107],"product_tag":[],"pa_brand_name":[17329],"class_list":{"0":"post-105234","1":"product","2":"type-product","3":"status-publish","4":"has-post-thumbnail","6":"product_cat-mc-tires-2","7":"pa_brand_name-pirelli","8":"desktop-align-left","9":"tablet-align-left","10":"mobile-align-left","12":"first","13":"outofstock","14":"taxable","15":"shipping-taxable","16":"purchasable","17":"product-type-simple"},"_links":{"self":[{"href":"https:\/\/shop.rettum.ee\/en\/wp-json\/wp\/v2\/product\/105234","targetHints":{"allow":["GET"]}}],"collection":[{"href":"https:\/\/shop.rettum.ee\/en\/wp-json\/wp\/v2\/product"}],"about":[{"href":"https:\/\/shop.rettum.ee\/en\/wp-json\/wp\/v2\/types\/product"}],"version-history":[{"count":0,"href":"https:\/\/shop.rettum.ee\/en\/wp-json\/wp\/v2\/product\/105234\/revisions"}],"wp:featuredmedia":[{"embeddable":true,"href":"https:\/\/shop.rettum.ee\/en\/wp-json\/wp\/v2\/media\/124906"}],"wp:attachment":[{"href":"https:\/\/shop.rettum.ee\/en\/wp-json\/wp\/v2\/media?parent=105234"}],"wp:term":[{"taxonomy":"product_brand","embeddable":true,"href":"https:\/\/shop.rettum.ee\/en\/wp-json\/wp\/v2\/product_brand?post=105234"},{"taxonomy":"product_cat","embeddable":true,"href":"https:\/\/shop.rettum.ee\/en\/wp-json\/wp\/v2\/product_cat?post=105234"},{"taxonomy":"product_tag","embeddable":true,"href":"https:\/\/shop.rettum.ee\/en\/wp-json\/wp\/v2\/product_tag?post=105234"},{"taxonomy":"pa_brand_name","embeddable":true,"href":"https:\/\/shop.rettum.ee\/en\/wp-json\/wp\/v2\/pa_brand_name?post=105234"}],"curies":[{"name":"wp","href":"https:\/\/api.w.org\/{rel}","templated":true}]}}