{"id":105250,"date":"2025-01-07T18:45:31","date_gmt":"2025-01-07T16:45:31","guid":{"rendered":"https:\/\/shop.rettum.ee\/toode\/205-45r17-aptany-ra301-88w-xl-cbb70\/"},"modified":"2026-03-24T02:47:22","modified_gmt":"2026-03-24T00:47:22","slug":"205-45r17-aptany-ra301-88w-xl-cbb70","status":"publish","type":"product","link":"https:\/\/shop.rettum.ee\/en\/product\/205-45r17-aptany-ra301-88w-xl-cbb70\/","title":{"rendered":"205\/45R17 APTANY RA301 88W XL CBB70"},"content":{"rendered":"<p>Astu t\u00e4naste tehnoloogia ja stiili maailma koos APTANY RA301 205\/45R17 rehviga. See kvaliteetne rehv pakub suurep\u00e4rast tasakaalu j\u00f5udluse ja mugavuse vahel, olles ideaalne valik nii linnas\u00f5iduks kui ka maanteereisideks. <\/p>\n<p>APTANY RA301 on varustatud 45% aspekteerimise suhtega, mis tagab suurep\u00e4rase stabiilsuse ja t\u00e4psuse igas s\u00f5idutingimuses. Suur 205 mm laius ja 17-tolline diameeter pakuvad kindlat haardumist ja suurep\u00e4rast juhitavust. <\/p>\n<p>K\u00fctuseefektiivsuse klass C aitab v\u00e4hendada k\u00fctusekasutust, samas kui m\u00fcraklass B ja m\u00fcratase 70 dB tagavad rahuliku ja mugava s\u00f5idukogemuse. Lisaks sellele kannab see rehv koormusindeksit 88, mis t\u00e4hendab, et see suudab taluda kuni 560 kg koormust. Kiirusindeks W lubab s\u00f5ita kiirusel kuni 270 km\/h, muutes selle ideaalseks sportlikuma s\u00f5idustiili f\u00e4nnidele.<\/p>\n<p>Investige APTANY RA301 rehvi ja nautige s\u00f5idunaudingut, mis \u00fchendab endas turvalisuse, mugavuse ja k\u00f5rge kvaliteedi!<\/p>","protected":false},"excerpt":{"rendered":"<p>Astu t\u00e4naste tehnoloogia ja stiili maailma koos APTANY RA301 205\/45R17 rehviga. See kvaliteetne rehv pakub suurep\u00e4rast tasakaalu j\u00f5udluse ja mugavuse vahel, olles ideaalne valik nii linnas\u00f5iduks kui ka maanteereisideks. APTANY RA301 on varustatud 45% aspekteerimise suhtega, mis tagab suurep\u00e4rase stabiilsuse ja t\u00e4psuse igas s\u00f5idutingimuses. Suur 205 mm laius ja 17-tolline diameeter pakuvad kindlat haardumist ja [&hellip;]<\/p>\n","protected":false},"featured_media":123076,"template":"","meta":{"site-sidebar-layout":"default","site-content-layout":"","ast-site-content-layout":"","site-content-style":"default","site-sidebar-style":"default","ast-global-header-display":"","ast-banner-title-visibility":"","ast-main-header-display":"","ast-hfb-above-header-display":"","ast-hfb-below-header-display":"","ast-hfb-mobile-header-display":"","site-post-title":"","ast-breadcrumbs-content":"","ast-featured-img":"","footer-sml-layout":"","theme-transparent-header-meta":"","adv-header-id-meta":"","stick-header-meta":"","header-above-stick-meta":"","header-main-stick-meta":"","header-below-stick-meta":"","astra-migrate-meta-layouts":"default","ast-page-background-enabled":"default","ast-page-background-meta":{"desktop":{"background-color":"","background-image":"","background-repeat":"repeat","background-position":"center center","background-size":"auto","background-attachment":"scroll","background-type":"","background-media":"","overlay-type":"","overlay-color":"","overlay-opacity":"","overlay-gradient":""},"tablet":{"background-color":"","background-image":"","background-repeat":"repeat","background-position":"center center","background-size":"auto","background-attachment":"scroll","background-type":"","background-media":"","overlay-type":"","overlay-color":"","overlay-opacity":"","overlay-gradient":""},"mobile":{"background-color":"","background-image":"","background-repeat":"repeat","background-position":"center center","background-size":"auto","background-attachment":"scroll","background-type":"","background-media":"","overlay-type":"","overlay-color":"","overlay-opacity":"","overlay-gradient":""}},"ast-content-background-meta":{"desktop":{"background-color":"var(--ast-global-color-5)","background-image":"","background-repeat":"repeat","background-position":"center center","background-size":"auto","background-attachment":"scroll","background-type":"","background-media":"","overlay-type":"","overlay-color":"","overlay-opacity":"","overlay-gradient":""},"tablet":{"background-color":"var(--ast-global-color-5)","background-image":"","background-repeat":"repeat","background-position":"center center","background-size":"auto","background-attachment":"scroll","background-type":"","background-media":"","overlay-type":"","overlay-color":"","overlay-opacity":"","overlay-gradient":""},"mobile":{"background-color":"var(--ast-global-color-5)","background-image":"","background-repeat":"repeat","background-position":"center center","background-size":"auto","background-attachment":"scroll","background-type":"","background-media":"","overlay-type":"","overlay-color":"","overlay-opacity":"","overlay-gradient":""}}},"product_brand":[],"product_cat":[30108],"product_tag":[],"pa_brand_name":[33594],"class_list":{"0":"post-105250","1":"product","2":"type-product","3":"status-publish","4":"has-post-thumbnail","6":"product_cat-summer-tires-pv-2","7":"pa_brand_name-aptany","8":"desktop-align-left","9":"tablet-align-left","10":"mobile-align-left","12":"first","13":"instock","14":"taxable","15":"shipping-taxable","16":"purchasable","17":"product-type-simple"},"_links":{"self":[{"href":"https:\/\/shop.rettum.ee\/en\/wp-json\/wp\/v2\/product\/105250","targetHints":{"allow":["GET"]}}],"collection":[{"href":"https:\/\/shop.rettum.ee\/en\/wp-json\/wp\/v2\/product"}],"about":[{"href":"https:\/\/shop.rettum.ee\/en\/wp-json\/wp\/v2\/types\/product"}],"version-history":[{"count":0,"href":"https:\/\/shop.rettum.ee\/en\/wp-json\/wp\/v2\/product\/105250\/revisions"}],"wp:featuredmedia":[{"embeddable":true,"href":"https:\/\/shop.rettum.ee\/en\/wp-json\/wp\/v2\/media\/123076"}],"wp:attachment":[{"href":"https:\/\/shop.rettum.ee\/en\/wp-json\/wp\/v2\/media?parent=105250"}],"wp:term":[{"taxonomy":"product_brand","embeddable":true,"href":"https:\/\/shop.rettum.ee\/en\/wp-json\/wp\/v2\/product_brand?post=105250"},{"taxonomy":"product_cat","embeddable":true,"href":"https:\/\/shop.rettum.ee\/en\/wp-json\/wp\/v2\/product_cat?post=105250"},{"taxonomy":"product_tag","embeddable":true,"href":"https:\/\/shop.rettum.ee\/en\/wp-json\/wp\/v2\/product_tag?post=105250"},{"taxonomy":"pa_brand_name","embeddable":true,"href":"https:\/\/shop.rettum.ee\/en\/wp-json\/wp\/v2\/pa_brand_name?post=105250"}],"curies":[{"name":"wp","href":"https:\/\/api.w.org\/{rel}","templated":true}]}}