{"id":105256,"date":"2025-01-07T18:45:44","date_gmt":"2025-01-07T16:45:44","guid":{"rendered":"https:\/\/shop.rettum.ee\/toode\/235-40r18-aptany-ra301-95w-xl-cbb71\/"},"modified":"2026-03-22T03:04:36","modified_gmt":"2026-03-22T01:04:36","slug":"235-40r18-aptany-ra301-95w-xl-cbb71","status":"publish","type":"product","link":"https:\/\/shop.rettum.ee\/en\/product\/235-40r18-aptany-ra301-95w-xl-cbb71\/","title":{"rendered":"235\/40R18 APTANY RA301 95W XL CBB71"},"content":{"rendered":"<p>**Toode: 235\/40R18 APTANY RA301 95W XL CBB71**<\/p>\n<p>Tutvuge APTANY RA301 rehvidega, mis pakuvad t\u00f5elist tasakaalu j\u00f5udluse, mugavuse ja efektiivsuse vahel. Need 235\/40R18 rehvid on loodud tagama sujuva s\u00f5idukogemuse igasugustes teeoludes. <\/p>\n<p>Rehvi 40% aspektisuhe ja 235 mm laius tagavad suurep\u00e4rase stabiilsuse ning man\u00f6\u00f6verdusv\u00f5ime. APTANY RA301-l on W kiirusindeks, mis lubab saavutada maksimaalse kiirusena kuni 270 km\/h, mist\u00f5ttu on need ideaalne valik sportlikele autojuhtidele. <\/p>\n<p>Lisaks on rehvil C k\u00fctusekasutuse efektiivsuse klass, mis aitab s\u00e4\u00e4sta k\u00fctust ning v\u00e4hendada s\u00fcsiniku jalaj\u00e4lge. B m\u00fcraklassi ja 71 dB m\u00fcra v\u00e4\u00e4rtusega on s\u00f5it mugav ja rahulik, isegi linna liikluses. <\/p>\n<p>Rehvid on m\u00f5eldud ka suurema koormuse talumiseks, olles 95 koormusindeksiga, mist\u00f5ttu sobivad need suurematele autodele ja SUV-dele. APTANY RA301 on teie usaldusv\u00e4\u00e4rne kaaslane igas s\u00f5idureisil. Valige kvaliteet ja usaldusv\u00e4\u00e4rsus \u2013 valige APTANY!<\/p>","protected":false},"excerpt":{"rendered":"<p>**Toode: 235\/40R18 APTANY RA301 95W XL CBB71** Tutvuge APTANY RA301 rehvidega, mis pakuvad t\u00f5elist tasakaalu j\u00f5udluse, mugavuse ja efektiivsuse vahel. Need 235\/40R18 rehvid on loodud tagama sujuva s\u00f5idukogemuse igasugustes teeoludes. Rehvi 40% aspektisuhe ja 235 mm laius tagavad suurep\u00e4rase stabiilsuse ning man\u00f6\u00f6verdusv\u00f5ime. APTANY RA301-l on W kiirusindeks, mis lubab saavutada maksimaalse kiirusena kuni 270 km\/h, [&hellip;]<\/p>\n","protected":false},"featured_media":123076,"template":"","meta":{"site-sidebar-layout":"default","site-content-layout":"","ast-site-content-layout":"","site-content-style":"default","site-sidebar-style":"default","ast-global-header-display":"","ast-banner-title-visibility":"","ast-main-header-display":"","ast-hfb-above-header-display":"","ast-hfb-below-header-display":"","ast-hfb-mobile-header-display":"","site-post-title":"","ast-breadcrumbs-content":"","ast-featured-img":"","footer-sml-layout":"","theme-transparent-header-meta":"","adv-header-id-meta":"","stick-header-meta":"","header-above-stick-meta":"","header-main-stick-meta":"","header-below-stick-meta":"","astra-migrate-meta-layouts":"default","ast-page-background-enabled":"default","ast-page-background-meta":{"desktop":{"background-color":"","background-image":"","background-repeat":"repeat","background-position":"center center","background-size":"auto","background-attachment":"scroll","background-type":"","background-media":"","overlay-type":"","overlay-color":"","overlay-opacity":"","overlay-gradient":""},"tablet":{"background-color":"","background-image":"","background-repeat":"repeat","background-position":"center center","background-size":"auto","background-attachment":"scroll","background-type":"","background-media":"","overlay-type":"","overlay-color":"","overlay-opacity":"","overlay-gradient":""},"mobile":{"background-color":"","background-image":"","background-repeat":"repeat","background-position":"center center","background-size":"auto","background-attachment":"scroll","background-type":"","background-media":"","overlay-type":"","overlay-color":"","overlay-opacity":"","overlay-gradient":""}},"ast-content-background-meta":{"desktop":{"background-color":"var(--ast-global-color-5)","background-image":"","background-repeat":"repeat","background-position":"center center","background-size":"auto","background-attachment":"scroll","background-type":"","background-media":"","overlay-type":"","overlay-color":"","overlay-opacity":"","overlay-gradient":""},"tablet":{"background-color":"var(--ast-global-color-5)","background-image":"","background-repeat":"repeat","background-position":"center center","background-size":"auto","background-attachment":"scroll","background-type":"","background-media":"","overlay-type":"","overlay-color":"","overlay-opacity":"","overlay-gradient":""},"mobile":{"background-color":"var(--ast-global-color-5)","background-image":"","background-repeat":"repeat","background-position":"center center","background-size":"auto","background-attachment":"scroll","background-type":"","background-media":"","overlay-type":"","overlay-color":"","overlay-opacity":"","overlay-gradient":""}}},"product_brand":[],"product_cat":[30108],"product_tag":[],"pa_brand_name":[33594],"class_list":{"0":"post-105256","1":"product","2":"type-product","3":"status-publish","4":"has-post-thumbnail","6":"product_cat-summer-tires-pv-2","7":"pa_brand_name-aptany","8":"desktop-align-left","9":"tablet-align-left","10":"mobile-align-left","12":"first","13":"outofstock","14":"taxable","15":"shipping-taxable","16":"purchasable","17":"product-type-simple"},"_links":{"self":[{"href":"https:\/\/shop.rettum.ee\/en\/wp-json\/wp\/v2\/product\/105256","targetHints":{"allow":["GET"]}}],"collection":[{"href":"https:\/\/shop.rettum.ee\/en\/wp-json\/wp\/v2\/product"}],"about":[{"href":"https:\/\/shop.rettum.ee\/en\/wp-json\/wp\/v2\/types\/product"}],"version-history":[{"count":0,"href":"https:\/\/shop.rettum.ee\/en\/wp-json\/wp\/v2\/product\/105256\/revisions"}],"wp:featuredmedia":[{"embeddable":true,"href":"https:\/\/shop.rettum.ee\/en\/wp-json\/wp\/v2\/media\/123076"}],"wp:attachment":[{"href":"https:\/\/shop.rettum.ee\/en\/wp-json\/wp\/v2\/media?parent=105256"}],"wp:term":[{"taxonomy":"product_brand","embeddable":true,"href":"https:\/\/shop.rettum.ee\/en\/wp-json\/wp\/v2\/product_brand?post=105256"},{"taxonomy":"product_cat","embeddable":true,"href":"https:\/\/shop.rettum.ee\/en\/wp-json\/wp\/v2\/product_cat?post=105256"},{"taxonomy":"product_tag","embeddable":true,"href":"https:\/\/shop.rettum.ee\/en\/wp-json\/wp\/v2\/product_tag?post=105256"},{"taxonomy":"pa_brand_name","embeddable":true,"href":"https:\/\/shop.rettum.ee\/en\/wp-json\/wp\/v2\/pa_brand_name?post=105256"}],"curies":[{"name":"wp","href":"https:\/\/api.w.org\/{rel}","templated":true}]}}