{"id":105261,"date":"2025-01-07T18:45:54","date_gmt":"2025-01-07T16:45:54","guid":{"rendered":"https:\/\/shop.rettum.ee\/toode\/275-45r20-aptany-ra301-110v-xl-cbb72\/"},"modified":"2026-03-28T02:50:43","modified_gmt":"2026-03-28T00:50:43","slug":"275-45r20-aptany-ra301-110v-xl-cbb72","status":"publish","type":"product","link":"https:\/\/shop.rettum.ee\/en\/product\/275-45r20-aptany-ra301-110v-xl-cbb72\/","title":{"rendered":"275\/45R20 APTANY RA301 110V XL CBB72"},"content":{"rendered":"<p>**Toote nimi: 275\/45R20 APTANY RA301 110V XL CBB72**<\/p>\n<p>Tutvustame APTANY RA301 rehvi \u2013 ideaalne valik autoomanikele, kes otsivad vastupidavust ja suurep\u00e4rast j\u00f5udlust. Selle rehvi lai m\u00f5\u00f5t 275 mm ja asendi suhe 45% tagavad stabiilse juhitavuse, samas kui 20-tolline diameeter pakub suurep\u00e4rast veoj\u00f5udu ja man\u00f6\u00f6verdusv\u00f5imet igasugustes teeoludes.<\/p>\n<p>APTANY RA301 on loodud k\u00fctuseefektiivsuse klassiga C, mis aitab teil s\u00f5ita pika vahemaa ja s\u00e4\u00e4sta k\u00fctust. T\u00f5hus koormusindeks 110 ja m\u00fcraklass B koos 72 dB m\u00fcratasemega tagavad mugava ja vaikse s\u00f5idukogemuse.<\/p>\n<p>Rehvi radiaalne konstruktsioon ja kiirusindeks V v\u00f5imaldavad s\u00f5ita maksimaalselt 240 km\/h, tehes selle sobivaks igap\u00e4evasteks s\u00f5itudeks ja pikemateks reisideks. Kaal 16.18 kg tagab t\u00e4iendava stabiilsuse ja ohutuse teel.<\/p>\n<p>Valige APTANY RA301 ja nautige sujuvat ja ohutut s\u00f5itu igas olukorras!<\/p>","protected":false},"excerpt":{"rendered":"<p>**Toote nimi: 275\/45R20 APTANY RA301 110V XL CBB72** Tutvustame APTANY RA301 rehvi \u2013 ideaalne valik autoomanikele, kes otsivad vastupidavust ja suurep\u00e4rast j\u00f5udlust. Selle rehvi lai m\u00f5\u00f5t 275 mm ja asendi suhe 45% tagavad stabiilse juhitavuse, samas kui 20-tolline diameeter pakub suurep\u00e4rast veoj\u00f5udu ja man\u00f6\u00f6verdusv\u00f5imet igasugustes teeoludes. APTANY RA301 on loodud k\u00fctuseefektiivsuse klassiga C, mis aitab [&hellip;]<\/p>\n","protected":false},"featured_media":123076,"template":"","meta":{"site-sidebar-layout":"default","site-content-layout":"","ast-site-content-layout":"","site-content-style":"default","site-sidebar-style":"default","ast-global-header-display":"","ast-banner-title-visibility":"","ast-main-header-display":"","ast-hfb-above-header-display":"","ast-hfb-below-header-display":"","ast-hfb-mobile-header-display":"","site-post-title":"","ast-breadcrumbs-content":"","ast-featured-img":"","footer-sml-layout":"","theme-transparent-header-meta":"","adv-header-id-meta":"","stick-header-meta":"","header-above-stick-meta":"","header-main-stick-meta":"","header-below-stick-meta":"","astra-migrate-meta-layouts":"default","ast-page-background-enabled":"default","ast-page-background-meta":{"desktop":{"background-color":"","background-image":"","background-repeat":"repeat","background-position":"center center","background-size":"auto","background-attachment":"scroll","background-type":"","background-media":"","overlay-type":"","overlay-color":"","overlay-opacity":"","overlay-gradient":""},"tablet":{"background-color":"","background-image":"","background-repeat":"repeat","background-position":"center center","background-size":"auto","background-attachment":"scroll","background-type":"","background-media":"","overlay-type":"","overlay-color":"","overlay-opacity":"","overlay-gradient":""},"mobile":{"background-color":"","background-image":"","background-repeat":"repeat","background-position":"center center","background-size":"auto","background-attachment":"scroll","background-type":"","background-media":"","overlay-type":"","overlay-color":"","overlay-opacity":"","overlay-gradient":""}},"ast-content-background-meta":{"desktop":{"background-color":"var(--ast-global-color-5)","background-image":"","background-repeat":"repeat","background-position":"center center","background-size":"auto","background-attachment":"scroll","background-type":"","background-media":"","overlay-type":"","overlay-color":"","overlay-opacity":"","overlay-gradient":""},"tablet":{"background-color":"var(--ast-global-color-5)","background-image":"","background-repeat":"repeat","background-position":"center center","background-size":"auto","background-attachment":"scroll","background-type":"","background-media":"","overlay-type":"","overlay-color":"","overlay-opacity":"","overlay-gradient":""},"mobile":{"background-color":"var(--ast-global-color-5)","background-image":"","background-repeat":"repeat","background-position":"center center","background-size":"auto","background-attachment":"scroll","background-type":"","background-media":"","overlay-type":"","overlay-color":"","overlay-opacity":"","overlay-gradient":""}}},"product_brand":[],"product_cat":[30108],"product_tag":[],"pa_brand_name":[33594],"class_list":{"0":"post-105261","1":"product","2":"type-product","3":"status-publish","4":"has-post-thumbnail","6":"product_cat-summer-tires-pv-2","7":"pa_brand_name-aptany","8":"desktop-align-left","9":"tablet-align-left","10":"mobile-align-left","12":"first","13":"instock","14":"taxable","15":"shipping-taxable","16":"purchasable","17":"product-type-simple"},"_links":{"self":[{"href":"https:\/\/shop.rettum.ee\/en\/wp-json\/wp\/v2\/product\/105261","targetHints":{"allow":["GET"]}}],"collection":[{"href":"https:\/\/shop.rettum.ee\/en\/wp-json\/wp\/v2\/product"}],"about":[{"href":"https:\/\/shop.rettum.ee\/en\/wp-json\/wp\/v2\/types\/product"}],"version-history":[{"count":0,"href":"https:\/\/shop.rettum.ee\/en\/wp-json\/wp\/v2\/product\/105261\/revisions"}],"wp:featuredmedia":[{"embeddable":true,"href":"https:\/\/shop.rettum.ee\/en\/wp-json\/wp\/v2\/media\/123076"}],"wp:attachment":[{"href":"https:\/\/shop.rettum.ee\/en\/wp-json\/wp\/v2\/media?parent=105261"}],"wp:term":[{"taxonomy":"product_brand","embeddable":true,"href":"https:\/\/shop.rettum.ee\/en\/wp-json\/wp\/v2\/product_brand?post=105261"},{"taxonomy":"product_cat","embeddable":true,"href":"https:\/\/shop.rettum.ee\/en\/wp-json\/wp\/v2\/product_cat?post=105261"},{"taxonomy":"product_tag","embeddable":true,"href":"https:\/\/shop.rettum.ee\/en\/wp-json\/wp\/v2\/product_tag?post=105261"},{"taxonomy":"pa_brand_name","embeddable":true,"href":"https:\/\/shop.rettum.ee\/en\/wp-json\/wp\/v2\/pa_brand_name?post=105261"}],"curies":[{"name":"wp","href":"https:\/\/api.w.org\/{rel}","templated":true}]}}