{"id":105262,"date":"2025-01-07T18:45:56","date_gmt":"2025-01-07T16:45:56","guid":{"rendered":"https:\/\/shop.rettum.ee\/toode\/295-35r21-aptany-ra301-107w-xl-cbb72\/"},"modified":"2026-03-25T02:47:14","modified_gmt":"2026-03-25T00:47:14","slug":"295-35r21-aptany-ra301-107w-xl-cbb72","status":"publish","type":"product","link":"https:\/\/shop.rettum.ee\/en\/product\/295-35r21-aptany-ra301-107w-xl-cbb72\/","title":{"rendered":"295\/35R21 APTANY RA301 107W XL CBB72"},"content":{"rendered":"<p>Avasta kvaliteet ja t\u00f5husus APTANY RA301 rehvidega, mis on ideaalne valik sinule, kes soovid oma s\u00f5idukile parimat. Tootenumber 295\/35R21 tagab erakordse stiili ja suurep\u00e4rase s\u00f5idumugavuse, samas kui selle lai m\u00f5\u00f5t 295 mm ja asfalti t\u00f5husalt haarav 35% aspektisuhe muudavad igasugused teed enda m\u00e4ngumaaks.<\/p>\n<p>APTANY MA301 mudel, millel on radiaalne konstruktsioon, pakub suurep\u00e4rast haarduvust ning stabiliteeti, olenemata teeoludest. Suure l\u00e4bim\u00f5\u00f5duga 21 tolli tagab sujuva ja mugava s\u00f5idu, samas kui C-klassi k\u00fctuseefektiivsus aitab s\u00e4\u00e4sta k\u00fctust ja v\u00e4hendab keskkonnakoormust. <\/p>\n<p>Rehvi laadimisindeks 107 ja kiirusindeks W lubavad maksimaalselt 270 km\/h kiirusel s\u00f5ita, samal ajal kui B-kategooria m\u00fcraklass (72 dB) tagab rahulikuma s\u00f5iduelamuse. Kaaludes 15,56 kg on APTANY RA301 rehvid vastupidavad ja usaldusv\u00e4\u00e4rsed, olles ideaalne valik igap\u00e4evaseks kasutamiseks ning h\u00e4mmastavateks seiklusteks.<\/p>\n<p>Vali APTANY RA301 ja naudi suurep\u00e4rast s\u00f5idumugavust ja turvalisust!<\/p>","protected":false},"excerpt":{"rendered":"<p>Avasta kvaliteet ja t\u00f5husus APTANY RA301 rehvidega, mis on ideaalne valik sinule, kes soovid oma s\u00f5idukile parimat. Tootenumber 295\/35R21 tagab erakordse stiili ja suurep\u00e4rase s\u00f5idumugavuse, samas kui selle lai m\u00f5\u00f5t 295 mm ja asfalti t\u00f5husalt haarav 35% aspektisuhe muudavad igasugused teed enda m\u00e4ngumaaks. APTANY MA301 mudel, millel on radiaalne konstruktsioon, pakub suurep\u00e4rast haarduvust ning stabiliteeti, [&hellip;]<\/p>\n","protected":false},"featured_media":123076,"template":"","meta":{"site-sidebar-layout":"default","site-content-layout":"","ast-site-content-layout":"","site-content-style":"default","site-sidebar-style":"default","ast-global-header-display":"","ast-banner-title-visibility":"","ast-main-header-display":"","ast-hfb-above-header-display":"","ast-hfb-below-header-display":"","ast-hfb-mobile-header-display":"","site-post-title":"","ast-breadcrumbs-content":"","ast-featured-img":"","footer-sml-layout":"","theme-transparent-header-meta":"","adv-header-id-meta":"","stick-header-meta":"","header-above-stick-meta":"","header-main-stick-meta":"","header-below-stick-meta":"","astra-migrate-meta-layouts":"default","ast-page-background-enabled":"default","ast-page-background-meta":{"desktop":{"background-color":"","background-image":"","background-repeat":"repeat","background-position":"center center","background-size":"auto","background-attachment":"scroll","background-type":"","background-media":"","overlay-type":"","overlay-color":"","overlay-opacity":"","overlay-gradient":""},"tablet":{"background-color":"","background-image":"","background-repeat":"repeat","background-position":"center center","background-size":"auto","background-attachment":"scroll","background-type":"","background-media":"","overlay-type":"","overlay-color":"","overlay-opacity":"","overlay-gradient":""},"mobile":{"background-color":"","background-image":"","background-repeat":"repeat","background-position":"center center","background-size":"auto","background-attachment":"scroll","background-type":"","background-media":"","overlay-type":"","overlay-color":"","overlay-opacity":"","overlay-gradient":""}},"ast-content-background-meta":{"desktop":{"background-color":"var(--ast-global-color-5)","background-image":"","background-repeat":"repeat","background-position":"center center","background-size":"auto","background-attachment":"scroll","background-type":"","background-media":"","overlay-type":"","overlay-color":"","overlay-opacity":"","overlay-gradient":""},"tablet":{"background-color":"var(--ast-global-color-5)","background-image":"","background-repeat":"repeat","background-position":"center center","background-size":"auto","background-attachment":"scroll","background-type":"","background-media":"","overlay-type":"","overlay-color":"","overlay-opacity":"","overlay-gradient":""},"mobile":{"background-color":"var(--ast-global-color-5)","background-image":"","background-repeat":"repeat","background-position":"center center","background-size":"auto","background-attachment":"scroll","background-type":"","background-media":"","overlay-type":"","overlay-color":"","overlay-opacity":"","overlay-gradient":""}}},"product_brand":[],"product_cat":[30108],"product_tag":[],"pa_brand_name":[33594],"class_list":{"0":"post-105262","1":"product","2":"type-product","3":"status-publish","4":"has-post-thumbnail","6":"product_cat-summer-tires-pv-2","7":"pa_brand_name-aptany","8":"desktop-align-left","9":"tablet-align-left","10":"mobile-align-left","12":"first","13":"instock","14":"taxable","15":"shipping-taxable","16":"purchasable","17":"product-type-simple"},"_links":{"self":[{"href":"https:\/\/shop.rettum.ee\/en\/wp-json\/wp\/v2\/product\/105262","targetHints":{"allow":["GET"]}}],"collection":[{"href":"https:\/\/shop.rettum.ee\/en\/wp-json\/wp\/v2\/product"}],"about":[{"href":"https:\/\/shop.rettum.ee\/en\/wp-json\/wp\/v2\/types\/product"}],"version-history":[{"count":0,"href":"https:\/\/shop.rettum.ee\/en\/wp-json\/wp\/v2\/product\/105262\/revisions"}],"wp:featuredmedia":[{"embeddable":true,"href":"https:\/\/shop.rettum.ee\/en\/wp-json\/wp\/v2\/media\/123076"}],"wp:attachment":[{"href":"https:\/\/shop.rettum.ee\/en\/wp-json\/wp\/v2\/media?parent=105262"}],"wp:term":[{"taxonomy":"product_brand","embeddable":true,"href":"https:\/\/shop.rettum.ee\/en\/wp-json\/wp\/v2\/product_brand?post=105262"},{"taxonomy":"product_cat","embeddable":true,"href":"https:\/\/shop.rettum.ee\/en\/wp-json\/wp\/v2\/product_cat?post=105262"},{"taxonomy":"product_tag","embeddable":true,"href":"https:\/\/shop.rettum.ee\/en\/wp-json\/wp\/v2\/product_tag?post=105262"},{"taxonomy":"pa_brand_name","embeddable":true,"href":"https:\/\/shop.rettum.ee\/en\/wp-json\/wp\/v2\/pa_brand_name?post=105262"}],"curies":[{"name":"wp","href":"https:\/\/api.w.org\/{rel}","templated":true}]}}