{"id":105329,"date":"2025-01-07T18:48:05","date_gmt":"2025-01-07T16:48:05","guid":{"rendered":"https:\/\/shop.rettum.ee\/toode\/120-90-10-mitas-maxima-57p-tl-scooter-street\/"},"modified":"2026-03-22T03:05:20","modified_gmt":"2026-03-22T01:05:20","slug":"120-90-10-mitas-maxima-57p-tl-scooter-street","status":"publish","type":"product","link":"https:\/\/shop.rettum.ee\/en\/product\/120-90-10-mitas-maxima-57p-tl-scooter-street\/","title":{"rendered":"120\/90-10 Mitas MAXIMA 57P TL SCOOTER STREET"},"content":{"rendered":"<p>**Toote kirjeldus: Mitas MAXIMA 120\/90-10 TL SCOOTER STREET**<\/p>\n<p>Tutvustame Mitas MAXIMA 57P TL scooter rehvi, mis toob teie igap\u00e4evasele s\u00f5iduelamusele uue taseme! Tootetud tuntud br\u00e4ndi Mitas poolt, on see rehv t\u00f5eline kvaliteedi ja usaldusv\u00e4\u00e4rsuse s\u00fcmbol. <\/p>\n<p>Rehvi laius on 120 mm ja k\u00f5rgus 90%, mis tagab suurep\u00e4rase stabiilsuse ning juhitavuse linnaoludes. 10-tollise diameetriga sobib see ideaalselt skuuteritele, muutes igap\u00e4evase liiklemise mugavaks ja nautida toob pehme s\u00f5idutunde, mis v\u00e4hendab vibratsiooni maanteel.<\/p>\n<p>Mitas MAXIMA rehvi kiirusindeks on P, mis t\u00e4hendab, et see talub kiirus kuni 150 km\/h, olles seega ideaalne valik linna\u00f5hkkonnas. Koormusindeks 57 tagab, et rehv kannatab suure koormuse, olles samas kerge, kaaludes vaid 3.20 kg.<\/p>\n<p>Valige Mitas MAXIMA 120\/90-10 TL SCOOTER STREET ja naudi stabiilsust, ohutust ja mugavust igal s\u00f5idul!<\/p>","protected":false},"excerpt":{"rendered":"<p>**Toote kirjeldus: Mitas MAXIMA 120\/90-10 TL SCOOTER STREET** Tutvustame Mitas MAXIMA 57P TL scooter rehvi, mis toob teie igap\u00e4evasele s\u00f5iduelamusele uue taseme! Tootetud tuntud br\u00e4ndi Mitas poolt, on see rehv t\u00f5eline kvaliteedi ja usaldusv\u00e4\u00e4rsuse s\u00fcmbol. Rehvi laius on 120 mm ja k\u00f5rgus 90%, mis tagab suurep\u00e4rase stabiilsuse ning juhitavuse linnaoludes. 10-tollise diameetriga sobib see ideaalselt [&hellip;]<\/p>\n","protected":false},"featured_media":123878,"template":"","meta":{"site-sidebar-layout":"default","site-content-layout":"","ast-site-content-layout":"","site-content-style":"default","site-sidebar-style":"default","ast-global-header-display":"","ast-banner-title-visibility":"","ast-main-header-display":"","ast-hfb-above-header-display":"","ast-hfb-below-header-display":"","ast-hfb-mobile-header-display":"","site-post-title":"","ast-breadcrumbs-content":"","ast-featured-img":"","footer-sml-layout":"","theme-transparent-header-meta":"","adv-header-id-meta":"","stick-header-meta":"","header-above-stick-meta":"","header-main-stick-meta":"","header-below-stick-meta":"","astra-migrate-meta-layouts":"default","ast-page-background-enabled":"default","ast-page-background-meta":{"desktop":{"background-color":"","background-image":"","background-repeat":"repeat","background-position":"center center","background-size":"auto","background-attachment":"scroll","background-type":"","background-media":"","overlay-type":"","overlay-color":"","overlay-opacity":"","overlay-gradient":""},"tablet":{"background-color":"","background-image":"","background-repeat":"repeat","background-position":"center center","background-size":"auto","background-attachment":"scroll","background-type":"","background-media":"","overlay-type":"","overlay-color":"","overlay-opacity":"","overlay-gradient":""},"mobile":{"background-color":"","background-image":"","background-repeat":"repeat","background-position":"center center","background-size":"auto","background-attachment":"scroll","background-type":"","background-media":"","overlay-type":"","overlay-color":"","overlay-opacity":"","overlay-gradient":""}},"ast-content-background-meta":{"desktop":{"background-color":"var(--ast-global-color-5)","background-image":"","background-repeat":"repeat","background-position":"center center","background-size":"auto","background-attachment":"scroll","background-type":"","background-media":"","overlay-type":"","overlay-color":"","overlay-opacity":"","overlay-gradient":""},"tablet":{"background-color":"var(--ast-global-color-5)","background-image":"","background-repeat":"repeat","background-position":"center center","background-size":"auto","background-attachment":"scroll","background-type":"","background-media":"","overlay-type":"","overlay-color":"","overlay-opacity":"","overlay-gradient":""},"mobile":{"background-color":"var(--ast-global-color-5)","background-image":"","background-repeat":"repeat","background-position":"center center","background-size":"auto","background-attachment":"scroll","background-type":"","background-media":"","overlay-type":"","overlay-color":"","overlay-opacity":"","overlay-gradient":""}}},"product_brand":[],"product_cat":[30107],"product_tag":[],"pa_brand_name":[17290],"class_list":{"0":"post-105329","1":"product","2":"type-product","3":"status-publish","4":"has-post-thumbnail","6":"product_cat-mc-tires-2","7":"pa_brand_name-mitas","8":"desktop-align-left","9":"tablet-align-left","10":"mobile-align-left","12":"first","13":"outofstock","14":"taxable","15":"shipping-taxable","16":"purchasable","17":"product-type-simple"},"_links":{"self":[{"href":"https:\/\/shop.rettum.ee\/en\/wp-json\/wp\/v2\/product\/105329","targetHints":{"allow":["GET"]}}],"collection":[{"href":"https:\/\/shop.rettum.ee\/en\/wp-json\/wp\/v2\/product"}],"about":[{"href":"https:\/\/shop.rettum.ee\/en\/wp-json\/wp\/v2\/types\/product"}],"version-history":[{"count":0,"href":"https:\/\/shop.rettum.ee\/en\/wp-json\/wp\/v2\/product\/105329\/revisions"}],"wp:featuredmedia":[{"embeddable":true,"href":"https:\/\/shop.rettum.ee\/en\/wp-json\/wp\/v2\/media\/123878"}],"wp:attachment":[{"href":"https:\/\/shop.rettum.ee\/en\/wp-json\/wp\/v2\/media?parent=105329"}],"wp:term":[{"taxonomy":"product_brand","embeddable":true,"href":"https:\/\/shop.rettum.ee\/en\/wp-json\/wp\/v2\/product_brand?post=105329"},{"taxonomy":"product_cat","embeddable":true,"href":"https:\/\/shop.rettum.ee\/en\/wp-json\/wp\/v2\/product_cat?post=105329"},{"taxonomy":"product_tag","embeddable":true,"href":"https:\/\/shop.rettum.ee\/en\/wp-json\/wp\/v2\/product_tag?post=105329"},{"taxonomy":"pa_brand_name","embeddable":true,"href":"https:\/\/shop.rettum.ee\/en\/wp-json\/wp\/v2\/pa_brand_name?post=105329"}],"curies":[{"name":"wp","href":"https:\/\/api.w.org\/{rel}","templated":true}]}}