{"id":105330,"date":"2025-01-07T18:48:07","date_gmt":"2025-01-07T16:48:07","guid":{"rendered":"https:\/\/shop.rettum.ee\/toode\/130-70-12-mitas-maxima-62p-tl-scooter-street-reinf\/"},"modified":"2026-03-22T03:05:21","modified_gmt":"2026-03-22T01:05:21","slug":"130-70-12-mitas-maxima-62p-tl-scooter-street-reinf","status":"publish","type":"product","link":"https:\/\/shop.rettum.ee\/en\/product\/130-70-12-mitas-maxima-62p-tl-scooter-street-reinf\/","title":{"rendered":"130\/70-12 Mitas MAXIMA 62P TL SCOOTER STREET REINF"},"content":{"rendered":"<p>Avastage Mitas MAXIMA 62P TL SCOOTER STREET REINF rehvide uus tase! Suurep\u00e4raselt sobilik linnas\u00f5itudeks, toob see 130\/70-12 rehv teie skuutrile kindla pidamise ja usaldusv\u00e4\u00e4rsuse. Mitas, tuntud kvaliteedi poolest, on loonud selle rehvi, mis pakub tutvustava raja ja sujuva s\u00f5idu koos idealiseeritud m\u00f5\u00f5tudega. <\/p>\n<p>Rehvi laius on 130 mm ja k\u00f5rgus 70%, mis tagab stabiilsuse ning mugavuse igasugustes teeoludes. Rehvi l\u00e4bim\u00f5\u00f5t 12 tolli ja kandeindeks 62 v\u00f5imaldavad kanda meelerahu ja mugavust igas s\u00f5idusituatsioonis. Kiirusindeks P t\u00e4hendab, et see rehv on m\u00f5eldud s\u00f5iduks kuni 150 km\/h, tagades j\u00f5udluse isegi kiiretel l\u00f5ikudel.<\/p>\n<p>Mitas MAXIMA 62P on suurep\u00e4rane valik igap\u00e4evasteks reisideks, \u00fchendades suurep\u00e4rase j\u00f5udluse ja pikaealisuse. T\u00f5stke oma skuutri s\u00f5idu kvaliteet uuele tasemele! Rikkaliku ja usaldusv\u00e4\u00e4rse Mitas rehvi abil olete alati teel.<\/p>","protected":false},"excerpt":{"rendered":"<p>Avastage Mitas MAXIMA 62P TL SCOOTER STREET REINF rehvide uus tase! Suurep\u00e4raselt sobilik linnas\u00f5itudeks, toob see 130\/70-12 rehv teie skuutrile kindla pidamise ja usaldusv\u00e4\u00e4rsuse. Mitas, tuntud kvaliteedi poolest, on loonud selle rehvi, mis pakub tutvustava raja ja sujuva s\u00f5idu koos idealiseeritud m\u00f5\u00f5tudega. Rehvi laius on 130 mm ja k\u00f5rgus 70%, mis tagab stabiilsuse ning mugavuse [&hellip;]<\/p>\n","protected":false},"featured_media":123878,"template":"","meta":{"site-sidebar-layout":"default","site-content-layout":"","ast-site-content-layout":"","site-content-style":"default","site-sidebar-style":"default","ast-global-header-display":"","ast-banner-title-visibility":"","ast-main-header-display":"","ast-hfb-above-header-display":"","ast-hfb-below-header-display":"","ast-hfb-mobile-header-display":"","site-post-title":"","ast-breadcrumbs-content":"","ast-featured-img":"","footer-sml-layout":"","theme-transparent-header-meta":"","adv-header-id-meta":"","stick-header-meta":"","header-above-stick-meta":"","header-main-stick-meta":"","header-below-stick-meta":"","astra-migrate-meta-layouts":"default","ast-page-background-enabled":"default","ast-page-background-meta":{"desktop":{"background-color":"","background-image":"","background-repeat":"repeat","background-position":"center center","background-size":"auto","background-attachment":"scroll","background-type":"","background-media":"","overlay-type":"","overlay-color":"","overlay-opacity":"","overlay-gradient":""},"tablet":{"background-color":"","background-image":"","background-repeat":"repeat","background-position":"center center","background-size":"auto","background-attachment":"scroll","background-type":"","background-media":"","overlay-type":"","overlay-color":"","overlay-opacity":"","overlay-gradient":""},"mobile":{"background-color":"","background-image":"","background-repeat":"repeat","background-position":"center center","background-size":"auto","background-attachment":"scroll","background-type":"","background-media":"","overlay-type":"","overlay-color":"","overlay-opacity":"","overlay-gradient":""}},"ast-content-background-meta":{"desktop":{"background-color":"var(--ast-global-color-5)","background-image":"","background-repeat":"repeat","background-position":"center center","background-size":"auto","background-attachment":"scroll","background-type":"","background-media":"","overlay-type":"","overlay-color":"","overlay-opacity":"","overlay-gradient":""},"tablet":{"background-color":"var(--ast-global-color-5)","background-image":"","background-repeat":"repeat","background-position":"center center","background-size":"auto","background-attachment":"scroll","background-type":"","background-media":"","overlay-type":"","overlay-color":"","overlay-opacity":"","overlay-gradient":""},"mobile":{"background-color":"var(--ast-global-color-5)","background-image":"","background-repeat":"repeat","background-position":"center center","background-size":"auto","background-attachment":"scroll","background-type":"","background-media":"","overlay-type":"","overlay-color":"","overlay-opacity":"","overlay-gradient":""}}},"product_brand":[],"product_cat":[30107],"product_tag":[],"pa_brand_name":[17290],"class_list":{"0":"post-105330","1":"product","2":"type-product","3":"status-publish","4":"has-post-thumbnail","6":"product_cat-mc-tires-2","7":"pa_brand_name-mitas","8":"desktop-align-left","9":"tablet-align-left","10":"mobile-align-left","12":"first","13":"outofstock","14":"taxable","15":"shipping-taxable","16":"purchasable","17":"product-type-simple"},"_links":{"self":[{"href":"https:\/\/shop.rettum.ee\/en\/wp-json\/wp\/v2\/product\/105330","targetHints":{"allow":["GET"]}}],"collection":[{"href":"https:\/\/shop.rettum.ee\/en\/wp-json\/wp\/v2\/product"}],"about":[{"href":"https:\/\/shop.rettum.ee\/en\/wp-json\/wp\/v2\/types\/product"}],"version-history":[{"count":0,"href":"https:\/\/shop.rettum.ee\/en\/wp-json\/wp\/v2\/product\/105330\/revisions"}],"wp:featuredmedia":[{"embeddable":true,"href":"https:\/\/shop.rettum.ee\/en\/wp-json\/wp\/v2\/media\/123878"}],"wp:attachment":[{"href":"https:\/\/shop.rettum.ee\/en\/wp-json\/wp\/v2\/media?parent=105330"}],"wp:term":[{"taxonomy":"product_brand","embeddable":true,"href":"https:\/\/shop.rettum.ee\/en\/wp-json\/wp\/v2\/product_brand?post=105330"},{"taxonomy":"product_cat","embeddable":true,"href":"https:\/\/shop.rettum.ee\/en\/wp-json\/wp\/v2\/product_cat?post=105330"},{"taxonomy":"product_tag","embeddable":true,"href":"https:\/\/shop.rettum.ee\/en\/wp-json\/wp\/v2\/product_tag?post=105330"},{"taxonomy":"pa_brand_name","embeddable":true,"href":"https:\/\/shop.rettum.ee\/en\/wp-json\/wp\/v2\/pa_brand_name?post=105330"}],"curies":[{"name":"wp","href":"https:\/\/api.w.org\/{rel}","templated":true}]}}