{"id":105334,"date":"2025-01-07T18:48:16","date_gmt":"2025-01-07T16:48:16","guid":{"rendered":"https:\/\/shop.rettum.ee\/toode\/170-60b17-mitas-enduro-trail-xt-e-10-72h-tl-enduro-off-road-rear-ms\/"},"modified":"2026-03-22T03:05:22","modified_gmt":"2026-03-22T01:05:22","slug":"170-60b17-mitas-enduro-trail-xt-e-10-72h-tl-enduro-off-road-rear-ms","status":"publish","type":"product","link":"https:\/\/shop.rettum.ee\/en\/product\/170-60b17-mitas-enduro-trail-xt-e-10-72h-tl-enduro-off-road-rear-ms\/","title":{"rendered":"170\/60B17 Mitas ENDURO TRAIL XT (E-10) 72H TL ENDURO OFF ROAD Rear M+S"},"content":{"rendered":"<p>**Toote kirjeldus: 170\/60B17 Mitas ENDURO TRAIL XT (E-10) 72H TL ENDURO OFF ROAD Tagumine Rattal M+S**<\/p>\n<p>Kogege t\u00f5elist maastiku seiklust Mitas ENDURO TRAIL XT (E-10) rehvidega, mis on loodud spetsiaalselt off-road tingimuste jaoks. Rehvi laius 170 mm ja k\u00f5rguse suhe 60% tagavad stabiilse ja kindla s\u00f5idud\u00fcnaamika erinevatel pinnastel, samas kui 17-tolline diameeter sobib ideaalselt teie mootorrattale, tagades suurep\u00e4rase haarde ja man\u00f6\u00f6verdusv\u00f5ime.<\/p>\n<p>Mitas ENDURO TRAIL XT (E-10) rehvil on laadimisindeks 72, mis v\u00f5imaldab tal kanda suurt kaalu, olles samas kerge &#8211; vaid 7.32 kg. H kiirusindeks tagab ohutu ja usaldusv\u00e4\u00e4rse s\u00f5idu kiirusel kuni 210 km\/h. TL (tubeless) disain lihtsustab paigaldamist ja hooldust, samas kui M+S (mudel ja lumi) sertifikaat tagab suurep\u00e4rase haarde ja stabiilsuse ka suhteliselt m\u00e4rgades ja libedates oludes.<\/p>\n<p>Valige Mitas ENDURO TRAIL XT, et nautida v\u00f5rreldamatut sooritusv\u00f5imet ja mugavust iga seikluse ajal!<\/p>","protected":false},"excerpt":{"rendered":"<p>**Toote kirjeldus: 170\/60B17 Mitas ENDURO TRAIL XT (E-10) 72H TL ENDURO OFF ROAD Tagumine Rattal M+S** Kogege t\u00f5elist maastiku seiklust Mitas ENDURO TRAIL XT (E-10) rehvidega, mis on loodud spetsiaalselt off-road tingimuste jaoks. Rehvi laius 170 mm ja k\u00f5rguse suhe 60% tagavad stabiilse ja kindla s\u00f5idud\u00fcnaamika erinevatel pinnastel, samas kui 17-tolline diameeter sobib ideaalselt teie [&hellip;]<\/p>\n","protected":false},"featured_media":123862,"template":"","meta":{"site-sidebar-layout":"default","site-content-layout":"","ast-site-content-layout":"","site-content-style":"default","site-sidebar-style":"default","ast-global-header-display":"","ast-banner-title-visibility":"","ast-main-header-display":"","ast-hfb-above-header-display":"","ast-hfb-below-header-display":"","ast-hfb-mobile-header-display":"","site-post-title":"","ast-breadcrumbs-content":"","ast-featured-img":"","footer-sml-layout":"","theme-transparent-header-meta":"","adv-header-id-meta":"","stick-header-meta":"","header-above-stick-meta":"","header-main-stick-meta":"","header-below-stick-meta":"","astra-migrate-meta-layouts":"default","ast-page-background-enabled":"default","ast-page-background-meta":{"desktop":{"background-color":"","background-image":"","background-repeat":"repeat","background-position":"center center","background-size":"auto","background-attachment":"scroll","background-type":"","background-media":"","overlay-type":"","overlay-color":"","overlay-opacity":"","overlay-gradient":""},"tablet":{"background-color":"","background-image":"","background-repeat":"repeat","background-position":"center center","background-size":"auto","background-attachment":"scroll","background-type":"","background-media":"","overlay-type":"","overlay-color":"","overlay-opacity":"","overlay-gradient":""},"mobile":{"background-color":"","background-image":"","background-repeat":"repeat","background-position":"center center","background-size":"auto","background-attachment":"scroll","background-type":"","background-media":"","overlay-type":"","overlay-color":"","overlay-opacity":"","overlay-gradient":""}},"ast-content-background-meta":{"desktop":{"background-color":"var(--ast-global-color-5)","background-image":"","background-repeat":"repeat","background-position":"center center","background-size":"auto","background-attachment":"scroll","background-type":"","background-media":"","overlay-type":"","overlay-color":"","overlay-opacity":"","overlay-gradient":""},"tablet":{"background-color":"var(--ast-global-color-5)","background-image":"","background-repeat":"repeat","background-position":"center center","background-size":"auto","background-attachment":"scroll","background-type":"","background-media":"","overlay-type":"","overlay-color":"","overlay-opacity":"","overlay-gradient":""},"mobile":{"background-color":"var(--ast-global-color-5)","background-image":"","background-repeat":"repeat","background-position":"center center","background-size":"auto","background-attachment":"scroll","background-type":"","background-media":"","overlay-type":"","overlay-color":"","overlay-opacity":"","overlay-gradient":""}}},"product_brand":[],"product_cat":[30107],"product_tag":[],"pa_brand_name":[17290],"class_list":{"0":"post-105334","1":"product","2":"type-product","3":"status-publish","4":"has-post-thumbnail","6":"product_cat-mc-tires-2","7":"pa_brand_name-mitas","8":"desktop-align-left","9":"tablet-align-left","10":"mobile-align-left","12":"first","13":"outofstock","14":"taxable","15":"shipping-taxable","16":"purchasable","17":"product-type-simple"},"_links":{"self":[{"href":"https:\/\/shop.rettum.ee\/en\/wp-json\/wp\/v2\/product\/105334","targetHints":{"allow":["GET"]}}],"collection":[{"href":"https:\/\/shop.rettum.ee\/en\/wp-json\/wp\/v2\/product"}],"about":[{"href":"https:\/\/shop.rettum.ee\/en\/wp-json\/wp\/v2\/types\/product"}],"version-history":[{"count":0,"href":"https:\/\/shop.rettum.ee\/en\/wp-json\/wp\/v2\/product\/105334\/revisions"}],"wp:featuredmedia":[{"embeddable":true,"href":"https:\/\/shop.rettum.ee\/en\/wp-json\/wp\/v2\/media\/123862"}],"wp:attachment":[{"href":"https:\/\/shop.rettum.ee\/en\/wp-json\/wp\/v2\/media?parent=105334"}],"wp:term":[{"taxonomy":"product_brand","embeddable":true,"href":"https:\/\/shop.rettum.ee\/en\/wp-json\/wp\/v2\/product_brand?post=105334"},{"taxonomy":"product_cat","embeddable":true,"href":"https:\/\/shop.rettum.ee\/en\/wp-json\/wp\/v2\/product_cat?post=105334"},{"taxonomy":"product_tag","embeddable":true,"href":"https:\/\/shop.rettum.ee\/en\/wp-json\/wp\/v2\/product_tag?post=105334"},{"taxonomy":"pa_brand_name","embeddable":true,"href":"https:\/\/shop.rettum.ee\/en\/wp-json\/wp\/v2\/pa_brand_name?post=105334"}],"curies":[{"name":"wp","href":"https:\/\/api.w.org\/{rel}","templated":true}]}}