{"id":105335,"date":"2025-01-07T18:48:18","date_gmt":"2025-01-07T16:48:18","guid":{"rendered":"https:\/\/shop.rettum.ee\/toode\/170-60b17-mitas-enduro-trail-xt-e-09-72t-tl-enduro-off-road-rear-ms\/"},"modified":"2025-08-06T02:45:41","modified_gmt":"2025-08-05T23:45:41","slug":"170-60b17-mitas-enduro-trail-xt-e-09-72t-tl-enduro-off-road-rear-ms","status":"publish","type":"product","link":"https:\/\/shop.rettum.ee\/en\/product\/170-60b17-mitas-enduro-trail-xt-e-09-72t-tl-enduro-off-road-rear-ms\/","title":{"rendered":"170\/60B17 Mitas ENDURO TRAIL XT+ (E-09) 72T TL ENDURO OFF ROAD Rear M+S"},"content":{"rendered":"<p>**Tootenimi: 170\/60B17 Mitas ENDURO TRAIL XT+ (E-09) 72T TL ENDURO OFF ROAD Tagumine M+S**<\/p>\n<p>Avastage uusi seiklusi Mitas ENDURO TRAIL XT+ (E-09) rehvidega, mis on loodud tagama tipptasemel j\u00e4ikust ja usaldusv\u00e4\u00e4rsust igasugustes maastikuoludes. Rehv, mille m\u00f5\u00f5tmed on 170\/60B17, pakub erakordset stabiilsust ja man\u00f6\u00f6verdusv\u00f5imet, olgu teie tee kruusane v\u00f5i mudane.<\/p>\n<p>Mitas br\u00e4ndiga saate kindel olla kvaliteedis ja vastupidavuses. Selle rehviga, mille kiirusindeks on T, suudate j\u00f5uda soovitud sihtpunkti kiiresti ja mugavalt. Laadimisindeks 72 tagab, et saate s\u00f5ita ka raskemate koormatega ilma murede ja ebamugavusteta.<\/p>\n<p>M+S m\u00e4rge kinnitab, et need rehvid on sobilikud k\u00fclmemates oludes, pakkudes head haardumist nii lume- kui m\u00e4rgades tingimustes. Kaalu 8.12 kg juures on see rehv kerge, kuid siiski robustne \u2013 ideaalne valik t\u00f5eliseks seikluseks maastikul. Valige Mitas ENDURO TRAIL XT+, et nautida igat s\u00f5iduelamust!<\/p>","protected":false},"excerpt":{"rendered":"<p>**Tootenimi: 170\/60B17 Mitas ENDURO TRAIL XT+ (E-09) 72T TL ENDURO OFF ROAD Tagumine M+S** Avastage uusi seiklusi Mitas ENDURO TRAIL XT+ (E-09) rehvidega, mis on loodud tagama tipptasemel j\u00e4ikust ja usaldusv\u00e4\u00e4rsust igasugustes maastikuoludes. Rehv, mille m\u00f5\u00f5tmed on 170\/60B17, pakub erakordset stabiilsust ja man\u00f6\u00f6verdusv\u00f5imet, olgu teie tee kruusane v\u00f5i mudane. Mitas br\u00e4ndiga saate kindel olla kvaliteedis [&hellip;]<\/p>\n","protected":false},"featured_media":123868,"template":"","meta":{"site-sidebar-layout":"default","site-content-layout":"","ast-site-content-layout":"","site-content-style":"default","site-sidebar-style":"default","ast-global-header-display":"","ast-banner-title-visibility":"","ast-main-header-display":"","ast-hfb-above-header-display":"","ast-hfb-below-header-display":"","ast-hfb-mobile-header-display":"","site-post-title":"","ast-breadcrumbs-content":"","ast-featured-img":"","footer-sml-layout":"","theme-transparent-header-meta":"","adv-header-id-meta":"","stick-header-meta":"","header-above-stick-meta":"","header-main-stick-meta":"","header-below-stick-meta":"","astra-migrate-meta-layouts":"default","ast-page-background-enabled":"default","ast-page-background-meta":{"desktop":{"background-color":"","background-image":"","background-repeat":"repeat","background-position":"center center","background-size":"auto","background-attachment":"scroll","background-type":"","background-media":"","overlay-type":"","overlay-color":"","overlay-opacity":"","overlay-gradient":""},"tablet":{"background-color":"","background-image":"","background-repeat":"repeat","background-position":"center center","background-size":"auto","background-attachment":"scroll","background-type":"","background-media":"","overlay-type":"","overlay-color":"","overlay-opacity":"","overlay-gradient":""},"mobile":{"background-color":"","background-image":"","background-repeat":"repeat","background-position":"center center","background-size":"auto","background-attachment":"scroll","background-type":"","background-media":"","overlay-type":"","overlay-color":"","overlay-opacity":"","overlay-gradient":""}},"ast-content-background-meta":{"desktop":{"background-color":"var(--ast-global-color-5)","background-image":"","background-repeat":"repeat","background-position":"center center","background-size":"auto","background-attachment":"scroll","background-type":"","background-media":"","overlay-type":"","overlay-color":"","overlay-opacity":"","overlay-gradient":""},"tablet":{"background-color":"var(--ast-global-color-5)","background-image":"","background-repeat":"repeat","background-position":"center center","background-size":"auto","background-attachment":"scroll","background-type":"","background-media":"","overlay-type":"","overlay-color":"","overlay-opacity":"","overlay-gradient":""},"mobile":{"background-color":"var(--ast-global-color-5)","background-image":"","background-repeat":"repeat","background-position":"center center","background-size":"auto","background-attachment":"scroll","background-type":"","background-media":"","overlay-type":"","overlay-color":"","overlay-opacity":"","overlay-gradient":""}}},"product_brand":[],"product_cat":[30107],"product_tag":[],"pa_brand_name":[17290],"class_list":{"0":"post-105335","1":"product","2":"type-product","3":"status-publish","4":"has-post-thumbnail","6":"product_cat-mc-tires-2","7":"pa_brand_name-mitas","8":"desktop-align-left","9":"tablet-align-left","10":"mobile-align-left","12":"first","13":"outofstock","14":"taxable","15":"shipping-taxable","16":"purchasable","17":"product-type-simple"},"_links":{"self":[{"href":"https:\/\/shop.rettum.ee\/en\/wp-json\/wp\/v2\/product\/105335","targetHints":{"allow":["GET"]}}],"collection":[{"href":"https:\/\/shop.rettum.ee\/en\/wp-json\/wp\/v2\/product"}],"about":[{"href":"https:\/\/shop.rettum.ee\/en\/wp-json\/wp\/v2\/types\/product"}],"version-history":[{"count":0,"href":"https:\/\/shop.rettum.ee\/en\/wp-json\/wp\/v2\/product\/105335\/revisions"}],"wp:featuredmedia":[{"embeddable":true,"href":"https:\/\/shop.rettum.ee\/en\/wp-json\/wp\/v2\/media\/123868"}],"wp:attachment":[{"href":"https:\/\/shop.rettum.ee\/en\/wp-json\/wp\/v2\/media?parent=105335"}],"wp:term":[{"taxonomy":"product_brand","embeddable":true,"href":"https:\/\/shop.rettum.ee\/en\/wp-json\/wp\/v2\/product_brand?post=105335"},{"taxonomy":"product_cat","embeddable":true,"href":"https:\/\/shop.rettum.ee\/en\/wp-json\/wp\/v2\/product_cat?post=105335"},{"taxonomy":"product_tag","embeddable":true,"href":"https:\/\/shop.rettum.ee\/en\/wp-json\/wp\/v2\/product_tag?post=105335"},{"taxonomy":"pa_brand_name","embeddable":true,"href":"https:\/\/shop.rettum.ee\/en\/wp-json\/wp\/v2\/pa_brand_name?post=105335"}],"curies":[{"name":"wp","href":"https:\/\/api.w.org\/{rel}","templated":true}]}}