{"id":105336,"date":"2025-01-07T18:48:19","date_gmt":"2025-01-07T16:48:19","guid":{"rendered":"https:\/\/shop.rettum.ee\/toode\/140-80-18-mitas-terra-force-ef-y-70r-tt-enduro-competition-rear-super-fast-enduro-fim\/"},"modified":"2025-12-04T02:45:36","modified_gmt":"2025-12-04T00:45:36","slug":"140-80-18-mitas-terra-force-ef-y-70r-tt-enduro-competition-rear-super-fast-enduro-fim","status":"publish","type":"product","link":"https:\/\/shop.rettum.ee\/en\/product\/140-80-18-mitas-terra-force-ef-y-70r-tt-enduro-competition-rear-super-fast-enduro-fim\/","title":{"rendered":"140\/80-18 Mitas TERRA FORCE-EF Y 70R TT ENDURO COMPETITION Rear SUPER (FAST ENDURO) FIM"},"content":{"rendered":"<p>**Tootenimi: 140\/80-18 Mitas TERRA FORCE-EF Y 70R TT ENDURO COMPETITION Rear SUPER (FAST ENDURO) FIM**<\/p>\n<p>Mitas TERRA FORCE-EF Y 70R on spetsiaalselt loodud enduro v\u00f5istluste jaoks, pakkudes erakordset haarduvust ja stabiilsust nii maastikul kui ka asfaldil. Rehv, mille m\u00f5\u00f5dud on 140\/80-18, esindab 80% aspekti suhet, tagades suurep\u00e4rase tasakaalu ja juhitavuse. Tootja Mitas on tuntud oma kvaliteedi ja usaldusv\u00e4\u00e4rsuse poolest, mist\u00f5ttu v\u00f5ite olla kindel, et see toode suudab taluda meest tugevamaid v\u00e4ljakutseid.<\/p>\n<p>Rehvi kiirusindeks R viitab sellele, et see on m\u00f5eldud maksimaalse kiirusena 170 km\/h, mis muudab selle ideaalseks kiirusarmastajatele. Koormuse indeks 70 annab kindlustunde, et rehv suudab taluda erinevaid koormusi, samas kui selle kaal 5.64 kg lisab man\u00f6\u00f6verdusv\u00f5imet ja stabiilsust.<\/p>\n<p>Mitas TERRA FORCE-EF Y pakub v\u00f5rdlematut j\u00f5udlust, mis aitab teil saavutada parimaid tulemusi ajav\u00f5istlustel, samas tagades mugavuse ja t\u00f6\u00f6kindluse keerulistes tingimustes. Tee oma endurokogemus meeldej\u00e4\u00e4vaks Mitas TERRA FORCE-EF Y abil!<\/p>","protected":false},"excerpt":{"rendered":"<p>**Tootenimi: 140\/80-18 Mitas TERRA FORCE-EF Y 70R TT ENDURO COMPETITION Rear SUPER (FAST ENDURO) FIM** Mitas TERRA FORCE-EF Y 70R on spetsiaalselt loodud enduro v\u00f5istluste jaoks, pakkudes erakordset haarduvust ja stabiilsust nii maastikul kui ka asfaldil. Rehv, mille m\u00f5\u00f5dud on 140\/80-18, esindab 80% aspekti suhet, tagades suurep\u00e4rase tasakaalu ja juhitavuse. Tootja Mitas on tuntud oma [&hellip;]<\/p>\n","protected":false},"featured_media":123437,"template":"","meta":{"site-sidebar-layout":"default","site-content-layout":"","ast-site-content-layout":"","site-content-style":"default","site-sidebar-style":"default","ast-global-header-display":"","ast-banner-title-visibility":"","ast-main-header-display":"","ast-hfb-above-header-display":"","ast-hfb-below-header-display":"","ast-hfb-mobile-header-display":"","site-post-title":"","ast-breadcrumbs-content":"","ast-featured-img":"","footer-sml-layout":"","theme-transparent-header-meta":"","adv-header-id-meta":"","stick-header-meta":"","header-above-stick-meta":"","header-main-stick-meta":"","header-below-stick-meta":"","astra-migrate-meta-layouts":"default","ast-page-background-enabled":"default","ast-page-background-meta":{"desktop":{"background-color":"","background-image":"","background-repeat":"repeat","background-position":"center center","background-size":"auto","background-attachment":"scroll","background-type":"","background-media":"","overlay-type":"","overlay-color":"","overlay-opacity":"","overlay-gradient":""},"tablet":{"background-color":"","background-image":"","background-repeat":"repeat","background-position":"center center","background-size":"auto","background-attachment":"scroll","background-type":"","background-media":"","overlay-type":"","overlay-color":"","overlay-opacity":"","overlay-gradient":""},"mobile":{"background-color":"","background-image":"","background-repeat":"repeat","background-position":"center center","background-size":"auto","background-attachment":"scroll","background-type":"","background-media":"","overlay-type":"","overlay-color":"","overlay-opacity":"","overlay-gradient":""}},"ast-content-background-meta":{"desktop":{"background-color":"var(--ast-global-color-5)","background-image":"","background-repeat":"repeat","background-position":"center center","background-size":"auto","background-attachment":"scroll","background-type":"","background-media":"","overlay-type":"","overlay-color":"","overlay-opacity":"","overlay-gradient":""},"tablet":{"background-color":"var(--ast-global-color-5)","background-image":"","background-repeat":"repeat","background-position":"center center","background-size":"auto","background-attachment":"scroll","background-type":"","background-media":"","overlay-type":"","overlay-color":"","overlay-opacity":"","overlay-gradient":""},"mobile":{"background-color":"var(--ast-global-color-5)","background-image":"","background-repeat":"repeat","background-position":"center center","background-size":"auto","background-attachment":"scroll","background-type":"","background-media":"","overlay-type":"","overlay-color":"","overlay-opacity":"","overlay-gradient":""}}},"product_brand":[],"product_cat":[30107],"product_tag":[],"pa_brand_name":[17290],"class_list":{"0":"post-105336","1":"product","2":"type-product","3":"status-publish","4":"has-post-thumbnail","6":"product_cat-mc-tires-2","7":"pa_brand_name-mitas","8":"desktop-align-left","9":"tablet-align-left","10":"mobile-align-left","12":"first","13":"outofstock","14":"taxable","15":"shipping-taxable","16":"purchasable","17":"product-type-simple"},"_links":{"self":[{"href":"https:\/\/shop.rettum.ee\/en\/wp-json\/wp\/v2\/product\/105336","targetHints":{"allow":["GET"]}}],"collection":[{"href":"https:\/\/shop.rettum.ee\/en\/wp-json\/wp\/v2\/product"}],"about":[{"href":"https:\/\/shop.rettum.ee\/en\/wp-json\/wp\/v2\/types\/product"}],"version-history":[{"count":0,"href":"https:\/\/shop.rettum.ee\/en\/wp-json\/wp\/v2\/product\/105336\/revisions"}],"wp:featuredmedia":[{"embeddable":true,"href":"https:\/\/shop.rettum.ee\/en\/wp-json\/wp\/v2\/media\/123437"}],"wp:attachment":[{"href":"https:\/\/shop.rettum.ee\/en\/wp-json\/wp\/v2\/media?parent=105336"}],"wp:term":[{"taxonomy":"product_brand","embeddable":true,"href":"https:\/\/shop.rettum.ee\/en\/wp-json\/wp\/v2\/product_brand?post=105336"},{"taxonomy":"product_cat","embeddable":true,"href":"https:\/\/shop.rettum.ee\/en\/wp-json\/wp\/v2\/product_cat?post=105336"},{"taxonomy":"product_tag","embeddable":true,"href":"https:\/\/shop.rettum.ee\/en\/wp-json\/wp\/v2\/product_tag?post=105336"},{"taxonomy":"pa_brand_name","embeddable":true,"href":"https:\/\/shop.rettum.ee\/en\/wp-json\/wp\/v2\/pa_brand_name?post=105336"}],"curies":[{"name":"wp","href":"https:\/\/api.w.org\/{rel}","templated":true}]}}