{"id":105338,"date":"2025-01-07T18:48:24","date_gmt":"2025-01-07T16:48:24","guid":{"rendered":"https:\/\/shop.rettum.ee\/toode\/140-80b18-mitas-enduro-trail-e-07-70h-tl-enduro-on-off-rear-ms-2\/"},"modified":"2025-07-30T02:54:07","modified_gmt":"2025-07-29T23:54:07","slug":"140-80b18-mitas-enduro-trail-e-07-70h-tl-enduro-on-off-rear-ms-2","status":"publish","type":"product","link":"https:\/\/shop.rettum.ee\/en\/product\/140-80b18-mitas-enduro-trail-e-07-70h-tl-enduro-on-off-rear-ms-2\/","title":{"rendered":"140\/80B18 Mitas ENDURO TRAIL+ (E-07+) 70H TL ENDURO ON\/OFF Rear M+S"},"content":{"rendered":"<p>**Toode: 140\/80B18 Mitas ENDURO TRAIL+ (E-07+) 70H TL ENDURO ON\/OFF Tagumine rehv M+S**<\/p>\n<p>Avasta seiklustes uus tase koos Mitas ENDURO TRAIL+ rehviga! Suuruse 140\/80B18 ja laiemate omadustega on see rehv loodud t\u00e4itma k\u00f5ik piirangud nii maanteel kui maastikul. Mitas, tuntud kvaliteedi ja vastupidavuse poolest, on taganud, et E-07+ mudel pakub suurep\u00e4rast haarduvust ja stabiilsust igasugustes oludes.<\/p>\n<p>Rehvi aspekti suhe on 80, mis aitab saavutada t\u00e4pset s\u00f5idutunnet ja mugavust. 18-tolline diameeter ja 140 mm laius tagavad piisava j\u00f5udluse, olles samas kerge &#8211; ainult 8.08 kg. M+S t\u00e4his t\u00e4hendab, et see rehv on m\u00f5eldud kasutamiseks nii m\u00e4rgades kui ka talvistes tingimustes.<\/p>\n<p>Kiirusindeks H v\u00f5imaldab saavutada maksimaalset kiirusel kuni 210 km\/h, samas kui kandeindeks 70 toob kindlustunde igal s\u00f5idul. Mitas ENDURO TRAIL+ on ideaalne valik neile, kes otsivad usaldusv\u00e4\u00e4rset ja multifunktsionaalset rehvi, mis paneb seiklused k\u00e4ima, olgu need siis maanteel v\u00f5i maastikul. S\u00f5itmine pole kunagi olnud nii nauditav!<\/p>","protected":false},"excerpt":{"rendered":"<p>**Toode: 140\/80B18 Mitas ENDURO TRAIL+ (E-07+) 70H TL ENDURO ON\/OFF Tagumine rehv M+S** Avasta seiklustes uus tase koos Mitas ENDURO TRAIL+ rehviga! Suuruse 140\/80B18 ja laiemate omadustega on see rehv loodud t\u00e4itma k\u00f5ik piirangud nii maanteel kui maastikul. Mitas, tuntud kvaliteedi ja vastupidavuse poolest, on taganud, et E-07+ mudel pakub suurep\u00e4rast haarduvust ja stabiilsust igasugustes [&hellip;]<\/p>\n","protected":false},"featured_media":124239,"template":"","meta":{"site-sidebar-layout":"default","site-content-layout":"","ast-site-content-layout":"","site-content-style":"default","site-sidebar-style":"default","ast-global-header-display":"","ast-banner-title-visibility":"","ast-main-header-display":"","ast-hfb-above-header-display":"","ast-hfb-below-header-display":"","ast-hfb-mobile-header-display":"","site-post-title":"","ast-breadcrumbs-content":"","ast-featured-img":"","footer-sml-layout":"","theme-transparent-header-meta":"","adv-header-id-meta":"","stick-header-meta":"","header-above-stick-meta":"","header-main-stick-meta":"","header-below-stick-meta":"","astra-migrate-meta-layouts":"default","ast-page-background-enabled":"default","ast-page-background-meta":{"desktop":{"background-color":"","background-image":"","background-repeat":"repeat","background-position":"center center","background-size":"auto","background-attachment":"scroll","background-type":"","background-media":"","overlay-type":"","overlay-color":"","overlay-opacity":"","overlay-gradient":""},"tablet":{"background-color":"","background-image":"","background-repeat":"repeat","background-position":"center center","background-size":"auto","background-attachment":"scroll","background-type":"","background-media":"","overlay-type":"","overlay-color":"","overlay-opacity":"","overlay-gradient":""},"mobile":{"background-color":"","background-image":"","background-repeat":"repeat","background-position":"center center","background-size":"auto","background-attachment":"scroll","background-type":"","background-media":"","overlay-type":"","overlay-color":"","overlay-opacity":"","overlay-gradient":""}},"ast-content-background-meta":{"desktop":{"background-color":"var(--ast-global-color-5)","background-image":"","background-repeat":"repeat","background-position":"center center","background-size":"auto","background-attachment":"scroll","background-type":"","background-media":"","overlay-type":"","overlay-color":"","overlay-opacity":"","overlay-gradient":""},"tablet":{"background-color":"var(--ast-global-color-5)","background-image":"","background-repeat":"repeat","background-position":"center center","background-size":"auto","background-attachment":"scroll","background-type":"","background-media":"","overlay-type":"","overlay-color":"","overlay-opacity":"","overlay-gradient":""},"mobile":{"background-color":"var(--ast-global-color-5)","background-image":"","background-repeat":"repeat","background-position":"center center","background-size":"auto","background-attachment":"scroll","background-type":"","background-media":"","overlay-type":"","overlay-color":"","overlay-opacity":"","overlay-gradient":""}}},"product_brand":[],"product_cat":[30107],"product_tag":[],"pa_brand_name":[17290],"class_list":{"0":"post-105338","1":"product","2":"type-product","3":"status-publish","4":"has-post-thumbnail","6":"product_cat-mc-tires-2","7":"pa_brand_name-mitas","8":"desktop-align-left","9":"tablet-align-left","10":"mobile-align-left","12":"first","13":"outofstock","14":"taxable","15":"shipping-taxable","16":"purchasable","17":"product-type-simple"},"_links":{"self":[{"href":"https:\/\/shop.rettum.ee\/en\/wp-json\/wp\/v2\/product\/105338","targetHints":{"allow":["GET"]}}],"collection":[{"href":"https:\/\/shop.rettum.ee\/en\/wp-json\/wp\/v2\/product"}],"about":[{"href":"https:\/\/shop.rettum.ee\/en\/wp-json\/wp\/v2\/types\/product"}],"version-history":[{"count":0,"href":"https:\/\/shop.rettum.ee\/en\/wp-json\/wp\/v2\/product\/105338\/revisions"}],"wp:featuredmedia":[{"embeddable":true,"href":"https:\/\/shop.rettum.ee\/en\/wp-json\/wp\/v2\/media\/124239"}],"wp:attachment":[{"href":"https:\/\/shop.rettum.ee\/en\/wp-json\/wp\/v2\/media?parent=105338"}],"wp:term":[{"taxonomy":"product_brand","embeddable":true,"href":"https:\/\/shop.rettum.ee\/en\/wp-json\/wp\/v2\/product_brand?post=105338"},{"taxonomy":"product_cat","embeddable":true,"href":"https:\/\/shop.rettum.ee\/en\/wp-json\/wp\/v2\/product_cat?post=105338"},{"taxonomy":"product_tag","embeddable":true,"href":"https:\/\/shop.rettum.ee\/en\/wp-json\/wp\/v2\/product_tag?post=105338"},{"taxonomy":"pa_brand_name","embeddable":true,"href":"https:\/\/shop.rettum.ee\/en\/wp-json\/wp\/v2\/pa_brand_name?post=105338"}],"curies":[{"name":"wp","href":"https:\/\/api.w.org\/{rel}","templated":true}]}}