{"id":105340,"date":"2025-01-07T18:48:27","date_gmt":"2025-01-07T16:48:27","guid":{"rendered":"https:\/\/shop.rettum.ee\/toode\/120-70b19-mitas-enduro-trail-xt-e-09-60t-tl-enduro-off-road-front-ms\/"},"modified":"2026-03-22T03:05:23","modified_gmt":"2026-03-22T01:05:23","slug":"120-70b19-mitas-enduro-trail-xt-e-09-60t-tl-enduro-off-road-front-ms","status":"publish","type":"product","link":"https:\/\/shop.rettum.ee\/en\/product\/120-70b19-mitas-enduro-trail-xt-e-09-60t-tl-enduro-off-road-front-ms\/","title":{"rendered":"120\/70B19 Mitas ENDURO TRAIL XT+ (E-09) 60T TL ENDURO OFF ROAD Front M+S"},"content":{"rendered":"<p>Tootenimi: 120\/70B19 Mitas ENDURO TRAIL XT+ (E-09) 60T TL ENDURO OFF ROAD Front M+S<\/p>\n<p>Kogege maastike t\u00f5eliselt avardav s\u00f5idukogemus Mitas ENDURO TRAIL XT+ (E-09) rehvidega! Need premium-klassi rehvid on loodud t\u00f5eliselt \u00e4\u00e4rmuslikeks maastikutingimusteks, garanteerides suurep\u00e4rase haarduvuse ja stabiilsuse igasugustel pinnastel. <\/p>\n<p>Rehvi laiuse ja k\u00f5rguse suhe 70% tagab ideaalse tasakaalu s\u00f5idumugavuse ja juhitavuse vahel, samas kui 120 mm laius ja 19-tolline diameeter muudavad selle ideaalseks valikuks enduro-mootorratastele. M+S m\u00e4rgistus t\u00e4hendab, et need rehvid pakuvad usaldusv\u00e4\u00e4rset j\u00f5udlust ka talvistel ja m\u00e4rgadel teedel.<\/p>\n<p>Mitas ENDURO TRAIL XT+ rehvid on valmistatud kvaliteetsetest materjalidest, mis tagavad kauakestva vastupidavuse koos maksimaalse s\u00f5idumugavusega. Speed index T v\u00f5imaldab s\u00f5ita kuni 190 km\/h, mist\u00f5ttu on need kehvemates tingimustes usaldusv\u00e4\u00e4rsed kaaslased. Kaalu 5.39 kg juures on need rehvid kergekaalulised ja paindlikud.<\/p>\n<p>Valige Mitas ja kogege, kuidas t\u00f5eliselt parim kvaliteet ja tipptehnoloogia toovad teie seiklustesse r\u00f5\u00f5mu ja kindlust!<\/p>","protected":false},"excerpt":{"rendered":"<p>Tootenimi: 120\/70B19 Mitas ENDURO TRAIL XT+ (E-09) 60T TL ENDURO OFF ROAD Front M+S Kogege maastike t\u00f5eliselt avardav s\u00f5idukogemus Mitas ENDURO TRAIL XT+ (E-09) rehvidega! Need premium-klassi rehvid on loodud t\u00f5eliselt \u00e4\u00e4rmuslikeks maastikutingimusteks, garanteerides suurep\u00e4rase haarduvuse ja stabiilsuse igasugustel pinnastel. Rehvi laiuse ja k\u00f5rguse suhe 70% tagab ideaalse tasakaalu s\u00f5idumugavuse ja juhitavuse vahel, samas kui [&hellip;]<\/p>\n","protected":false},"featured_media":123868,"template":"","meta":{"site-sidebar-layout":"default","site-content-layout":"","ast-site-content-layout":"","site-content-style":"default","site-sidebar-style":"default","ast-global-header-display":"","ast-banner-title-visibility":"","ast-main-header-display":"","ast-hfb-above-header-display":"","ast-hfb-below-header-display":"","ast-hfb-mobile-header-display":"","site-post-title":"","ast-breadcrumbs-content":"","ast-featured-img":"","footer-sml-layout":"","theme-transparent-header-meta":"","adv-header-id-meta":"","stick-header-meta":"","header-above-stick-meta":"","header-main-stick-meta":"","header-below-stick-meta":"","astra-migrate-meta-layouts":"default","ast-page-background-enabled":"default","ast-page-background-meta":{"desktop":{"background-color":"","background-image":"","background-repeat":"repeat","background-position":"center center","background-size":"auto","background-attachment":"scroll","background-type":"","background-media":"","overlay-type":"","overlay-color":"","overlay-opacity":"","overlay-gradient":""},"tablet":{"background-color":"","background-image":"","background-repeat":"repeat","background-position":"center center","background-size":"auto","background-attachment":"scroll","background-type":"","background-media":"","overlay-type":"","overlay-color":"","overlay-opacity":"","overlay-gradient":""},"mobile":{"background-color":"","background-image":"","background-repeat":"repeat","background-position":"center center","background-size":"auto","background-attachment":"scroll","background-type":"","background-media":"","overlay-type":"","overlay-color":"","overlay-opacity":"","overlay-gradient":""}},"ast-content-background-meta":{"desktop":{"background-color":"var(--ast-global-color-5)","background-image":"","background-repeat":"repeat","background-position":"center center","background-size":"auto","background-attachment":"scroll","background-type":"","background-media":"","overlay-type":"","overlay-color":"","overlay-opacity":"","overlay-gradient":""},"tablet":{"background-color":"var(--ast-global-color-5)","background-image":"","background-repeat":"repeat","background-position":"center center","background-size":"auto","background-attachment":"scroll","background-type":"","background-media":"","overlay-type":"","overlay-color":"","overlay-opacity":"","overlay-gradient":""},"mobile":{"background-color":"var(--ast-global-color-5)","background-image":"","background-repeat":"repeat","background-position":"center center","background-size":"auto","background-attachment":"scroll","background-type":"","background-media":"","overlay-type":"","overlay-color":"","overlay-opacity":"","overlay-gradient":""}}},"product_brand":[],"product_cat":[30107],"product_tag":[],"pa_brand_name":[17290],"class_list":{"0":"post-105340","1":"product","2":"type-product","3":"status-publish","4":"has-post-thumbnail","6":"product_cat-mc-tires-2","7":"pa_brand_name-mitas","8":"desktop-align-left","9":"tablet-align-left","10":"mobile-align-left","12":"first","13":"outofstock","14":"taxable","15":"shipping-taxable","16":"purchasable","17":"product-type-simple"},"_links":{"self":[{"href":"https:\/\/shop.rettum.ee\/en\/wp-json\/wp\/v2\/product\/105340","targetHints":{"allow":["GET"]}}],"collection":[{"href":"https:\/\/shop.rettum.ee\/en\/wp-json\/wp\/v2\/product"}],"about":[{"href":"https:\/\/shop.rettum.ee\/en\/wp-json\/wp\/v2\/types\/product"}],"version-history":[{"count":0,"href":"https:\/\/shop.rettum.ee\/en\/wp-json\/wp\/v2\/product\/105340\/revisions"}],"wp:featuredmedia":[{"embeddable":true,"href":"https:\/\/shop.rettum.ee\/en\/wp-json\/wp\/v2\/media\/123868"}],"wp:attachment":[{"href":"https:\/\/shop.rettum.ee\/en\/wp-json\/wp\/v2\/media?parent=105340"}],"wp:term":[{"taxonomy":"product_brand","embeddable":true,"href":"https:\/\/shop.rettum.ee\/en\/wp-json\/wp\/v2\/product_brand?post=105340"},{"taxonomy":"product_cat","embeddable":true,"href":"https:\/\/shop.rettum.ee\/en\/wp-json\/wp\/v2\/product_cat?post=105340"},{"taxonomy":"product_tag","embeddable":true,"href":"https:\/\/shop.rettum.ee\/en\/wp-json\/wp\/v2\/product_tag?post=105340"},{"taxonomy":"pa_brand_name","embeddable":true,"href":"https:\/\/shop.rettum.ee\/en\/wp-json\/wp\/v2\/pa_brand_name?post=105340"}],"curies":[{"name":"wp","href":"https:\/\/api.w.org\/{rel}","templated":true}]}}