{"id":105341,"date":"2025-01-07T18:48:29","date_gmt":"2025-01-07T16:48:29","guid":{"rendered":"https:\/\/shop.rettum.ee\/toode\/120-90-19-mitas-stone-king-66n-tt-enduro-competition-rear-ms\/"},"modified":"2025-12-05T02:45:23","modified_gmt":"2025-12-05T00:45:23","slug":"120-90-19-mitas-stone-king-66n-tt-enduro-competition-rear-ms","status":"publish","type":"product","link":"https:\/\/shop.rettum.ee\/en\/product\/120-90-19-mitas-stone-king-66n-tt-enduro-competition-rear-ms\/","title":{"rendered":"120\/90-19 Mitas STONE KING 66N TT ENDURO COMPETITION Rear M+S"},"content":{"rendered":"<p>**Tootenimi: 120\/90-19 Mitas STONE KING 66N TT ENDURO COMPETITION Tagarataste M+S**<\/p>\n<p>Avastage oma seiklustele uut taset Mitas STONE KING 66N TT ENDURO COMPETITION rehvi abil. Selle rehvi laius 120 mm ja aspektisuhe 90% garanteerivad suurep\u00e4rase stabiilsuse ja man\u00f6\u00f6verdusv\u00f5ime isegi k\u00f5ige keerulisematel maastikel. 19-tolline diameeter tagab t\u00e4iusliku sobivuse enduro-mootorratastele, muutes sellega iga s\u00f5idu sujuvaks ja nauditavaks.<\/p>\n<p>Mitas on tuntud oma kvaliteedi ja vastupidavuse poolest, mist\u00f5ttu ei pea te muretsema rehviga seotud probleemide p\u00e4rast. 66. koormusindeks v\u00f5imaldab tal kanda suurt raskust, samas kui N kiirusindeks tagab maksimaalse kiirusel 140 km\/h. <\/p>\n<p>T\u00e4nu rehvi M+S m\u00e4rgistusele on see ideaalne valik igasugustes ilmastikuoludes, olgu need siis mudased v\u00f5i lumised teed. Kaaludes vaid 6.20 kg, on see rehv kerge ja muretu valik, mis toob teie seiklused uuele tasemele. Valige Mitas STONE KING ja olge valmis vallutama maastikku!<\/p>","protected":false},"excerpt":{"rendered":"<p>**Tootenimi: 120\/90-19 Mitas STONE KING 66N TT ENDURO COMPETITION Tagarataste M+S** Avastage oma seiklustele uut taset Mitas STONE KING 66N TT ENDURO COMPETITION rehvi abil. Selle rehvi laius 120 mm ja aspektisuhe 90% garanteerivad suurep\u00e4rase stabiilsuse ja man\u00f6\u00f6verdusv\u00f5ime isegi k\u00f5ige keerulisematel maastikel. 19-tolline diameeter tagab t\u00e4iusliku sobivuse enduro-mootorratastele, muutes sellega iga s\u00f5idu sujuvaks ja nauditavaks. [&hellip;]<\/p>\n","protected":false},"featured_media":124424,"template":"","meta":{"site-sidebar-layout":"default","site-content-layout":"","ast-site-content-layout":"","site-content-style":"default","site-sidebar-style":"default","ast-global-header-display":"","ast-banner-title-visibility":"","ast-main-header-display":"","ast-hfb-above-header-display":"","ast-hfb-below-header-display":"","ast-hfb-mobile-header-display":"","site-post-title":"","ast-breadcrumbs-content":"","ast-featured-img":"","footer-sml-layout":"","theme-transparent-header-meta":"","adv-header-id-meta":"","stick-header-meta":"","header-above-stick-meta":"","header-main-stick-meta":"","header-below-stick-meta":"","astra-migrate-meta-layouts":"default","ast-page-background-enabled":"default","ast-page-background-meta":{"desktop":{"background-color":"","background-image":"","background-repeat":"repeat","background-position":"center center","background-size":"auto","background-attachment":"scroll","background-type":"","background-media":"","overlay-type":"","overlay-color":"","overlay-opacity":"","overlay-gradient":""},"tablet":{"background-color":"","background-image":"","background-repeat":"repeat","background-position":"center center","background-size":"auto","background-attachment":"scroll","background-type":"","background-media":"","overlay-type":"","overlay-color":"","overlay-opacity":"","overlay-gradient":""},"mobile":{"background-color":"","background-image":"","background-repeat":"repeat","background-position":"center center","background-size":"auto","background-attachment":"scroll","background-type":"","background-media":"","overlay-type":"","overlay-color":"","overlay-opacity":"","overlay-gradient":""}},"ast-content-background-meta":{"desktop":{"background-color":"var(--ast-global-color-5)","background-image":"","background-repeat":"repeat","background-position":"center center","background-size":"auto","background-attachment":"scroll","background-type":"","background-media":"","overlay-type":"","overlay-color":"","overlay-opacity":"","overlay-gradient":""},"tablet":{"background-color":"var(--ast-global-color-5)","background-image":"","background-repeat":"repeat","background-position":"center center","background-size":"auto","background-attachment":"scroll","background-type":"","background-media":"","overlay-type":"","overlay-color":"","overlay-opacity":"","overlay-gradient":""},"mobile":{"background-color":"var(--ast-global-color-5)","background-image":"","background-repeat":"repeat","background-position":"center center","background-size":"auto","background-attachment":"scroll","background-type":"","background-media":"","overlay-type":"","overlay-color":"","overlay-opacity":"","overlay-gradient":""}}},"product_brand":[],"product_cat":[30107],"product_tag":[],"pa_brand_name":[17290],"class_list":{"0":"post-105341","1":"product","2":"type-product","3":"status-publish","4":"has-post-thumbnail","6":"product_cat-mc-tires-2","7":"pa_brand_name-mitas","8":"desktop-align-left","9":"tablet-align-left","10":"mobile-align-left","12":"first","13":"outofstock","14":"taxable","15":"shipping-taxable","16":"purchasable","17":"product-type-simple"},"_links":{"self":[{"href":"https:\/\/shop.rettum.ee\/en\/wp-json\/wp\/v2\/product\/105341","targetHints":{"allow":["GET"]}}],"collection":[{"href":"https:\/\/shop.rettum.ee\/en\/wp-json\/wp\/v2\/product"}],"about":[{"href":"https:\/\/shop.rettum.ee\/en\/wp-json\/wp\/v2\/types\/product"}],"version-history":[{"count":0,"href":"https:\/\/shop.rettum.ee\/en\/wp-json\/wp\/v2\/product\/105341\/revisions"}],"wp:featuredmedia":[{"embeddable":true,"href":"https:\/\/shop.rettum.ee\/en\/wp-json\/wp\/v2\/media\/124424"}],"wp:attachment":[{"href":"https:\/\/shop.rettum.ee\/en\/wp-json\/wp\/v2\/media?parent=105341"}],"wp:term":[{"taxonomy":"product_brand","embeddable":true,"href":"https:\/\/shop.rettum.ee\/en\/wp-json\/wp\/v2\/product_brand?post=105341"},{"taxonomy":"product_cat","embeddable":true,"href":"https:\/\/shop.rettum.ee\/en\/wp-json\/wp\/v2\/product_cat?post=105341"},{"taxonomy":"product_tag","embeddable":true,"href":"https:\/\/shop.rettum.ee\/en\/wp-json\/wp\/v2\/product_tag?post=105341"},{"taxonomy":"pa_brand_name","embeddable":true,"href":"https:\/\/shop.rettum.ee\/en\/wp-json\/wp\/v2\/pa_brand_name?post=105341"}],"curies":[{"name":"wp","href":"https:\/\/api.w.org\/{rel}","templated":true}]}}