{"id":105342,"date":"2025-01-07T18:48:31","date_gmt":"2025-01-07T16:48:31","guid":{"rendered":"https:\/\/shop.rettum.ee\/toode\/80-100-21-mitas-terra-force-mx-mh-rg-51m-tt-cross-intermed-front-medium-hard-terrain-nhs\/"},"modified":"2025-11-10T02:45:21","modified_gmt":"2025-11-10T00:45:21","slug":"80-100-21-mitas-terra-force-mx-mh-rg-51m-tt-cross-intermed-front-medium-hard-terrain-nhs","status":"publish","type":"product","link":"https:\/\/shop.rettum.ee\/en\/product\/80-100-21-mitas-terra-force-mx-mh-rg-51m-tt-cross-intermed-front-medium-hard-terrain-nhs\/","title":{"rendered":"80\/100-21 Mitas TERRA FORCE-MX MH RG 51M TT CROSS INTERMED Front MEDIUM HARD TERRAIN NHS"},"content":{"rendered":"<p>**Tootenimi: 80\/100-21 Mitas TERRA FORCE-MX MH RG 51M TT CROSS INTERMED Front MEDIUM HARD TERRAIN NHS**<\/p>\n<p>Mitas TERRA FORCE-MX MH RG 51M TT on ideaalne valik, kui soovite saavutada maksimaalset sooritust keskmise k\u00f5vadusega maastikul. Selle 80\/100-21 suurus ja 21-tollise diameetriga rehv tagab stabiilsuse ja t\u00e4psuse igasugustes tingimustes. <\/p>\n<p>Rehvi 100% aspektisuhe annab v\u00f5imaluse t\u00e4pselt man\u00f6\u00f6verdada keerulistes olukordades, samas kui 51 koormuse indeks tagab ohutuse ja vastupidavuse raskema koorma all. Mitas on tuntud oma kvaliteedi ja usaldusv\u00e4\u00e4rsuse poolest, mist\u00f5ttu on see toode ideaalne nii harrastajatele kui ka professionaalsetele mootorratturitele.<\/p>\n<p>TERRA FORCE-MX on loodud optimaalsete \u00fchenduvusomadustega, et tagada suurep\u00e4rane pidamine igasugustes ilmastikuoludes. Selles rehvis on \u00fchendatud innovaatiline disain ja kvaliteetne koostisosade valik, muutes teie s\u00f5idukogemuse t\u00f5eliselt muretuks ja nauditavaks.  Valige Mitas TERRA FORCE-MX ja avastage t\u00f5eliselt j\u00f5uline s\u00f5it!<\/p>","protected":false},"excerpt":{"rendered":"<p>**Tootenimi: 80\/100-21 Mitas TERRA FORCE-MX MH RG 51M TT CROSS INTERMED Front MEDIUM HARD TERRAIN NHS** Mitas TERRA FORCE-MX MH RG 51M TT on ideaalne valik, kui soovite saavutada maksimaalset sooritust keskmise k\u00f5vadusega maastikul. Selle 80\/100-21 suurus ja 21-tollise diameetriga rehv tagab stabiilsuse ja t\u00e4psuse igasugustes tingimustes. Rehvi 100% aspektisuhe annab v\u00f5imaluse t\u00e4pselt man\u00f6\u00f6verdada keerulistes [&hellip;]<\/p>\n","protected":false},"featured_media":123871,"template":"","meta":{"site-sidebar-layout":"default","site-content-layout":"","ast-site-content-layout":"","site-content-style":"default","site-sidebar-style":"default","ast-global-header-display":"","ast-banner-title-visibility":"","ast-main-header-display":"","ast-hfb-above-header-display":"","ast-hfb-below-header-display":"","ast-hfb-mobile-header-display":"","site-post-title":"","ast-breadcrumbs-content":"","ast-featured-img":"","footer-sml-layout":"","theme-transparent-header-meta":"","adv-header-id-meta":"","stick-header-meta":"","header-above-stick-meta":"","header-main-stick-meta":"","header-below-stick-meta":"","astra-migrate-meta-layouts":"default","ast-page-background-enabled":"default","ast-page-background-meta":{"desktop":{"background-color":"","background-image":"","background-repeat":"repeat","background-position":"center center","background-size":"auto","background-attachment":"scroll","background-type":"","background-media":"","overlay-type":"","overlay-color":"","overlay-opacity":"","overlay-gradient":""},"tablet":{"background-color":"","background-image":"","background-repeat":"repeat","background-position":"center center","background-size":"auto","background-attachment":"scroll","background-type":"","background-media":"","overlay-type":"","overlay-color":"","overlay-opacity":"","overlay-gradient":""},"mobile":{"background-color":"","background-image":"","background-repeat":"repeat","background-position":"center center","background-size":"auto","background-attachment":"scroll","background-type":"","background-media":"","overlay-type":"","overlay-color":"","overlay-opacity":"","overlay-gradient":""}},"ast-content-background-meta":{"desktop":{"background-color":"var(--ast-global-color-5)","background-image":"","background-repeat":"repeat","background-position":"center center","background-size":"auto","background-attachment":"scroll","background-type":"","background-media":"","overlay-type":"","overlay-color":"","overlay-opacity":"","overlay-gradient":""},"tablet":{"background-color":"var(--ast-global-color-5)","background-image":"","background-repeat":"repeat","background-position":"center center","background-size":"auto","background-attachment":"scroll","background-type":"","background-media":"","overlay-type":"","overlay-color":"","overlay-opacity":"","overlay-gradient":""},"mobile":{"background-color":"var(--ast-global-color-5)","background-image":"","background-repeat":"repeat","background-position":"center center","background-size":"auto","background-attachment":"scroll","background-type":"","background-media":"","overlay-type":"","overlay-color":"","overlay-opacity":"","overlay-gradient":""}}},"product_brand":[],"product_cat":[30107],"product_tag":[],"pa_brand_name":[17290],"class_list":{"0":"post-105342","1":"product","2":"type-product","3":"status-publish","4":"has-post-thumbnail","6":"product_cat-mc-tires-2","7":"pa_brand_name-mitas","8":"desktop-align-left","9":"tablet-align-left","10":"mobile-align-left","12":"first","13":"outofstock","14":"taxable","15":"shipping-taxable","16":"purchasable","17":"product-type-simple"},"_links":{"self":[{"href":"https:\/\/shop.rettum.ee\/en\/wp-json\/wp\/v2\/product\/105342","targetHints":{"allow":["GET"]}}],"collection":[{"href":"https:\/\/shop.rettum.ee\/en\/wp-json\/wp\/v2\/product"}],"about":[{"href":"https:\/\/shop.rettum.ee\/en\/wp-json\/wp\/v2\/types\/product"}],"version-history":[{"count":0,"href":"https:\/\/shop.rettum.ee\/en\/wp-json\/wp\/v2\/product\/105342\/revisions"}],"wp:featuredmedia":[{"embeddable":true,"href":"https:\/\/shop.rettum.ee\/en\/wp-json\/wp\/v2\/media\/123871"}],"wp:attachment":[{"href":"https:\/\/shop.rettum.ee\/en\/wp-json\/wp\/v2\/media?parent=105342"}],"wp:term":[{"taxonomy":"product_brand","embeddable":true,"href":"https:\/\/shop.rettum.ee\/en\/wp-json\/wp\/v2\/product_brand?post=105342"},{"taxonomy":"product_cat","embeddable":true,"href":"https:\/\/shop.rettum.ee\/en\/wp-json\/wp\/v2\/product_cat?post=105342"},{"taxonomy":"product_tag","embeddable":true,"href":"https:\/\/shop.rettum.ee\/en\/wp-json\/wp\/v2\/product_tag?post=105342"},{"taxonomy":"pa_brand_name","embeddable":true,"href":"https:\/\/shop.rettum.ee\/en\/wp-json\/wp\/v2\/pa_brand_name?post=105342"}],"curies":[{"name":"wp","href":"https:\/\/api.w.org\/{rel}","templated":true}]}}