{"id":105344,"date":"2025-01-07T18:48:34","date_gmt":"2025-01-07T16:48:34","guid":{"rendered":"https:\/\/shop.rettum.ee\/toode\/90-90-21-mitas-terra-force-ef-g-54r-tt-enduro-competition-front-super-light-technical-enduro-fim\/"},"modified":"2026-03-22T03:05:23","modified_gmt":"2026-03-22T01:05:23","slug":"90-90-21-mitas-terra-force-ef-g-54r-tt-enduro-competition-front-super-light-technical-enduro-fim","status":"publish","type":"product","link":"https:\/\/shop.rettum.ee\/en\/product\/90-90-21-mitas-terra-force-ef-g-54r-tt-enduro-competition-front-super-light-technical-enduro-fim\/","title":{"rendered":"90\/90-21 Mitas TERRA FORCE-EF G 54R TT ENDURO COMPETITION Front SUPER LIGHT (TECHNICAL ENDURO) FIM"},"content":{"rendered":"<p>Tootenimi: 90\/90-21 Mitas TERRA FORCE-EF G 54R TT ENDURO COMPETITION Front SUPER LIGHT (TECHNICAL ENDURO) FIM<\/p>\n<p>Mitas TERRA FORCE-EF G 54R on spetsiaalselt loodud enduromootorrataste jaoks, pakkudes absoluutset tipptaset konkurentsiv\u00f5imelistes tingimustes. Selle 90\/90-21 suurusega rehvi veenduge, et teie s\u00f5iduk on varustatud vajalikul tasemel haarde ja man\u00f6\u00f6verdusv\u00f5imega. Rehvi kerge konstruktsioon (kaalu 3.86 kg) tagab suurep\u00e4rase aktseleratsiooni ja kiirusj\u00f5udluse, v\u00f5imaldades teil rahulikult vallutada ka k\u00f5ige keerulisemaid maastikke.<\/p>\n<p>Mitas TERRA FORCE-EF ehitatud 90% k\u00f5rguse ja 90% laiusega disain muudab selle ideaalseteks \u00fcmbrusteks, kus hindate t\u00e4pset kontrolli ja man\u00f6\u00f6verdusv\u00f5imet. R-kiirusindeks tagab, et saate liikuda usaldusv\u00e4\u00e4rselt ka suurte kiirusetega. Enduro- ja konkurentsikeskkondades edu saavutamiseks on Mitas TERRA FORCE-EF koondanud k\u00f5ik vajalikud omadused, et tagada kirglikele s\u00f5itjatele individuaalne l\u00e4henemine ja usaldusv\u00e4\u00e4rne j\u00f5udlus.<\/p>\n<p>Valige Mitas TERRA FORCE-EF \u2013 teie usaldusv\u00e4\u00e4rne kaaslane igasugustes enduro seiklustes!<\/p>","protected":false},"excerpt":{"rendered":"<p>Tootenimi: 90\/90-21 Mitas TERRA FORCE-EF G 54R TT ENDURO COMPETITION Front SUPER LIGHT (TECHNICAL ENDURO) FIM Mitas TERRA FORCE-EF G 54R on spetsiaalselt loodud enduromootorrataste jaoks, pakkudes absoluutset tipptaset konkurentsiv\u00f5imelistes tingimustes. Selle 90\/90-21 suurusega rehvi veenduge, et teie s\u00f5iduk on varustatud vajalikul tasemel haarde ja man\u00f6\u00f6verdusv\u00f5imega. Rehvi kerge konstruktsioon (kaalu 3.86 kg) tagab suurep\u00e4rase aktseleratsiooni [&hellip;]<\/p>\n","protected":false},"featured_media":123437,"template":"","meta":{"site-sidebar-layout":"default","site-content-layout":"","ast-site-content-layout":"","site-content-style":"default","site-sidebar-style":"default","ast-global-header-display":"","ast-banner-title-visibility":"","ast-main-header-display":"","ast-hfb-above-header-display":"","ast-hfb-below-header-display":"","ast-hfb-mobile-header-display":"","site-post-title":"","ast-breadcrumbs-content":"","ast-featured-img":"","footer-sml-layout":"","theme-transparent-header-meta":"","adv-header-id-meta":"","stick-header-meta":"","header-above-stick-meta":"","header-main-stick-meta":"","header-below-stick-meta":"","astra-migrate-meta-layouts":"default","ast-page-background-enabled":"default","ast-page-background-meta":{"desktop":{"background-color":"","background-image":"","background-repeat":"repeat","background-position":"center center","background-size":"auto","background-attachment":"scroll","background-type":"","background-media":"","overlay-type":"","overlay-color":"","overlay-opacity":"","overlay-gradient":""},"tablet":{"background-color":"","background-image":"","background-repeat":"repeat","background-position":"center center","background-size":"auto","background-attachment":"scroll","background-type":"","background-media":"","overlay-type":"","overlay-color":"","overlay-opacity":"","overlay-gradient":""},"mobile":{"background-color":"","background-image":"","background-repeat":"repeat","background-position":"center center","background-size":"auto","background-attachment":"scroll","background-type":"","background-media":"","overlay-type":"","overlay-color":"","overlay-opacity":"","overlay-gradient":""}},"ast-content-background-meta":{"desktop":{"background-color":"var(--ast-global-color-5)","background-image":"","background-repeat":"repeat","background-position":"center center","background-size":"auto","background-attachment":"scroll","background-type":"","background-media":"","overlay-type":"","overlay-color":"","overlay-opacity":"","overlay-gradient":""},"tablet":{"background-color":"var(--ast-global-color-5)","background-image":"","background-repeat":"repeat","background-position":"center center","background-size":"auto","background-attachment":"scroll","background-type":"","background-media":"","overlay-type":"","overlay-color":"","overlay-opacity":"","overlay-gradient":""},"mobile":{"background-color":"var(--ast-global-color-5)","background-image":"","background-repeat":"repeat","background-position":"center center","background-size":"auto","background-attachment":"scroll","background-type":"","background-media":"","overlay-type":"","overlay-color":"","overlay-opacity":"","overlay-gradient":""}}},"product_brand":[],"product_cat":[30107],"product_tag":[],"pa_brand_name":[17290],"class_list":{"0":"post-105344","1":"product","2":"type-product","3":"status-publish","4":"has-post-thumbnail","6":"product_cat-mc-tires-2","7":"pa_brand_name-mitas","8":"desktop-align-left","9":"tablet-align-left","10":"mobile-align-left","12":"first","13":"outofstock","14":"taxable","15":"shipping-taxable","16":"purchasable","17":"product-type-simple"},"_links":{"self":[{"href":"https:\/\/shop.rettum.ee\/en\/wp-json\/wp\/v2\/product\/105344","targetHints":{"allow":["GET"]}}],"collection":[{"href":"https:\/\/shop.rettum.ee\/en\/wp-json\/wp\/v2\/product"}],"about":[{"href":"https:\/\/shop.rettum.ee\/en\/wp-json\/wp\/v2\/types\/product"}],"version-history":[{"count":0,"href":"https:\/\/shop.rettum.ee\/en\/wp-json\/wp\/v2\/product\/105344\/revisions"}],"wp:featuredmedia":[{"embeddable":true,"href":"https:\/\/shop.rettum.ee\/en\/wp-json\/wp\/v2\/media\/123437"}],"wp:attachment":[{"href":"https:\/\/shop.rettum.ee\/en\/wp-json\/wp\/v2\/media?parent=105344"}],"wp:term":[{"taxonomy":"product_brand","embeddable":true,"href":"https:\/\/shop.rettum.ee\/en\/wp-json\/wp\/v2\/product_brand?post=105344"},{"taxonomy":"product_cat","embeddable":true,"href":"https:\/\/shop.rettum.ee\/en\/wp-json\/wp\/v2\/product_cat?post=105344"},{"taxonomy":"product_tag","embeddable":true,"href":"https:\/\/shop.rettum.ee\/en\/wp-json\/wp\/v2\/product_tag?post=105344"},{"taxonomy":"pa_brand_name","embeddable":true,"href":"https:\/\/shop.rettum.ee\/en\/wp-json\/wp\/v2\/pa_brand_name?post=105344"}],"curies":[{"name":"wp","href":"https:\/\/api.w.org\/{rel}","templated":true}]}}