{"id":105347,"date":"2025-01-07T18:48:40","date_gmt":"2025-01-07T16:48:40","guid":{"rendered":"https:\/\/shop.rettum.ee\/toode\/90-90-21-mitas-enduro-trail-rally-mh-g-54r-tt-enduro-off-road-front-super-light-ms\/"},"modified":"2026-03-22T03:05:23","modified_gmt":"2026-03-22T01:05:23","slug":"90-90-21-mitas-enduro-trail-rally-mh-g-54r-tt-enduro-off-road-front-super-light-ms","status":"publish","type":"product","link":"https:\/\/shop.rettum.ee\/en\/product\/90-90-21-mitas-enduro-trail-rally-mh-g-54r-tt-enduro-off-road-front-super-light-ms\/","title":{"rendered":"90\/90-21 Mitas ENDURO TRAIL-RALLY MH G 54R TT ENDURO OFF ROAD Front SUPER LIGHT M+S"},"content":{"rendered":"<p>Avasta Mitas ENDURO TRAIL-RALLY MH G 54R TT ENDURO OFF ROAD esiroom! M\u00f5eldud seiklejatele, kes ei pelga metsaradu ja v\u00e4ljakutseid, pakub see rehvi mudel suurep\u00e4rast j\u00f5udlust ja stabiilsust igasugustes tingimustes.<\/p>\n<p>Rehvi laius 90 mm ja diameeter 21 tolli, 7,5 mm aspektin\u00e4itaja tagavad suurep\u00e4rase haarde nii maapinnal kui ka mudastes tingimustes. Kerge konstruktsioon (ainult 3,57 kg) muudab selle montaa\u017ei ja k\u00e4sitlemise erakordseks lihtsaks, samas kui koormusindeks 54 annab kindlustunde ka raskemate s\u00f5idukitega. Kiirusindeks R v\u00f5imaldab sul nautida rahuldustpakkuvat ja mugavat s\u00f5itu kiirusel kuni 170 km\/h.<\/p>\n<p>Mitas on tuntud kvaliteedi ja usaldusv\u00e4\u00e4rsuse poolest, mist\u00f5ttu on see rehv ideaalne valik k\u00f5igile enduro ja off-road s\u00f5iduhuvilistele. Suurendada oma s\u00f5idukogemust ja avastada uusi radu Mitas ENDURO TRAIL-RALLY MH G 54R TT abil!<\/p>","protected":false},"excerpt":{"rendered":"<p>Avasta Mitas ENDURO TRAIL-RALLY MH G 54R TT ENDURO OFF ROAD esiroom! M\u00f5eldud seiklejatele, kes ei pelga metsaradu ja v\u00e4ljakutseid, pakub see rehvi mudel suurep\u00e4rast j\u00f5udlust ja stabiilsust igasugustes tingimustes. Rehvi laius 90 mm ja diameeter 21 tolli, 7,5 mm aspektin\u00e4itaja tagavad suurep\u00e4rase haarde nii maapinnal kui ka mudastes tingimustes. Kerge konstruktsioon (ainult 3,57 kg) [&hellip;]<\/p>\n","protected":false},"featured_media":124904,"template":"","meta":{"site-sidebar-layout":"default","site-content-layout":"","ast-site-content-layout":"","site-content-style":"default","site-sidebar-style":"default","ast-global-header-display":"","ast-banner-title-visibility":"","ast-main-header-display":"","ast-hfb-above-header-display":"","ast-hfb-below-header-display":"","ast-hfb-mobile-header-display":"","site-post-title":"","ast-breadcrumbs-content":"","ast-featured-img":"","footer-sml-layout":"","theme-transparent-header-meta":"","adv-header-id-meta":"","stick-header-meta":"","header-above-stick-meta":"","header-main-stick-meta":"","header-below-stick-meta":"","astra-migrate-meta-layouts":"default","ast-page-background-enabled":"default","ast-page-background-meta":{"desktop":{"background-color":"","background-image":"","background-repeat":"repeat","background-position":"center center","background-size":"auto","background-attachment":"scroll","background-type":"","background-media":"","overlay-type":"","overlay-color":"","overlay-opacity":"","overlay-gradient":""},"tablet":{"background-color":"","background-image":"","background-repeat":"repeat","background-position":"center center","background-size":"auto","background-attachment":"scroll","background-type":"","background-media":"","overlay-type":"","overlay-color":"","overlay-opacity":"","overlay-gradient":""},"mobile":{"background-color":"","background-image":"","background-repeat":"repeat","background-position":"center center","background-size":"auto","background-attachment":"scroll","background-type":"","background-media":"","overlay-type":"","overlay-color":"","overlay-opacity":"","overlay-gradient":""}},"ast-content-background-meta":{"desktop":{"background-color":"var(--ast-global-color-5)","background-image":"","background-repeat":"repeat","background-position":"center center","background-size":"auto","background-attachment":"scroll","background-type":"","background-media":"","overlay-type":"","overlay-color":"","overlay-opacity":"","overlay-gradient":""},"tablet":{"background-color":"var(--ast-global-color-5)","background-image":"","background-repeat":"repeat","background-position":"center center","background-size":"auto","background-attachment":"scroll","background-type":"","background-media":"","overlay-type":"","overlay-color":"","overlay-opacity":"","overlay-gradient":""},"mobile":{"background-color":"var(--ast-global-color-5)","background-image":"","background-repeat":"repeat","background-position":"center center","background-size":"auto","background-attachment":"scroll","background-type":"","background-media":"","overlay-type":"","overlay-color":"","overlay-opacity":"","overlay-gradient":""}}},"product_brand":[],"product_cat":[30107],"product_tag":[],"pa_brand_name":[17290],"class_list":{"0":"post-105347","1":"product","2":"type-product","3":"status-publish","4":"has-post-thumbnail","6":"product_cat-mc-tires-2","7":"pa_brand_name-mitas","8":"desktop-align-left","9":"tablet-align-left","10":"mobile-align-left","12":"first","13":"outofstock","14":"taxable","15":"shipping-taxable","16":"purchasable","17":"product-type-simple"},"_links":{"self":[{"href":"https:\/\/shop.rettum.ee\/en\/wp-json\/wp\/v2\/product\/105347","targetHints":{"allow":["GET"]}}],"collection":[{"href":"https:\/\/shop.rettum.ee\/en\/wp-json\/wp\/v2\/product"}],"about":[{"href":"https:\/\/shop.rettum.ee\/en\/wp-json\/wp\/v2\/types\/product"}],"version-history":[{"count":0,"href":"https:\/\/shop.rettum.ee\/en\/wp-json\/wp\/v2\/product\/105347\/revisions"}],"wp:featuredmedia":[{"embeddable":true,"href":"https:\/\/shop.rettum.ee\/en\/wp-json\/wp\/v2\/media\/124904"}],"wp:attachment":[{"href":"https:\/\/shop.rettum.ee\/en\/wp-json\/wp\/v2\/media?parent=105347"}],"wp:term":[{"taxonomy":"product_brand","embeddable":true,"href":"https:\/\/shop.rettum.ee\/en\/wp-json\/wp\/v2\/product_brand?post=105347"},{"taxonomy":"product_cat","embeddable":true,"href":"https:\/\/shop.rettum.ee\/en\/wp-json\/wp\/v2\/product_cat?post=105347"},{"taxonomy":"product_tag","embeddable":true,"href":"https:\/\/shop.rettum.ee\/en\/wp-json\/wp\/v2\/product_tag?post=105347"},{"taxonomy":"pa_brand_name","embeddable":true,"href":"https:\/\/shop.rettum.ee\/en\/wp-json\/wp\/v2\/pa_brand_name?post=105347"}],"curies":[{"name":"wp","href":"https:\/\/api.w.org\/{rel}","templated":true}]}}