{"id":105349,"date":"2025-01-07T18:48:45","date_gmt":"2025-01-07T16:48:45","guid":{"rendered":"https:\/\/shop.rettum.ee\/toode\/90-90b21-mitas-enduro-trail-e-07-yy-54h-tl-enduro-on-off-front-dakar-ms-2\/"},"modified":"2026-03-22T03:05:24","modified_gmt":"2026-03-22T01:05:24","slug":"90-90b21-mitas-enduro-trail-e-07-yy-54h-tl-enduro-on-off-front-dakar-ms-2","status":"publish","type":"product","link":"https:\/\/shop.rettum.ee\/en\/product\/90-90b21-mitas-enduro-trail-e-07-yy-54h-tl-enduro-on-off-front-dakar-ms-2\/","title":{"rendered":"90\/90B21 Mitas ENDURO TRAIL (E-07) YY 54H TL ENDURO ON\/OFF Front DAKAR M+S"},"content":{"rendered":"<p>**Toote kirjeldus: Mitas ENDURO TRAIL (E-07) YY 54H TL ENDURO ON\/OFF Esiratas**<\/p>\n<p>Tutvustame Mitas ENDURO TRAIL (E-07) esiratast, mis on loodud ideaalsete omadustega, et pakkuda s\u00f5idunaudingut k\u00f5ige n\u00f5udlikumates tingimustes. Laius 90 mm ja diameeter 21 tolli tagavad suurep\u00e4rase haarduvuse ja stabiilsuse nii maanteel kui ka maastikul. <\/p>\n<p>Klass H kiirusindeks v\u00f5imaldab teil saavutada kiirusel kuni 210 km\/h, mist\u00f5ttu on see ideaalne valik seiklejatele, kes otsivad kiirusest ja kontrollist tulenevat elevust. 54H kantavus muudab selle sobivaks raskemate mootorrataste jaoks, pakkudes usaldusv\u00e4\u00e4rset j\u00f5udlust ka pikematel s\u00f5itudel.<\/p>\n<p>Mitas ENDURO TRAIL (E-07) M+S klassifikatsioon tagab, et saate nautida ohutut s\u00f5itu ka keerukates ilmastikutingimustes. Ratta 4,86 kg kaal v\u00f5imaldab kerget man\u00f6\u00f6verdusv\u00f5imet ja lihtsat paigaldust. Valides Mitas, valite kvaliteedi ja usaldusv\u00e4\u00e4rsuse, mis toob esile teie mootorratta parimad omadused.<\/p>\n<p>Olge valmis seikluseks ja laske end viia Mitas ENDURO TRAIL (E-07) ratastega uutele k\u00f5rgustele!<\/p>","protected":false},"excerpt":{"rendered":"<p>**Toote kirjeldus: Mitas ENDURO TRAIL (E-07) YY 54H TL ENDURO ON\/OFF Esiratas** Tutvustame Mitas ENDURO TRAIL (E-07) esiratast, mis on loodud ideaalsete omadustega, et pakkuda s\u00f5idunaudingut k\u00f5ige n\u00f5udlikumates tingimustes. Laius 90 mm ja diameeter 21 tolli tagavad suurep\u00e4rase haarduvuse ja stabiilsuse nii maanteel kui ka maastikul. Klass H kiirusindeks v\u00f5imaldab teil saavutada kiirusel kuni 210 [&hellip;]<\/p>\n","protected":false},"featured_media":124903,"template":"","meta":{"site-sidebar-layout":"default","site-content-layout":"","ast-site-content-layout":"","site-content-style":"default","site-sidebar-style":"default","ast-global-header-display":"","ast-banner-title-visibility":"","ast-main-header-display":"","ast-hfb-above-header-display":"","ast-hfb-below-header-display":"","ast-hfb-mobile-header-display":"","site-post-title":"","ast-breadcrumbs-content":"","ast-featured-img":"","footer-sml-layout":"","theme-transparent-header-meta":"","adv-header-id-meta":"","stick-header-meta":"","header-above-stick-meta":"","header-main-stick-meta":"","header-below-stick-meta":"","astra-migrate-meta-layouts":"default","ast-page-background-enabled":"default","ast-page-background-meta":{"desktop":{"background-color":"","background-image":"","background-repeat":"repeat","background-position":"center center","background-size":"auto","background-attachment":"scroll","background-type":"","background-media":"","overlay-type":"","overlay-color":"","overlay-opacity":"","overlay-gradient":""},"tablet":{"background-color":"","background-image":"","background-repeat":"repeat","background-position":"center center","background-size":"auto","background-attachment":"scroll","background-type":"","background-media":"","overlay-type":"","overlay-color":"","overlay-opacity":"","overlay-gradient":""},"mobile":{"background-color":"","background-image":"","background-repeat":"repeat","background-position":"center center","background-size":"auto","background-attachment":"scroll","background-type":"","background-media":"","overlay-type":"","overlay-color":"","overlay-opacity":"","overlay-gradient":""}},"ast-content-background-meta":{"desktop":{"background-color":"var(--ast-global-color-5)","background-image":"","background-repeat":"repeat","background-position":"center center","background-size":"auto","background-attachment":"scroll","background-type":"","background-media":"","overlay-type":"","overlay-color":"","overlay-opacity":"","overlay-gradient":""},"tablet":{"background-color":"var(--ast-global-color-5)","background-image":"","background-repeat":"repeat","background-position":"center center","background-size":"auto","background-attachment":"scroll","background-type":"","background-media":"","overlay-type":"","overlay-color":"","overlay-opacity":"","overlay-gradient":""},"mobile":{"background-color":"var(--ast-global-color-5)","background-image":"","background-repeat":"repeat","background-position":"center center","background-size":"auto","background-attachment":"scroll","background-type":"","background-media":"","overlay-type":"","overlay-color":"","overlay-opacity":"","overlay-gradient":""}}},"product_brand":[],"product_cat":[30107],"product_tag":[],"pa_brand_name":[17290],"class_list":{"0":"post-105349","1":"product","2":"type-product","3":"status-publish","4":"has-post-thumbnail","6":"product_cat-mc-tires-2","7":"pa_brand_name-mitas","8":"desktop-align-left","9":"tablet-align-left","10":"mobile-align-left","12":"first","13":"outofstock","14":"taxable","15":"shipping-taxable","16":"purchasable","17":"product-type-simple"},"_links":{"self":[{"href":"https:\/\/shop.rettum.ee\/en\/wp-json\/wp\/v2\/product\/105349","targetHints":{"allow":["GET"]}}],"collection":[{"href":"https:\/\/shop.rettum.ee\/en\/wp-json\/wp\/v2\/product"}],"about":[{"href":"https:\/\/shop.rettum.ee\/en\/wp-json\/wp\/v2\/types\/product"}],"version-history":[{"count":0,"href":"https:\/\/shop.rettum.ee\/en\/wp-json\/wp\/v2\/product\/105349\/revisions"}],"wp:featuredmedia":[{"embeddable":true,"href":"https:\/\/shop.rettum.ee\/en\/wp-json\/wp\/v2\/media\/124903"}],"wp:attachment":[{"href":"https:\/\/shop.rettum.ee\/en\/wp-json\/wp\/v2\/media?parent=105349"}],"wp:term":[{"taxonomy":"product_brand","embeddable":true,"href":"https:\/\/shop.rettum.ee\/en\/wp-json\/wp\/v2\/product_brand?post=105349"},{"taxonomy":"product_cat","embeddable":true,"href":"https:\/\/shop.rettum.ee\/en\/wp-json\/wp\/v2\/product_cat?post=105349"},{"taxonomy":"product_tag","embeddable":true,"href":"https:\/\/shop.rettum.ee\/en\/wp-json\/wp\/v2\/product_tag?post=105349"},{"taxonomy":"pa_brand_name","embeddable":true,"href":"https:\/\/shop.rettum.ee\/en\/wp-json\/wp\/v2\/pa_brand_name?post=105349"}],"curies":[{"name":"wp","href":"https:\/\/api.w.org\/{rel}","templated":true}]}}