{"id":105352,"date":"2025-01-07T18:48:50","date_gmt":"2025-01-07T16:48:50","guid":{"rendered":"https:\/\/shop.rettum.ee\/toode\/275-40r19-gripmax-suregrip-pro-ice-105t-xl-studded-3pmsf-ms\/"},"modified":"2026-03-22T03:05:25","modified_gmt":"2026-03-22T01:05:25","slug":"275-40r19-gripmax-suregrip-pro-ice-105t-xl-studded-3pmsf-ms","status":"publish","type":"product","link":"https:\/\/shop.rettum.ee\/en\/product\/275-40r19-gripmax-suregrip-pro-ice-105t-xl-studded-3pmsf-ms\/","title":{"rendered":"275\/40R19 GRIPMAX SUREGRIP PRO ICE 105T XL Studded 3PMSF M+S"},"content":{"rendered":"<p>Tootenimi: 275\/40R19 GRIPMAX SUREGRIP PRO ICE 105T XL<\/p>\n<p>Tutvustame GRIPMAX SUREGRIP PRO ICE 105T XL, t\u00e4iustatud talvereen, mis on loodud tagama maksimaalset turvalisust ja usaldusv\u00e4\u00e4rsust talvistes tingimustes. L\u00e4bim\u00f5\u00f5t 19 tolli ja laius 275 mm tagab stabiilse s\u00f5idunaudingu, samas kui 40% aspekti suhe lisab agregaadi j\u00f5udlust ja man\u00f6\u00f6verdusv\u00f5imet.<\/p>\n<p>Selle rehv on varustatud kvaliteetsete naeltega, mis pakuvad erakorralist haarduvust libedal j\u00e4\u00e4- ja lumetaguses. 105 koormusindeks on ideaalne kaaludele, pakkudes kindlat ja mugavat s\u00f5idukogemust, eriti raskematele s\u00f5idukitele. T\u00fc\u00fcpilise T kiirusindeksi t\u00f5ttu on rehv m\u00f5eldud igap\u00e4evaseks s\u00f5iduks ja talvekaitseks. <\/p>\n<p>GRIPMAX SUREGRIP PRO ICE aitab sul julgelt \u00fcletada talviseid olusid, pakkudes kindlat haardumist ja tasakaalu. Valides selle kvaliteetse toote, investeerid sa oma ohutusse ja mugavusse talvises s\u00f5idureisil. <\/p>\n<p>\u00c4ra lase talveseil takistada &#8211; vali GRIPMAX SUREGRIP PRO ICE ja naudi ohutut ja sujuvat s\u00f5itu!<\/p>","protected":false},"excerpt":{"rendered":"<p>Tootenimi: 275\/40R19 GRIPMAX SUREGRIP PRO ICE 105T XL Tutvustame GRIPMAX SUREGRIP PRO ICE 105T XL, t\u00e4iustatud talvereen, mis on loodud tagama maksimaalset turvalisust ja usaldusv\u00e4\u00e4rsust talvistes tingimustes. L\u00e4bim\u00f5\u00f5t 19 tolli ja laius 275 mm tagab stabiilse s\u00f5idunaudingu, samas kui 40% aspekti suhe lisab agregaadi j\u00f5udlust ja man\u00f6\u00f6verdusv\u00f5imet. Selle rehv on varustatud kvaliteetsete naeltega, mis pakuvad [&hellip;]<\/p>\n","protected":false},"featured_media":123836,"template":"","meta":{"site-sidebar-layout":"default","site-content-layout":"","ast-site-content-layout":"","site-content-style":"default","site-sidebar-style":"default","ast-global-header-display":"","ast-banner-title-visibility":"","ast-main-header-display":"","ast-hfb-above-header-display":"","ast-hfb-below-header-display":"","ast-hfb-mobile-header-display":"","site-post-title":"","ast-breadcrumbs-content":"","ast-featured-img":"","footer-sml-layout":"","theme-transparent-header-meta":"","adv-header-id-meta":"","stick-header-meta":"","header-above-stick-meta":"","header-main-stick-meta":"","header-below-stick-meta":"","astra-migrate-meta-layouts":"default","ast-page-background-enabled":"default","ast-page-background-meta":{"desktop":{"background-color":"","background-image":"","background-repeat":"repeat","background-position":"center center","background-size":"auto","background-attachment":"scroll","background-type":"","background-media":"","overlay-type":"","overlay-color":"","overlay-opacity":"","overlay-gradient":""},"tablet":{"background-color":"","background-image":"","background-repeat":"repeat","background-position":"center center","background-size":"auto","background-attachment":"scroll","background-type":"","background-media":"","overlay-type":"","overlay-color":"","overlay-opacity":"","overlay-gradient":""},"mobile":{"background-color":"","background-image":"","background-repeat":"repeat","background-position":"center center","background-size":"auto","background-attachment":"scroll","background-type":"","background-media":"","overlay-type":"","overlay-color":"","overlay-opacity":"","overlay-gradient":""}},"ast-content-background-meta":{"desktop":{"background-color":"var(--ast-global-color-5)","background-image":"","background-repeat":"repeat","background-position":"center center","background-size":"auto","background-attachment":"scroll","background-type":"","background-media":"","overlay-type":"","overlay-color":"","overlay-opacity":"","overlay-gradient":""},"tablet":{"background-color":"var(--ast-global-color-5)","background-image":"","background-repeat":"repeat","background-position":"center center","background-size":"auto","background-attachment":"scroll","background-type":"","background-media":"","overlay-type":"","overlay-color":"","overlay-opacity":"","overlay-gradient":""},"mobile":{"background-color":"var(--ast-global-color-5)","background-image":"","background-repeat":"repeat","background-position":"center center","background-size":"auto","background-attachment":"scroll","background-type":"","background-media":"","overlay-type":"","overlay-color":"","overlay-opacity":"","overlay-gradient":""}}},"product_brand":[],"product_cat":[30112],"product_tag":[],"pa_brand_name":[17816],"class_list":{"0":"post-105352","1":"product","2":"type-product","3":"status-publish","4":"has-post-thumbnail","6":"product_cat-winter-tires-with-studs-2","7":"pa_brand_name-gripmax","8":"desktop-align-left","9":"tablet-align-left","10":"mobile-align-left","12":"first","13":"outofstock","14":"taxable","15":"shipping-taxable","16":"purchasable","17":"product-type-simple"},"_links":{"self":[{"href":"https:\/\/shop.rettum.ee\/en\/wp-json\/wp\/v2\/product\/105352","targetHints":{"allow":["GET"]}}],"collection":[{"href":"https:\/\/shop.rettum.ee\/en\/wp-json\/wp\/v2\/product"}],"about":[{"href":"https:\/\/shop.rettum.ee\/en\/wp-json\/wp\/v2\/types\/product"}],"version-history":[{"count":0,"href":"https:\/\/shop.rettum.ee\/en\/wp-json\/wp\/v2\/product\/105352\/revisions"}],"wp:featuredmedia":[{"embeddable":true,"href":"https:\/\/shop.rettum.ee\/en\/wp-json\/wp\/v2\/media\/123836"}],"wp:attachment":[{"href":"https:\/\/shop.rettum.ee\/en\/wp-json\/wp\/v2\/media?parent=105352"}],"wp:term":[{"taxonomy":"product_brand","embeddable":true,"href":"https:\/\/shop.rettum.ee\/en\/wp-json\/wp\/v2\/product_brand?post=105352"},{"taxonomy":"product_cat","embeddable":true,"href":"https:\/\/shop.rettum.ee\/en\/wp-json\/wp\/v2\/product_cat?post=105352"},{"taxonomy":"product_tag","embeddable":true,"href":"https:\/\/shop.rettum.ee\/en\/wp-json\/wp\/v2\/product_tag?post=105352"},{"taxonomy":"pa_brand_name","embeddable":true,"href":"https:\/\/shop.rettum.ee\/en\/wp-json\/wp\/v2\/pa_brand_name?post=105352"}],"curies":[{"name":"wp","href":"https:\/\/api.w.org\/{rel}","templated":true}]}}