{"id":105358,"date":"2025-01-07T18:49:01","date_gmt":"2025-01-07T16:49:01","guid":{"rendered":"https:\/\/shop.rettum.ee\/toode\/215-55r16-dynamo-snow-h-msl01-97t-xl-friction-bcb70-3pmsf-ms\/"},"modified":"2026-03-28T02:50:48","modified_gmt":"2026-03-28T00:50:48","slug":"215-55r16-dynamo-snow-h-msl01-97t-xl-friction-bcb70-3pmsf-ms","status":"publish","type":"product","link":"https:\/\/shop.rettum.ee\/en\/product\/215-55r16-dynamo-snow-h-msl01-97t-xl-friction-bcb70-3pmsf-ms\/","title":{"rendered":"215\/55R16 DYNAMO SNOW-H MSL01 97T XL Friction BCB70 3PMSF M+S"},"content":{"rendered":"<p>Avasta talvekindluse uus tase DYNAMO SNOW-H MSL01 215\/55R16 rehvidega. Need XL Friction rehv on loodud tagama maksimaalset haarduvust ja ohutust libedatel talvetingimustes, kus sujuv s\u00f5it ja t\u00f5hus kontroll on h\u00e4davajalikud. Rehvi 3PMSF ja M+S m\u00e4rgistus kinnitab, et see on ideaalne valik talviseks kasutuseks.<\/p>\n<p>Rehvi laius 215 mm, aspektide suhe 55 ja l\u00e4bim\u00f5\u00f5t 16 tolli tagavad suurep\u00e4rase stabiilsuse ja man\u00f6\u00f6verdusv\u00f5ime. Suure kandeindeksi (97) ja hea k\u00fctusekasutuse t\u00f5hususe klassiga B, on need rehvid mitte ainult turvalised, vaid ka \u00f6konoomsed. M\u00fcra klass B ja 70 dB m\u00fcrataset garanteerivad mugava ja rahuliku s\u00f5idu igasugustes tingimustes.<\/p>\n<p>DYNAMO, tuntud oma kvaliteedi ja usaldusv\u00e4\u00e4rsuse poolest, on valinud professionaalid ja igap\u00e4evased kasutajad. Valige DYNAMO SNOW-H MSL01 ja nautige sujuvat ning ohutut s\u00f5itu talvel!<\/p>","protected":false},"excerpt":{"rendered":"<p>Avasta talvekindluse uus tase DYNAMO SNOW-H MSL01 215\/55R16 rehvidega. Need XL Friction rehv on loodud tagama maksimaalset haarduvust ja ohutust libedatel talvetingimustes, kus sujuv s\u00f5it ja t\u00f5hus kontroll on h\u00e4davajalikud. Rehvi 3PMSF ja M+S m\u00e4rgistus kinnitab, et see on ideaalne valik talviseks kasutuseks. Rehvi laius 215 mm, aspektide suhe 55 ja l\u00e4bim\u00f5\u00f5t 16 tolli tagavad [&hellip;]<\/p>\n","protected":false},"featured_media":123787,"template":"","meta":{"site-sidebar-layout":"default","site-content-layout":"","ast-site-content-layout":"","site-content-style":"default","site-sidebar-style":"default","ast-global-header-display":"","ast-banner-title-visibility":"","ast-main-header-display":"","ast-hfb-above-header-display":"","ast-hfb-below-header-display":"","ast-hfb-mobile-header-display":"","site-post-title":"","ast-breadcrumbs-content":"","ast-featured-img":"","footer-sml-layout":"","theme-transparent-header-meta":"","adv-header-id-meta":"","stick-header-meta":"","header-above-stick-meta":"","header-main-stick-meta":"","header-below-stick-meta":"","astra-migrate-meta-layouts":"default","ast-page-background-enabled":"default","ast-page-background-meta":{"desktop":{"background-color":"","background-image":"","background-repeat":"repeat","background-position":"center center","background-size":"auto","background-attachment":"scroll","background-type":"","background-media":"","overlay-type":"","overlay-color":"","overlay-opacity":"","overlay-gradient":""},"tablet":{"background-color":"","background-image":"","background-repeat":"repeat","background-position":"center center","background-size":"auto","background-attachment":"scroll","background-type":"","background-media":"","overlay-type":"","overlay-color":"","overlay-opacity":"","overlay-gradient":""},"mobile":{"background-color":"","background-image":"","background-repeat":"repeat","background-position":"center center","background-size":"auto","background-attachment":"scroll","background-type":"","background-media":"","overlay-type":"","overlay-color":"","overlay-opacity":"","overlay-gradient":""}},"ast-content-background-meta":{"desktop":{"background-color":"var(--ast-global-color-5)","background-image":"","background-repeat":"repeat","background-position":"center center","background-size":"auto","background-attachment":"scroll","background-type":"","background-media":"","overlay-type":"","overlay-color":"","overlay-opacity":"","overlay-gradient":""},"tablet":{"background-color":"var(--ast-global-color-5)","background-image":"","background-repeat":"repeat","background-position":"center center","background-size":"auto","background-attachment":"scroll","background-type":"","background-media":"","overlay-type":"","overlay-color":"","overlay-opacity":"","overlay-gradient":""},"mobile":{"background-color":"var(--ast-global-color-5)","background-image":"","background-repeat":"repeat","background-position":"center center","background-size":"auto","background-attachment":"scroll","background-type":"","background-media":"","overlay-type":"","overlay-color":"","overlay-opacity":"","overlay-gradient":""}}},"product_brand":[],"product_cat":[30111],"product_tag":[],"pa_brand_name":[17833],"class_list":{"0":"post-105358","1":"product","2":"type-product","3":"status-publish","4":"has-post-thumbnail","6":"product_cat-winter-tires-friction-2","7":"pa_brand_name-dynamo","8":"desktop-align-left","9":"tablet-align-left","10":"mobile-align-left","12":"first","13":"instock","14":"taxable","15":"shipping-taxable","16":"purchasable","17":"product-type-simple"},"_links":{"self":[{"href":"https:\/\/shop.rettum.ee\/en\/wp-json\/wp\/v2\/product\/105358","targetHints":{"allow":["GET"]}}],"collection":[{"href":"https:\/\/shop.rettum.ee\/en\/wp-json\/wp\/v2\/product"}],"about":[{"href":"https:\/\/shop.rettum.ee\/en\/wp-json\/wp\/v2\/types\/product"}],"version-history":[{"count":0,"href":"https:\/\/shop.rettum.ee\/en\/wp-json\/wp\/v2\/product\/105358\/revisions"}],"wp:featuredmedia":[{"embeddable":true,"href":"https:\/\/shop.rettum.ee\/en\/wp-json\/wp\/v2\/media\/123787"}],"wp:attachment":[{"href":"https:\/\/shop.rettum.ee\/en\/wp-json\/wp\/v2\/media?parent=105358"}],"wp:term":[{"taxonomy":"product_brand","embeddable":true,"href":"https:\/\/shop.rettum.ee\/en\/wp-json\/wp\/v2\/product_brand?post=105358"},{"taxonomy":"product_cat","embeddable":true,"href":"https:\/\/shop.rettum.ee\/en\/wp-json\/wp\/v2\/product_cat?post=105358"},{"taxonomy":"product_tag","embeddable":true,"href":"https:\/\/shop.rettum.ee\/en\/wp-json\/wp\/v2\/product_tag?post=105358"},{"taxonomy":"pa_brand_name","embeddable":true,"href":"https:\/\/shop.rettum.ee\/en\/wp-json\/wp\/v2\/pa_brand_name?post=105358"}],"curies":[{"name":"wp","href":"https:\/\/api.w.org\/{rel}","templated":true}]}}