{"id":105359,"date":"2025-01-07T18:49:03","date_gmt":"2025-01-07T16:49:03","guid":{"rendered":"https:\/\/shop.rettum.ee\/toode\/215-45r17-dynamo-snow-h-mwh03-91t-xl-rp-studdable-ddb70-3pmsf-ms\/"},"modified":"2026-03-28T02:50:49","modified_gmt":"2026-03-28T00:50:49","slug":"215-45r17-dynamo-snow-h-mwh03-91t-xl-rp-studdable-ddb70-3pmsf-ms","status":"publish","type":"product","link":"https:\/\/shop.rettum.ee\/en\/product\/215-45r17-dynamo-snow-h-mwh03-91t-xl-rp-studdable-ddb70-3pmsf-ms\/","title":{"rendered":"215\/45R17 DYNAMO SNOW-H MWH03 91T XL RP Studdable DDB70 3PMSF M+S"},"content":{"rendered":"<p>**Toode: 215\/45R17 DYNAMO SNOW-H MWH03 91T XL RP Studdable DDB70 3PMSF M+S**<\/p>\n<p>Valmistuge talviste teede v\u00e4ljakutseks DYNAMO SNOW-H MWH03 rehvidega, mis on loodud tagama erakordset j\u00f5udlust ja ohutust k\u00fclmades tingimustes. Selle k\u00f5rge kvaliteediga rehv v\u00f5imaldab teil s\u00f5ita kindlalt ja mugavalt, olenemata aastaaegadest.<\/p>\n<p>Rehvi laius 215 mm ja aspektide suhe 45 tagavad stabiilse juhtimise, samas kui 17-tolline diameeter pakub sobivust laiemale valikule s\u00f5idukitele. DYNAMO rehvid on varustatud 91 koormusindeksiga ja suvekohandatud T kiirusindeksiga, mis garanteerib usaldusv\u00e4\u00e4rsuse nii igap\u00e4evases kasutuses kui ka n\u00f5udlikes tingimustes.<\/p>\n<p>K\u00fctuseefektiivsus on C klass, aidates teil v\u00e4hendada k\u00fctusekulu ning ohutunde tagamine on sellele rehvi m\u00fcraklass B ja 70 dB m\u00fcra v\u00e4\u00e4rtusega. Radiaalne konstruktsioon ja v\u00f5imalus nailonkatte vahel, v\u00f5imaldavad rehvi vajadusel varustada naeladega, suurendades pidurdamisv\u00f5imet j\u00e4\u00e4- ja lumeteeoludes.<\/p>\n<p>DYNAMO SNOW-H MWH03 \u2013 teie usaldusv\u00e4\u00e4rne partner talvistes oludes!<\/p>","protected":false},"excerpt":{"rendered":"<p>**Toode: 215\/45R17 DYNAMO SNOW-H MWH03 91T XL RP Studdable DDB70 3PMSF M+S** Valmistuge talviste teede v\u00e4ljakutseks DYNAMO SNOW-H MWH03 rehvidega, mis on loodud tagama erakordset j\u00f5udlust ja ohutust k\u00fclmades tingimustes. Selle k\u00f5rge kvaliteediga rehv v\u00f5imaldab teil s\u00f5ita kindlalt ja mugavalt, olenemata aastaaegadest. Rehvi laius 215 mm ja aspektide suhe 45 tagavad stabiilse juhtimise, samas kui [&hellip;]<\/p>\n","protected":false},"featured_media":124759,"template":"","meta":{"site-sidebar-layout":"default","site-content-layout":"","ast-site-content-layout":"","site-content-style":"default","site-sidebar-style":"default","ast-global-header-display":"","ast-banner-title-visibility":"","ast-main-header-display":"","ast-hfb-above-header-display":"","ast-hfb-below-header-display":"","ast-hfb-mobile-header-display":"","site-post-title":"","ast-breadcrumbs-content":"","ast-featured-img":"","footer-sml-layout":"","theme-transparent-header-meta":"","adv-header-id-meta":"","stick-header-meta":"","header-above-stick-meta":"","header-main-stick-meta":"","header-below-stick-meta":"","astra-migrate-meta-layouts":"default","ast-page-background-enabled":"default","ast-page-background-meta":{"desktop":{"background-color":"","background-image":"","background-repeat":"repeat","background-position":"center center","background-size":"auto","background-attachment":"scroll","background-type":"","background-media":"","overlay-type":"","overlay-color":"","overlay-opacity":"","overlay-gradient":""},"tablet":{"background-color":"","background-image":"","background-repeat":"repeat","background-position":"center center","background-size":"auto","background-attachment":"scroll","background-type":"","background-media":"","overlay-type":"","overlay-color":"","overlay-opacity":"","overlay-gradient":""},"mobile":{"background-color":"","background-image":"","background-repeat":"repeat","background-position":"center center","background-size":"auto","background-attachment":"scroll","background-type":"","background-media":"","overlay-type":"","overlay-color":"","overlay-opacity":"","overlay-gradient":""}},"ast-content-background-meta":{"desktop":{"background-color":"var(--ast-global-color-5)","background-image":"","background-repeat":"repeat","background-position":"center center","background-size":"auto","background-attachment":"scroll","background-type":"","background-media":"","overlay-type":"","overlay-color":"","overlay-opacity":"","overlay-gradient":""},"tablet":{"background-color":"var(--ast-global-color-5)","background-image":"","background-repeat":"repeat","background-position":"center center","background-size":"auto","background-attachment":"scroll","background-type":"","background-media":"","overlay-type":"","overlay-color":"","overlay-opacity":"","overlay-gradient":""},"mobile":{"background-color":"var(--ast-global-color-5)","background-image":"","background-repeat":"repeat","background-position":"center center","background-size":"auto","background-attachment":"scroll","background-type":"","background-media":"","overlay-type":"","overlay-color":"","overlay-opacity":"","overlay-gradient":""}}},"product_brand":[],"product_cat":[29017],"product_tag":[],"pa_brand_name":[17833],"class_list":{"0":"post-105359","1":"product","2":"type-product","3":"status-publish","4":"has-post-thumbnail","6":"product_cat-winter-tires-studdable","7":"pa_brand_name-dynamo","8":"desktop-align-left","9":"tablet-align-left","10":"mobile-align-left","12":"first","13":"instock","14":"taxable","15":"shipping-taxable","16":"purchasable","17":"product-type-simple"},"_links":{"self":[{"href":"https:\/\/shop.rettum.ee\/en\/wp-json\/wp\/v2\/product\/105359","targetHints":{"allow":["GET"]}}],"collection":[{"href":"https:\/\/shop.rettum.ee\/en\/wp-json\/wp\/v2\/product"}],"about":[{"href":"https:\/\/shop.rettum.ee\/en\/wp-json\/wp\/v2\/types\/product"}],"version-history":[{"count":0,"href":"https:\/\/shop.rettum.ee\/en\/wp-json\/wp\/v2\/product\/105359\/revisions"}],"wp:featuredmedia":[{"embeddable":true,"href":"https:\/\/shop.rettum.ee\/en\/wp-json\/wp\/v2\/media\/124759"}],"wp:attachment":[{"href":"https:\/\/shop.rettum.ee\/en\/wp-json\/wp\/v2\/media?parent=105359"}],"wp:term":[{"taxonomy":"product_brand","embeddable":true,"href":"https:\/\/shop.rettum.ee\/en\/wp-json\/wp\/v2\/product_brand?post=105359"},{"taxonomy":"product_cat","embeddable":true,"href":"https:\/\/shop.rettum.ee\/en\/wp-json\/wp\/v2\/product_cat?post=105359"},{"taxonomy":"product_tag","embeddable":true,"href":"https:\/\/shop.rettum.ee\/en\/wp-json\/wp\/v2\/product_tag?post=105359"},{"taxonomy":"pa_brand_name","embeddable":true,"href":"https:\/\/shop.rettum.ee\/en\/wp-json\/wp\/v2\/pa_brand_name?post=105359"}],"curies":[{"name":"wp","href":"https:\/\/api.w.org\/{rel}","templated":true}]}}