{"id":105366,"date":"2025-01-07T18:49:18","date_gmt":"2025-01-07T16:49:18","guid":{"rendered":"https:\/\/shop.rettum.ee\/toode\/225-55r19-bridgestone-blizzak-spike-02-99t-dot22-studded-3pmsf-ms\/"},"modified":"2026-03-22T03:05:27","modified_gmt":"2026-03-22T01:05:27","slug":"225-55r19-bridgestone-blizzak-spike-02-99t-dot22-studded-3pmsf-ms","status":"publish","type":"product","link":"https:\/\/shop.rettum.ee\/en\/product\/225-55r19-bridgestone-blizzak-spike-02-99t-dot22-studded-3pmsf-ms\/","title":{"rendered":"225\/55R19 BRIDGESTONE BLIZZAK SPIKE-02 99T DOT22 Studded 3PMSF M+S"},"content":{"rendered":"<p>Tutvustame Bridgestone Blizzak Spike-02, spetsiaalselt talviste olude jaoks loodud naastrehvi, mis tagab teile maksimaalse haarduvuse ja ohutuse libedatel teedel. Rehvi m\u00f5\u00f5tmed 225\/55R19 sobivad ideaalselt suurematele s\u00f5idukitele, tagades stabiilsuse ja mugavuse igasuguses talvesadulais. <\/p>\n<p>Bridgestone Blizzak Spike-02 on varustatud kvaliteetsete ja vastupidavate naeltega, mis pakuvad suurep\u00e4rast pidamist j\u00e4\u00e4- ja lumeteedel. Rehvi kiirusindeks T t\u00e4hendab, et see on usaldusv\u00e4\u00e4rne valik kiirusel kuni 190 km\/h. Koormusindeks 99 toetab kuni 775 kg, mist\u00f5ttu sobib see erinevatesse s\u00f5iduki t\u00fc\u00fcpidesse, sealhulgas SUV-dele ja maasturitele.<\/p>\n<p>Rehvi 3PMSF (kolme m\u00e4etippu ja lume s\u00fcmbol) sertifikaat kinnitab, et see on loodud talviste olude jaoks ning pakub parimat tulemust ka k\u00f5ige ekstreemsemates tingimustes. Valige Bridgestone Blizzak Spike-02, et nautida talve s\u00f5idumugavust ja ohutust!<\/p>","protected":false},"excerpt":{"rendered":"<p>Tutvustame Bridgestone Blizzak Spike-02, spetsiaalselt talviste olude jaoks loodud naastrehvi, mis tagab teile maksimaalse haarduvuse ja ohutuse libedatel teedel. Rehvi m\u00f5\u00f5tmed 225\/55R19 sobivad ideaalselt suurematele s\u00f5idukitele, tagades stabiilsuse ja mugavuse igasuguses talvesadulais. Bridgestone Blizzak Spike-02 on varustatud kvaliteetsete ja vastupidavate naeltega, mis pakuvad suurep\u00e4rast pidamist j\u00e4\u00e4- ja lumeteedel. Rehvi kiirusindeks T t\u00e4hendab, et see on [&hellip;]<\/p>\n","protected":false},"featured_media":124280,"template":"","meta":{"site-sidebar-layout":"default","site-content-layout":"","ast-site-content-layout":"","site-content-style":"default","site-sidebar-style":"default","ast-global-header-display":"","ast-banner-title-visibility":"","ast-main-header-display":"","ast-hfb-above-header-display":"","ast-hfb-below-header-display":"","ast-hfb-mobile-header-display":"","site-post-title":"","ast-breadcrumbs-content":"","ast-featured-img":"","footer-sml-layout":"","theme-transparent-header-meta":"","adv-header-id-meta":"","stick-header-meta":"","header-above-stick-meta":"","header-main-stick-meta":"","header-below-stick-meta":"","astra-migrate-meta-layouts":"default","ast-page-background-enabled":"default","ast-page-background-meta":{"desktop":{"background-color":"","background-image":"","background-repeat":"repeat","background-position":"center center","background-size":"auto","background-attachment":"scroll","background-type":"","background-media":"","overlay-type":"","overlay-color":"","overlay-opacity":"","overlay-gradient":""},"tablet":{"background-color":"","background-image":"","background-repeat":"repeat","background-position":"center center","background-size":"auto","background-attachment":"scroll","background-type":"","background-media":"","overlay-type":"","overlay-color":"","overlay-opacity":"","overlay-gradient":""},"mobile":{"background-color":"","background-image":"","background-repeat":"repeat","background-position":"center center","background-size":"auto","background-attachment":"scroll","background-type":"","background-media":"","overlay-type":"","overlay-color":"","overlay-opacity":"","overlay-gradient":""}},"ast-content-background-meta":{"desktop":{"background-color":"var(--ast-global-color-5)","background-image":"","background-repeat":"repeat","background-position":"center center","background-size":"auto","background-attachment":"scroll","background-type":"","background-media":"","overlay-type":"","overlay-color":"","overlay-opacity":"","overlay-gradient":""},"tablet":{"background-color":"var(--ast-global-color-5)","background-image":"","background-repeat":"repeat","background-position":"center center","background-size":"auto","background-attachment":"scroll","background-type":"","background-media":"","overlay-type":"","overlay-color":"","overlay-opacity":"","overlay-gradient":""},"mobile":{"background-color":"var(--ast-global-color-5)","background-image":"","background-repeat":"repeat","background-position":"center center","background-size":"auto","background-attachment":"scroll","background-type":"","background-media":"","overlay-type":"","overlay-color":"","overlay-opacity":"","overlay-gradient":""}}},"product_brand":[],"product_cat":[30112],"product_tag":[],"pa_brand_name":[25023],"class_list":{"0":"post-105366","1":"product","2":"type-product","3":"status-publish","4":"has-post-thumbnail","6":"product_cat-winter-tires-with-studs-2","7":"pa_brand_name-bridgestone","8":"desktop-align-left","9":"tablet-align-left","10":"mobile-align-left","12":"first","13":"outofstock","14":"taxable","15":"shipping-taxable","16":"purchasable","17":"product-type-simple"},"_links":{"self":[{"href":"https:\/\/shop.rettum.ee\/en\/wp-json\/wp\/v2\/product\/105366","targetHints":{"allow":["GET"]}}],"collection":[{"href":"https:\/\/shop.rettum.ee\/en\/wp-json\/wp\/v2\/product"}],"about":[{"href":"https:\/\/shop.rettum.ee\/en\/wp-json\/wp\/v2\/types\/product"}],"version-history":[{"count":0,"href":"https:\/\/shop.rettum.ee\/en\/wp-json\/wp\/v2\/product\/105366\/revisions"}],"wp:featuredmedia":[{"embeddable":true,"href":"https:\/\/shop.rettum.ee\/en\/wp-json\/wp\/v2\/media\/124280"}],"wp:attachment":[{"href":"https:\/\/shop.rettum.ee\/en\/wp-json\/wp\/v2\/media?parent=105366"}],"wp:term":[{"taxonomy":"product_brand","embeddable":true,"href":"https:\/\/shop.rettum.ee\/en\/wp-json\/wp\/v2\/product_brand?post=105366"},{"taxonomy":"product_cat","embeddable":true,"href":"https:\/\/shop.rettum.ee\/en\/wp-json\/wp\/v2\/product_cat?post=105366"},{"taxonomy":"product_tag","embeddable":true,"href":"https:\/\/shop.rettum.ee\/en\/wp-json\/wp\/v2\/product_tag?post=105366"},{"taxonomy":"pa_brand_name","embeddable":true,"href":"https:\/\/shop.rettum.ee\/en\/wp-json\/wp\/v2\/pa_brand_name?post=105366"}],"curies":[{"name":"wp","href":"https:\/\/api.w.org\/{rel}","templated":true}]}}