{"id":105367,"date":"2025-01-07T18:49:20","date_gmt":"2025-01-07T16:49:20","guid":{"rendered":"https:\/\/shop.rettum.ee\/toode\/235-55r20-nokian-hkpl-r5-suv-102r-friction-bdb71-3pmsf-icegrip-ms\/"},"modified":"2026-03-22T03:05:27","modified_gmt":"2026-03-22T01:05:27","slug":"235-55r20-nokian-hkpl-r5-suv-102r-friction-bdb71-3pmsf-icegrip-ms","status":"publish","type":"product","link":"https:\/\/shop.rettum.ee\/en\/product\/235-55r20-nokian-hkpl-r5-suv-102r-friction-bdb71-3pmsf-icegrip-ms\/","title":{"rendered":"235\/55R20 NOKIAN HKPL R5 SUV 102R Friction BDB71 3PMSF IceGrip M+S"},"content":{"rendered":"<p>Tutvustame Nokian HKPL R5 SUV 235\/55R20 rehve \u2013 ideaalne valik talviste olude jaoks. Need tipptasemel rehvid on konstrueeritud spetsiaalselt SUV-dele, pakkudes erakordset haardumist j\u00e4\u00e4- ja lumistes tingimustes. <\/p>\n<p>Nokian HKPL R5 rehvide 55% k\u00f5rgussuhte ja 235 mm laius tagavad stabiilse s\u00f5idu ning usaldusv\u00e4\u00e4rse kontrolli igasugustes ilmastikutingimustes. Suure l\u00e4bim\u00f5\u00f5duga 20-tollised rehvid on varustatud 102 kandeindeksiga, mis muudab need sobivaks ka raskete autode jaoks.<\/p>\n<p>Need rehvid ei ole mitte ainult ohutud, vaid ka k\u00fctuses\u00e4\u00e4stlikud, saavutades B-kategooria k\u00fctuseefektiivsuse. Saatel\u00fcli m\u00fcraklass B ja m\u00fcratase 71 dB tagavad mugava s\u00f5idukogemuse ilma liigse m\u00fcrata salongis. <\/p>\n<p>Kombineerides innovatiivse j\u00e4\u00e4haardetehnoloogia IceGrip ja 3PMSF standardi, on Nokian HKPL R5 rehvid loodud s\u00e4ilitama suurep\u00e4rast haardumist ja stabiilsust ka k\u00f5ige karmimates talvetingimustes. \u00c4ra lase talvel end peatada \u2013 vali Nokian ja s\u00f5ida muretult!<\/p>","protected":false},"excerpt":{"rendered":"<p>Tutvustame Nokian HKPL R5 SUV 235\/55R20 rehve \u2013 ideaalne valik talviste olude jaoks. Need tipptasemel rehvid on konstrueeritud spetsiaalselt SUV-dele, pakkudes erakordset haardumist j\u00e4\u00e4- ja lumistes tingimustes. Nokian HKPL R5 rehvide 55% k\u00f5rgussuhte ja 235 mm laius tagavad stabiilse s\u00f5idu ning usaldusv\u00e4\u00e4rse kontrolli igasugustes ilmastikutingimustes. Suure l\u00e4bim\u00f5\u00f5duga 20-tollised rehvid on varustatud 102 kandeindeksiga, mis muudab [&hellip;]<\/p>\n","protected":false},"featured_media":124902,"template":"","meta":{"site-sidebar-layout":"default","site-content-layout":"","ast-site-content-layout":"","site-content-style":"default","site-sidebar-style":"default","ast-global-header-display":"","ast-banner-title-visibility":"","ast-main-header-display":"","ast-hfb-above-header-display":"","ast-hfb-below-header-display":"","ast-hfb-mobile-header-display":"","site-post-title":"","ast-breadcrumbs-content":"","ast-featured-img":"","footer-sml-layout":"","theme-transparent-header-meta":"","adv-header-id-meta":"","stick-header-meta":"","header-above-stick-meta":"","header-main-stick-meta":"","header-below-stick-meta":"","astra-migrate-meta-layouts":"default","ast-page-background-enabled":"default","ast-page-background-meta":{"desktop":{"background-color":"","background-image":"","background-repeat":"repeat","background-position":"center center","background-size":"auto","background-attachment":"scroll","background-type":"","background-media":"","overlay-type":"","overlay-color":"","overlay-opacity":"","overlay-gradient":""},"tablet":{"background-color":"","background-image":"","background-repeat":"repeat","background-position":"center center","background-size":"auto","background-attachment":"scroll","background-type":"","background-media":"","overlay-type":"","overlay-color":"","overlay-opacity":"","overlay-gradient":""},"mobile":{"background-color":"","background-image":"","background-repeat":"repeat","background-position":"center center","background-size":"auto","background-attachment":"scroll","background-type":"","background-media":"","overlay-type":"","overlay-color":"","overlay-opacity":"","overlay-gradient":""}},"ast-content-background-meta":{"desktop":{"background-color":"var(--ast-global-color-5)","background-image":"","background-repeat":"repeat","background-position":"center center","background-size":"auto","background-attachment":"scroll","background-type":"","background-media":"","overlay-type":"","overlay-color":"","overlay-opacity":"","overlay-gradient":""},"tablet":{"background-color":"var(--ast-global-color-5)","background-image":"","background-repeat":"repeat","background-position":"center center","background-size":"auto","background-attachment":"scroll","background-type":"","background-media":"","overlay-type":"","overlay-color":"","overlay-opacity":"","overlay-gradient":""},"mobile":{"background-color":"var(--ast-global-color-5)","background-image":"","background-repeat":"repeat","background-position":"center center","background-size":"auto","background-attachment":"scroll","background-type":"","background-media":"","overlay-type":"","overlay-color":"","overlay-opacity":"","overlay-gradient":""}}},"product_brand":[],"product_cat":[30111],"product_tag":[],"pa_brand_name":[25032],"class_list":{"0":"post-105367","1":"product","2":"type-product","3":"status-publish","4":"has-post-thumbnail","6":"product_cat-winter-tires-friction-2","7":"pa_brand_name-nokian","8":"desktop-align-left","9":"tablet-align-left","10":"mobile-align-left","12":"first","13":"outofstock","14":"taxable","15":"shipping-taxable","16":"purchasable","17":"product-type-simple"},"_links":{"self":[{"href":"https:\/\/shop.rettum.ee\/en\/wp-json\/wp\/v2\/product\/105367","targetHints":{"allow":["GET"]}}],"collection":[{"href":"https:\/\/shop.rettum.ee\/en\/wp-json\/wp\/v2\/product"}],"about":[{"href":"https:\/\/shop.rettum.ee\/en\/wp-json\/wp\/v2\/types\/product"}],"version-history":[{"count":0,"href":"https:\/\/shop.rettum.ee\/en\/wp-json\/wp\/v2\/product\/105367\/revisions"}],"wp:featuredmedia":[{"embeddable":true,"href":"https:\/\/shop.rettum.ee\/en\/wp-json\/wp\/v2\/media\/124902"}],"wp:attachment":[{"href":"https:\/\/shop.rettum.ee\/en\/wp-json\/wp\/v2\/media?parent=105367"}],"wp:term":[{"taxonomy":"product_brand","embeddable":true,"href":"https:\/\/shop.rettum.ee\/en\/wp-json\/wp\/v2\/product_brand?post=105367"},{"taxonomy":"product_cat","embeddable":true,"href":"https:\/\/shop.rettum.ee\/en\/wp-json\/wp\/v2\/product_cat?post=105367"},{"taxonomy":"product_tag","embeddable":true,"href":"https:\/\/shop.rettum.ee\/en\/wp-json\/wp\/v2\/product_tag?post=105367"},{"taxonomy":"pa_brand_name","embeddable":true,"href":"https:\/\/shop.rettum.ee\/en\/wp-json\/wp\/v2\/pa_brand_name?post=105367"}],"curies":[{"name":"wp","href":"https:\/\/api.w.org\/{rel}","templated":true}]}}