{"id":105368,"date":"2025-01-07T18:49:22","date_gmt":"2025-01-07T16:49:22","guid":{"rendered":"https:\/\/shop.rettum.ee\/toode\/295-40r20-nokian-hkpl-r3-suv-110t-xl-dot18-friction-beb75-3pmsf-icegrip-ms\/"},"modified":"2026-03-22T03:05:27","modified_gmt":"2026-03-22T01:05:27","slug":"295-40r20-nokian-hkpl-r3-suv-110t-xl-dot18-friction-beb75-3pmsf-icegrip-ms","status":"publish","type":"product","link":"https:\/\/shop.rettum.ee\/en\/product\/295-40r20-nokian-hkpl-r3-suv-110t-xl-dot18-friction-beb75-3pmsf-icegrip-ms\/","title":{"rendered":"295\/40R20 NOKIAN HKPL R3 SUV 110T XL DOT18 Friction BEB75 3PMSF IceGrip M+S"},"content":{"rendered":"<p>Tutvustame Nokian HKPL R3 SUV 295\/40R20 rattakomplekti \u2013 ideaalne valik igasuguseks talviseks seikluseks! Need rehvid on loodud talvise s\u00f5itmise k\u00f5rgeimatele standarditele, pakkudes maksimaalset ohutust ja usaldusv\u00e4\u00e4rsust nii j\u00e4\u00e4- kui lumistes oludes. <\/p>\n<p>Rehvi laius 295 mm ja profiilsuhe 40 tagavad suurep\u00e4rase stabiilsuse ning juhitavuse, samas kui 20-tolline diameeter v\u00f5imaldab sujuvat ja mugavat s\u00f5itmist. Nokian HKPL R3 rehvidel on 3PMSF ja M+S m\u00e4rgised, mis kinnitavad nende sobivust raskete talvetingimuste jaoks. <\/p>\n<p>K\u00fctusekasutuse efektiivsus klass B ja madal m\u00fcra klass B (75 dB) teevad need rehvid mitte ainult keskkonnas\u00f5bralikuks valikuks, vaid ka mugavaks kaaslaseks igap\u00e4evases s\u00f5idust. Suur kannatlikkuse indeks 110 tagab, et need suudavad kannatada ka raskemate autode koormusi.<\/p>\n<p>Valige Nokian HKPL R3 SUV rehvid ja nautige talve s\u00f5itmisel parimat!<\/p>","protected":false},"excerpt":{"rendered":"<p>Tutvustame Nokian HKPL R3 SUV 295\/40R20 rattakomplekti \u2013 ideaalne valik igasuguseks talviseks seikluseks! Need rehvid on loodud talvise s\u00f5itmise k\u00f5rgeimatele standarditele, pakkudes maksimaalset ohutust ja usaldusv\u00e4\u00e4rsust nii j\u00e4\u00e4- kui lumistes oludes. Rehvi laius 295 mm ja profiilsuhe 40 tagavad suurep\u00e4rase stabiilsuse ning juhitavuse, samas kui 20-tolline diameeter v\u00f5imaldab sujuvat ja mugavat s\u00f5itmist. Nokian HKPL R3 [&hellip;]<\/p>\n","protected":false},"featured_media":124542,"template":"","meta":{"site-sidebar-layout":"default","site-content-layout":"","ast-site-content-layout":"","site-content-style":"default","site-sidebar-style":"default","ast-global-header-display":"","ast-banner-title-visibility":"","ast-main-header-display":"","ast-hfb-above-header-display":"","ast-hfb-below-header-display":"","ast-hfb-mobile-header-display":"","site-post-title":"","ast-breadcrumbs-content":"","ast-featured-img":"","footer-sml-layout":"","theme-transparent-header-meta":"","adv-header-id-meta":"","stick-header-meta":"","header-above-stick-meta":"","header-main-stick-meta":"","header-below-stick-meta":"","astra-migrate-meta-layouts":"default","ast-page-background-enabled":"default","ast-page-background-meta":{"desktop":{"background-color":"","background-image":"","background-repeat":"repeat","background-position":"center center","background-size":"auto","background-attachment":"scroll","background-type":"","background-media":"","overlay-type":"","overlay-color":"","overlay-opacity":"","overlay-gradient":""},"tablet":{"background-color":"","background-image":"","background-repeat":"repeat","background-position":"center center","background-size":"auto","background-attachment":"scroll","background-type":"","background-media":"","overlay-type":"","overlay-color":"","overlay-opacity":"","overlay-gradient":""},"mobile":{"background-color":"","background-image":"","background-repeat":"repeat","background-position":"center center","background-size":"auto","background-attachment":"scroll","background-type":"","background-media":"","overlay-type":"","overlay-color":"","overlay-opacity":"","overlay-gradient":""}},"ast-content-background-meta":{"desktop":{"background-color":"var(--ast-global-color-5)","background-image":"","background-repeat":"repeat","background-position":"center center","background-size":"auto","background-attachment":"scroll","background-type":"","background-media":"","overlay-type":"","overlay-color":"","overlay-opacity":"","overlay-gradient":""},"tablet":{"background-color":"var(--ast-global-color-5)","background-image":"","background-repeat":"repeat","background-position":"center center","background-size":"auto","background-attachment":"scroll","background-type":"","background-media":"","overlay-type":"","overlay-color":"","overlay-opacity":"","overlay-gradient":""},"mobile":{"background-color":"var(--ast-global-color-5)","background-image":"","background-repeat":"repeat","background-position":"center center","background-size":"auto","background-attachment":"scroll","background-type":"","background-media":"","overlay-type":"","overlay-color":"","overlay-opacity":"","overlay-gradient":""}}},"product_brand":[],"product_cat":[30111],"product_tag":[],"pa_brand_name":[25032],"class_list":{"0":"post-105368","1":"product","2":"type-product","3":"status-publish","4":"has-post-thumbnail","6":"product_cat-winter-tires-friction-2","7":"pa_brand_name-nokian","8":"desktop-align-left","9":"tablet-align-left","10":"mobile-align-left","12":"first","13":"outofstock","14":"taxable","15":"shipping-taxable","16":"purchasable","17":"product-type-simple"},"_links":{"self":[{"href":"https:\/\/shop.rettum.ee\/en\/wp-json\/wp\/v2\/product\/105368","targetHints":{"allow":["GET"]}}],"collection":[{"href":"https:\/\/shop.rettum.ee\/en\/wp-json\/wp\/v2\/product"}],"about":[{"href":"https:\/\/shop.rettum.ee\/en\/wp-json\/wp\/v2\/types\/product"}],"version-history":[{"count":0,"href":"https:\/\/shop.rettum.ee\/en\/wp-json\/wp\/v2\/product\/105368\/revisions"}],"wp:featuredmedia":[{"embeddable":true,"href":"https:\/\/shop.rettum.ee\/en\/wp-json\/wp\/v2\/media\/124542"}],"wp:attachment":[{"href":"https:\/\/shop.rettum.ee\/en\/wp-json\/wp\/v2\/media?parent=105368"}],"wp:term":[{"taxonomy":"product_brand","embeddable":true,"href":"https:\/\/shop.rettum.ee\/en\/wp-json\/wp\/v2\/product_brand?post=105368"},{"taxonomy":"product_cat","embeddable":true,"href":"https:\/\/shop.rettum.ee\/en\/wp-json\/wp\/v2\/product_cat?post=105368"},{"taxonomy":"product_tag","embeddable":true,"href":"https:\/\/shop.rettum.ee\/en\/wp-json\/wp\/v2\/product_tag?post=105368"},{"taxonomy":"pa_brand_name","embeddable":true,"href":"https:\/\/shop.rettum.ee\/en\/wp-json\/wp\/v2\/pa_brand_name?post=105368"}],"curies":[{"name":"wp","href":"https:\/\/api.w.org\/{rel}","templated":true}]}}