{"id":105371,"date":"2025-01-07T18:49:27","date_gmt":"2025-01-07T16:49:27","guid":{"rendered":"https:\/\/shop.rettum.ee\/toode\/195-75r16c-marshal-cw11-107-105r-studdable-ddb73-3pmsf-icegrip-ms\/"},"modified":"2026-03-22T03:05:41","modified_gmt":"2026-03-22T01:05:41","slug":"195-75r16c-marshal-cw11-107-105r-studdable-ddb73-3pmsf-icegrip-ms","status":"publish","type":"product","link":"https:\/\/shop.rettum.ee\/en\/product\/195-75r16c-marshal-cw11-107-105r-studdable-ddb73-3pmsf-icegrip-ms\/","title":{"rendered":"195\/75R16C MARSHAL CW11 107\/105R Studdable DDB73 3PMSF IceGrip M+S"},"content":{"rendered":"<p>**Tootenimi:** 195\/75R16C MARSHAL CW11 107\/105R Studdable DDB73 3PMSF IceGrip M+S<\/p>\n<p>Tutvustame MARSHAL CW11 rehvi &#8211; ideaalne valik talvetingimustes s\u00f5itmiseks! Selle rehvi laius on 195 mm ja diameeter 16 tolli, mis tagab suurep\u00e4rase haakuvuse lumistel ja j\u00e4\u00e4k\u00fclmadel teedel. <\/p>\n<p>Omades 75% aspektisuhet ja koormusindeksit 107\/105, kannab see rehvi kergesti suuremat raskust, muutes selle ideaalne valik ka rasketele kaubikutele. Uuenduslik IceGrip tehnoloogia tagab usaldusv\u00e4\u00e4rse pidamise ning haarduvuse isegi k\u00f5ige ekstreemsemates talvetingimustes. Rehv on studdable, v\u00f5imaldades suurendada haarduvust vajadusel naastude abil.<\/p>\n<p>Fuel Efficiency klass D tagab rahakotile s\u00f5bralikud k\u00fctusekulud, samas kui madal m\u00fcrataseme klass B (73 dB) tagab mugava s\u00f5idukogemuse. V\u00e4\u00e4rib m\u00e4rkimist, et MARSHAL CW11 on 3PMSF sertifikaadiga, mis kinnitab selle sobivust talverehvina. <\/p>\n<p>Vali MARSHAL CW11 &#8211; usaldusv\u00e4\u00e4rne kaaslane igasugustes talvetingimustes!<\/p>","protected":false},"excerpt":{"rendered":"<p>**Tootenimi:** 195\/75R16C MARSHAL CW11 107\/105R Studdable DDB73 3PMSF IceGrip M+S Tutvustame MARSHAL CW11 rehvi &#8211; ideaalne valik talvetingimustes s\u00f5itmiseks! Selle rehvi laius on 195 mm ja diameeter 16 tolli, mis tagab suurep\u00e4rase haakuvuse lumistel ja j\u00e4\u00e4k\u00fclmadel teedel. Omades 75% aspektisuhet ja koormusindeksit 107\/105, kannab see rehvi kergesti suuremat raskust, muutes selle ideaalne valik ka rasketele [&hellip;]<\/p>\n","protected":false},"featured_media":124901,"template":"","meta":{"site-sidebar-layout":"default","site-content-layout":"","ast-site-content-layout":"","site-content-style":"default","site-sidebar-style":"default","ast-global-header-display":"","ast-banner-title-visibility":"","ast-main-header-display":"","ast-hfb-above-header-display":"","ast-hfb-below-header-display":"","ast-hfb-mobile-header-display":"","site-post-title":"","ast-breadcrumbs-content":"","ast-featured-img":"","footer-sml-layout":"","theme-transparent-header-meta":"","adv-header-id-meta":"","stick-header-meta":"","header-above-stick-meta":"","header-main-stick-meta":"","header-below-stick-meta":"","astra-migrate-meta-layouts":"default","ast-page-background-enabled":"default","ast-page-background-meta":{"desktop":{"background-color":"","background-image":"","background-repeat":"repeat","background-position":"center center","background-size":"auto","background-attachment":"scroll","background-type":"","background-media":"","overlay-type":"","overlay-color":"","overlay-opacity":"","overlay-gradient":""},"tablet":{"background-color":"","background-image":"","background-repeat":"repeat","background-position":"center center","background-size":"auto","background-attachment":"scroll","background-type":"","background-media":"","overlay-type":"","overlay-color":"","overlay-opacity":"","overlay-gradient":""},"mobile":{"background-color":"","background-image":"","background-repeat":"repeat","background-position":"center center","background-size":"auto","background-attachment":"scroll","background-type":"","background-media":"","overlay-type":"","overlay-color":"","overlay-opacity":"","overlay-gradient":""}},"ast-content-background-meta":{"desktop":{"background-color":"var(--ast-global-color-5)","background-image":"","background-repeat":"repeat","background-position":"center center","background-size":"auto","background-attachment":"scroll","background-type":"","background-media":"","overlay-type":"","overlay-color":"","overlay-opacity":"","overlay-gradient":""},"tablet":{"background-color":"var(--ast-global-color-5)","background-image":"","background-repeat":"repeat","background-position":"center center","background-size":"auto","background-attachment":"scroll","background-type":"","background-media":"","overlay-type":"","overlay-color":"","overlay-opacity":"","overlay-gradient":""},"mobile":{"background-color":"var(--ast-global-color-5)","background-image":"","background-repeat":"repeat","background-position":"center center","background-size":"auto","background-attachment":"scroll","background-type":"","background-media":"","overlay-type":"","overlay-color":"","overlay-opacity":"","overlay-gradient":""}}},"product_brand":[],"product_cat":[29024],"product_tag":[],"pa_brand_name":[33716],"class_list":{"0":"post-105371","1":"product","2":"type-product","3":"status-publish","4":"has-post-thumbnail","6":"product_cat-winter-light-truck-studdable","7":"pa_brand_name-marshal","8":"desktop-align-left","9":"tablet-align-left","10":"mobile-align-left","12":"first","13":"outofstock","14":"taxable","15":"shipping-taxable","16":"purchasable","17":"product-type-simple"},"_links":{"self":[{"href":"https:\/\/shop.rettum.ee\/en\/wp-json\/wp\/v2\/product\/105371","targetHints":{"allow":["GET"]}}],"collection":[{"href":"https:\/\/shop.rettum.ee\/en\/wp-json\/wp\/v2\/product"}],"about":[{"href":"https:\/\/shop.rettum.ee\/en\/wp-json\/wp\/v2\/types\/product"}],"version-history":[{"count":0,"href":"https:\/\/shop.rettum.ee\/en\/wp-json\/wp\/v2\/product\/105371\/revisions"}],"wp:featuredmedia":[{"embeddable":true,"href":"https:\/\/shop.rettum.ee\/en\/wp-json\/wp\/v2\/media\/124901"}],"wp:attachment":[{"href":"https:\/\/shop.rettum.ee\/en\/wp-json\/wp\/v2\/media?parent=105371"}],"wp:term":[{"taxonomy":"product_brand","embeddable":true,"href":"https:\/\/shop.rettum.ee\/en\/wp-json\/wp\/v2\/product_brand?post=105371"},{"taxonomy":"product_cat","embeddable":true,"href":"https:\/\/shop.rettum.ee\/en\/wp-json\/wp\/v2\/product_cat?post=105371"},{"taxonomy":"product_tag","embeddable":true,"href":"https:\/\/shop.rettum.ee\/en\/wp-json\/wp\/v2\/product_tag?post=105371"},{"taxonomy":"pa_brand_name","embeddable":true,"href":"https:\/\/shop.rettum.ee\/en\/wp-json\/wp\/v2\/pa_brand_name?post=105371"}],"curies":[{"name":"wp","href":"https:\/\/api.w.org\/{rel}","templated":true}]}}