{"id":105372,"date":"2025-01-07T18:49:31","date_gmt":"2025-01-07T16:49:31","guid":{"rendered":"https:\/\/shop.rettum.ee\/toode\/195-70r15c-kumho-cw51-104-102r-studless-dda70-3pmsf-ms\/"},"modified":"2026-03-22T03:05:41","modified_gmt":"2026-03-22T01:05:41","slug":"195-70r15c-kumho-cw51-104-102r-studless-dda70-3pmsf-ms","status":"publish","type":"product","link":"https:\/\/shop.rettum.ee\/en\/product\/195-70r15c-kumho-cw51-104-102r-studless-dda70-3pmsf-ms\/","title":{"rendered":"195\/70R15C KUMHO CW51 104\/102R Studless DDA70 3PMSF M+S"},"content":{"rendered":"<p>Avasta KUMHO CW51 195\/70R15C, ideaalne valik nii talvisteks kui ka igap\u00e4evasteks s\u00f5itudeks. Selle 104\/102R koormusindeks ja R kiirusindeks tagavad stabiilsuse ja usaldusv\u00e4\u00e4rsuse igasugustes ilmaoludes. KUMHO CW51 on varustatud innovatiivse DDA70 tehnoloogiaga, mis tagab suurep\u00e4rased haardetingimused, isegi liustike ja lumega kaetud teedel. <\/p>\n<p>Selle rehvi aspektisuhe 70.00 ja laius 195 mm, koos 15-tollise diameetriga, annab sulle suurep\u00e4rase s\u00f5idumugavuse ja juhitavuse. D energiaefektiivsuse klass aitab v\u00e4hendada k\u00fctusekasutust, samal ajal kui A m\u00fcraklass (70 dB) tagab rahuliku ja vaikse s\u00f5idukogemuse. Radiaalne konstruktsioon parandab rehvi vastupidavust ja pikaealisust, muutes selle suurep\u00e4raseks valikuks nii ettev\u00f5tetele kui ka eraisikutele.<\/p>\n<p>Vali KUMHO CW51 ja koge talve, nagu kunagi varem!<\/p>","protected":false},"excerpt":{"rendered":"<p>Avasta KUMHO CW51 195\/70R15C, ideaalne valik nii talvisteks kui ka igap\u00e4evasteks s\u00f5itudeks. Selle 104\/102R koormusindeks ja R kiirusindeks tagavad stabiilsuse ja usaldusv\u00e4\u00e4rsuse igasugustes ilmaoludes. KUMHO CW51 on varustatud innovatiivse DDA70 tehnoloogiaga, mis tagab suurep\u00e4rased haardetingimused, isegi liustike ja lumega kaetud teedel. Selle rehvi aspektisuhe 70.00 ja laius 195 mm, koos 15-tollise diameetriga, annab sulle suurep\u00e4rase [&hellip;]<\/p>\n","protected":false},"featured_media":124289,"template":"","meta":{"site-sidebar-layout":"default","site-content-layout":"","ast-site-content-layout":"","site-content-style":"default","site-sidebar-style":"default","ast-global-header-display":"","ast-banner-title-visibility":"","ast-main-header-display":"","ast-hfb-above-header-display":"","ast-hfb-below-header-display":"","ast-hfb-mobile-header-display":"","site-post-title":"","ast-breadcrumbs-content":"","ast-featured-img":"","footer-sml-layout":"","theme-transparent-header-meta":"","adv-header-id-meta":"","stick-header-meta":"","header-above-stick-meta":"","header-main-stick-meta":"","header-below-stick-meta":"","astra-migrate-meta-layouts":"default","ast-page-background-enabled":"default","ast-page-background-meta":{"desktop":{"background-color":"","background-image":"","background-repeat":"repeat","background-position":"center center","background-size":"auto","background-attachment":"scroll","background-type":"","background-media":"","overlay-type":"","overlay-color":"","overlay-opacity":"","overlay-gradient":""},"tablet":{"background-color":"","background-image":"","background-repeat":"repeat","background-position":"center center","background-size":"auto","background-attachment":"scroll","background-type":"","background-media":"","overlay-type":"","overlay-color":"","overlay-opacity":"","overlay-gradient":""},"mobile":{"background-color":"","background-image":"","background-repeat":"repeat","background-position":"center center","background-size":"auto","background-attachment":"scroll","background-type":"","background-media":"","overlay-type":"","overlay-color":"","overlay-opacity":"","overlay-gradient":""}},"ast-content-background-meta":{"desktop":{"background-color":"var(--ast-global-color-5)","background-image":"","background-repeat":"repeat","background-position":"center center","background-size":"auto","background-attachment":"scroll","background-type":"","background-media":"","overlay-type":"","overlay-color":"","overlay-opacity":"","overlay-gradient":""},"tablet":{"background-color":"var(--ast-global-color-5)","background-image":"","background-repeat":"repeat","background-position":"center center","background-size":"auto","background-attachment":"scroll","background-type":"","background-media":"","overlay-type":"","overlay-color":"","overlay-opacity":"","overlay-gradient":""},"mobile":{"background-color":"var(--ast-global-color-5)","background-image":"","background-repeat":"repeat","background-position":"center center","background-size":"auto","background-attachment":"scroll","background-type":"","background-media":"","overlay-type":"","overlay-color":"","overlay-opacity":"","overlay-gradient":""}}},"product_brand":[],"product_cat":[30110],"product_tag":[],"pa_brand_name":[21898],"class_list":{"0":"post-105372","1":"product","2":"type-product","3":"status-publish","4":"has-post-thumbnail","6":"product_cat-winter-light-truck-friction-2","7":"pa_brand_name-kumho","8":"desktop-align-left","9":"tablet-align-left","10":"mobile-align-left","12":"first","13":"outofstock","14":"taxable","15":"shipping-taxable","16":"purchasable","17":"product-type-simple"},"_links":{"self":[{"href":"https:\/\/shop.rettum.ee\/en\/wp-json\/wp\/v2\/product\/105372","targetHints":{"allow":["GET"]}}],"collection":[{"href":"https:\/\/shop.rettum.ee\/en\/wp-json\/wp\/v2\/product"}],"about":[{"href":"https:\/\/shop.rettum.ee\/en\/wp-json\/wp\/v2\/types\/product"}],"version-history":[{"count":0,"href":"https:\/\/shop.rettum.ee\/en\/wp-json\/wp\/v2\/product\/105372\/revisions"}],"wp:featuredmedia":[{"embeddable":true,"href":"https:\/\/shop.rettum.ee\/en\/wp-json\/wp\/v2\/media\/124289"}],"wp:attachment":[{"href":"https:\/\/shop.rettum.ee\/en\/wp-json\/wp\/v2\/media?parent=105372"}],"wp:term":[{"taxonomy":"product_brand","embeddable":true,"href":"https:\/\/shop.rettum.ee\/en\/wp-json\/wp\/v2\/product_brand?post=105372"},{"taxonomy":"product_cat","embeddable":true,"href":"https:\/\/shop.rettum.ee\/en\/wp-json\/wp\/v2\/product_cat?post=105372"},{"taxonomy":"product_tag","embeddable":true,"href":"https:\/\/shop.rettum.ee\/en\/wp-json\/wp\/v2\/product_tag?post=105372"},{"taxonomy":"pa_brand_name","embeddable":true,"href":"https:\/\/shop.rettum.ee\/en\/wp-json\/wp\/v2\/pa_brand_name?post=105372"}],"curies":[{"name":"wp","href":"https:\/\/api.w.org\/{rel}","templated":true}]}}