{"id":105390,"date":"2025-01-07T18:50:10","date_gmt":"2025-01-07T16:50:10","guid":{"rendered":"https:\/\/shop.rettum.ee\/toode\/225-55r19-goodyear-ultra-grip-arctic-2-suv-103t-xl-ncs-studded-3pmsf-ms-2\/"},"modified":"2025-12-03T02:45:35","modified_gmt":"2025-12-03T00:45:35","slug":"225-55r19-goodyear-ultra-grip-arctic-2-suv-103t-xl-ncs-studded-3pmsf-ms-2","status":"publish","type":"product","link":"https:\/\/shop.rettum.ee\/en\/product\/225-55r19-goodyear-ultra-grip-arctic-2-suv-103t-xl-ncs-studded-3pmsf-ms-2\/","title":{"rendered":"225\/55R19 GOODYEAR ULTRA GRIP ARCTIC 2 SUV 103T XL NCS Studded 3PMSF M+S"},"content":{"rendered":"<p>Tutvustame Goodyear Ultra Grip Arctic 2 SUV studitud talverehve, mille m\u00f5\u00f5tmed on 225\/55R19. Need rehvid on loodud pakkuma erakordset j\u00f5udlust ja ohutust talveoludes, olles ideaalne valik SUV-de omanikele, kes soovivad kindlat haardumist ja stabiilsust libedatel teedel. <\/p>\n<p>Rehvide aspektisuhe 55 tagab suurep\u00e4rase tasakaalu man\u00f6\u00f6verdusv\u00f5ime ja mugavuse vahel, samas kui laius 225 mm annab lisastabiilsuse lumistel ja j\u00e4\u00e4ga kaetud teedel. Goodyear Ultra Grip Arctic 2 mudel vastab 3PMSF (kolme m\u00e4etippu) standardile, mis kinnitab selle usaldusv\u00e4\u00e4rsust talvises s\u00f5idutingimustes. <\/p>\n<p>XL (Extra Load) klass v\u00f5imaldab rehvidel taluda suuremat kandev\u00f5imet, mist\u00f5ttu sobivad need ideaalselt ka suuremate s\u00f5idukite jaoks. Kiirusindeks T (kuni 190 km\/h) ja kandeindeks 103 tagavad lisaturvalisuse ja t\u00e4iendava kindluse igasugustes oludes. <\/p>\n<p>Valige Goodyear Ultra Grip Arctic 2 SUV ja nautige muretut s\u00f5itu talvistes oludes!<\/p>","protected":false},"excerpt":{"rendered":"<p>Tutvustame Goodyear Ultra Grip Arctic 2 SUV studitud talverehve, mille m\u00f5\u00f5tmed on 225\/55R19. Need rehvid on loodud pakkuma erakordset j\u00f5udlust ja ohutust talveoludes, olles ideaalne valik SUV-de omanikele, kes soovivad kindlat haardumist ja stabiilsust libedatel teedel. Rehvide aspektisuhe 55 tagab suurep\u00e4rase tasakaalu man\u00f6\u00f6verdusv\u00f5ime ja mugavuse vahel, samas kui laius 225 mm annab lisastabiilsuse lumistel ja [&hellip;]<\/p>\n","protected":false},"featured_media":122088,"template":"","meta":{"site-sidebar-layout":"default","site-content-layout":"","ast-site-content-layout":"","site-content-style":"default","site-sidebar-style":"default","ast-global-header-display":"","ast-banner-title-visibility":"","ast-main-header-display":"","ast-hfb-above-header-display":"","ast-hfb-below-header-display":"","ast-hfb-mobile-header-display":"","site-post-title":"","ast-breadcrumbs-content":"","ast-featured-img":"","footer-sml-layout":"","theme-transparent-header-meta":"","adv-header-id-meta":"","stick-header-meta":"","header-above-stick-meta":"","header-main-stick-meta":"","header-below-stick-meta":"","astra-migrate-meta-layouts":"default","ast-page-background-enabled":"default","ast-page-background-meta":{"desktop":{"background-color":"","background-image":"","background-repeat":"repeat","background-position":"center center","background-size":"auto","background-attachment":"scroll","background-type":"","background-media":"","overlay-type":"","overlay-color":"","overlay-opacity":"","overlay-gradient":""},"tablet":{"background-color":"","background-image":"","background-repeat":"repeat","background-position":"center center","background-size":"auto","background-attachment":"scroll","background-type":"","background-media":"","overlay-type":"","overlay-color":"","overlay-opacity":"","overlay-gradient":""},"mobile":{"background-color":"","background-image":"","background-repeat":"repeat","background-position":"center center","background-size":"auto","background-attachment":"scroll","background-type":"","background-media":"","overlay-type":"","overlay-color":"","overlay-opacity":"","overlay-gradient":""}},"ast-content-background-meta":{"desktop":{"background-color":"var(--ast-global-color-5)","background-image":"","background-repeat":"repeat","background-position":"center center","background-size":"auto","background-attachment":"scroll","background-type":"","background-media":"","overlay-type":"","overlay-color":"","overlay-opacity":"","overlay-gradient":""},"tablet":{"background-color":"var(--ast-global-color-5)","background-image":"","background-repeat":"repeat","background-position":"center center","background-size":"auto","background-attachment":"scroll","background-type":"","background-media":"","overlay-type":"","overlay-color":"","overlay-opacity":"","overlay-gradient":""},"mobile":{"background-color":"var(--ast-global-color-5)","background-image":"","background-repeat":"repeat","background-position":"center center","background-size":"auto","background-attachment":"scroll","background-type":"","background-media":"","overlay-type":"","overlay-color":"","overlay-opacity":"","overlay-gradient":""}}},"product_brand":[],"product_cat":[30112],"product_tag":[],"pa_brand_name":[17979],"class_list":{"0":"post-105390","1":"product","2":"type-product","3":"status-publish","4":"has-post-thumbnail","6":"product_cat-winter-tires-with-studs-2","7":"pa_brand_name-goodyear","8":"desktop-align-left","9":"tablet-align-left","10":"mobile-align-left","12":"first","13":"outofstock","14":"taxable","15":"shipping-taxable","16":"purchasable","17":"product-type-simple"},"_links":{"self":[{"href":"https:\/\/shop.rettum.ee\/en\/wp-json\/wp\/v2\/product\/105390","targetHints":{"allow":["GET"]}}],"collection":[{"href":"https:\/\/shop.rettum.ee\/en\/wp-json\/wp\/v2\/product"}],"about":[{"href":"https:\/\/shop.rettum.ee\/en\/wp-json\/wp\/v2\/types\/product"}],"version-history":[{"count":0,"href":"https:\/\/shop.rettum.ee\/en\/wp-json\/wp\/v2\/product\/105390\/revisions"}],"wp:featuredmedia":[{"embeddable":true,"href":"https:\/\/shop.rettum.ee\/en\/wp-json\/wp\/v2\/media\/122088"}],"wp:attachment":[{"href":"https:\/\/shop.rettum.ee\/en\/wp-json\/wp\/v2\/media?parent=105390"}],"wp:term":[{"taxonomy":"product_brand","embeddable":true,"href":"https:\/\/shop.rettum.ee\/en\/wp-json\/wp\/v2\/product_brand?post=105390"},{"taxonomy":"product_cat","embeddable":true,"href":"https:\/\/shop.rettum.ee\/en\/wp-json\/wp\/v2\/product_cat?post=105390"},{"taxonomy":"product_tag","embeddable":true,"href":"https:\/\/shop.rettum.ee\/en\/wp-json\/wp\/v2\/product_tag?post=105390"},{"taxonomy":"pa_brand_name","embeddable":true,"href":"https:\/\/shop.rettum.ee\/en\/wp-json\/wp\/v2\/pa_brand_name?post=105390"}],"curies":[{"name":"wp","href":"https:\/\/api.w.org\/{rel}","templated":true}]}}