{"id":105401,"date":"2025-01-07T18:50:49","date_gmt":"2025-01-07T16:50:49","guid":{"rendered":"https:\/\/shop.rettum.ee\/toode\/215-60r17-marshal-ws51-100t-xl-friction-ceb72-3pmsf-icegrip-ms\/"},"modified":"2026-03-22T03:05:42","modified_gmt":"2026-03-22T01:05:42","slug":"215-60r17-marshal-ws51-100t-xl-friction-ceb72-3pmsf-icegrip-ms","status":"publish","type":"product","link":"https:\/\/shop.rettum.ee\/en\/product\/215-60r17-marshal-ws51-100t-xl-friction-ceb72-3pmsf-icegrip-ms\/","title":{"rendered":"215\/60R17 MARSHAL WS51 100T XL Friction CEB72 3PMSF IceGrip M+S"},"content":{"rendered":"<p>**Toote kirjeldus: 215\/60R17 MARSHAL WS51 100T XL Friction CEB72 3PMSF IceGrip M+S**<\/p>\n<p>Avastage talve ja j\u00e4\u00e4olude jaoks loodud ideaalne kaaslane \u2013 215\/60R17 MARSHAL WS51. See tipptasemel rehvi lahendus tagab \u00e4\u00e4rmiselt hea haarduvuse ja ohutust isegi k\u00f5ige karmimates talvetingimustes. Rehvi 60% aspektisuhe ja laius 215 mm annavad suurep\u00e4rase stabiilsuse igasugustes teeoludes.<\/p>\n<p>MARSHAL WS51 on varustatud arenenud Friction IceGrip tehnoloogiaga, mis tagab kindla ja usaldusv\u00e4\u00e4rse s\u00f5idukogemuse. XL kandeklass v\u00f5imaldab taluda suuremaid koormusi, muutes selle ideaalseks nii linnas\u00f5iduks kui ka maanteel. Fuel Efficiency C klass ja madal m\u00fcratase (B klass, 72 dB) muudavad s\u00f5idud mugavamaks ja s\u00e4\u00e4stlikumaks.<\/p>\n<p>Lisaks sellele on rehvil 3PMSF (kolm m\u00e4gipunkti ja lumem\u00fcts) sertifikaat, mis kinnitab selle talveomadusi. MARSHAL WS51 \u2013 teie usaldusv\u00e4\u00e4rne partner igasugustes talvetingimustes! Kogege talve j\u00f5udu ja nautige s\u00f5itu!<\/p>","protected":false},"excerpt":{"rendered":"<p>**Toote kirjeldus: 215\/60R17 MARSHAL WS51 100T XL Friction CEB72 3PMSF IceGrip M+S** Avastage talve ja j\u00e4\u00e4olude jaoks loodud ideaalne kaaslane \u2013 215\/60R17 MARSHAL WS51. See tipptasemel rehvi lahendus tagab \u00e4\u00e4rmiselt hea haarduvuse ja ohutust isegi k\u00f5ige karmimates talvetingimustes. Rehvi 60% aspektisuhe ja laius 215 mm annavad suurep\u00e4rase stabiilsuse igasugustes teeoludes. MARSHAL WS51 on varustatud arenenud [&hellip;]<\/p>\n","protected":false},"featured_media":123658,"template":"","meta":{"site-sidebar-layout":"default","site-content-layout":"","ast-site-content-layout":"","site-content-style":"default","site-sidebar-style":"default","ast-global-header-display":"","ast-banner-title-visibility":"","ast-main-header-display":"","ast-hfb-above-header-display":"","ast-hfb-below-header-display":"","ast-hfb-mobile-header-display":"","site-post-title":"","ast-breadcrumbs-content":"","ast-featured-img":"","footer-sml-layout":"","theme-transparent-header-meta":"","adv-header-id-meta":"","stick-header-meta":"","header-above-stick-meta":"","header-main-stick-meta":"","header-below-stick-meta":"","astra-migrate-meta-layouts":"default","ast-page-background-enabled":"default","ast-page-background-meta":{"desktop":{"background-color":"","background-image":"","background-repeat":"repeat","background-position":"center center","background-size":"auto","background-attachment":"scroll","background-type":"","background-media":"","overlay-type":"","overlay-color":"","overlay-opacity":"","overlay-gradient":""},"tablet":{"background-color":"","background-image":"","background-repeat":"repeat","background-position":"center center","background-size":"auto","background-attachment":"scroll","background-type":"","background-media":"","overlay-type":"","overlay-color":"","overlay-opacity":"","overlay-gradient":""},"mobile":{"background-color":"","background-image":"","background-repeat":"repeat","background-position":"center center","background-size":"auto","background-attachment":"scroll","background-type":"","background-media":"","overlay-type":"","overlay-color":"","overlay-opacity":"","overlay-gradient":""}},"ast-content-background-meta":{"desktop":{"background-color":"var(--ast-global-color-5)","background-image":"","background-repeat":"repeat","background-position":"center center","background-size":"auto","background-attachment":"scroll","background-type":"","background-media":"","overlay-type":"","overlay-color":"","overlay-opacity":"","overlay-gradient":""},"tablet":{"background-color":"var(--ast-global-color-5)","background-image":"","background-repeat":"repeat","background-position":"center center","background-size":"auto","background-attachment":"scroll","background-type":"","background-media":"","overlay-type":"","overlay-color":"","overlay-opacity":"","overlay-gradient":""},"mobile":{"background-color":"var(--ast-global-color-5)","background-image":"","background-repeat":"repeat","background-position":"center center","background-size":"auto","background-attachment":"scroll","background-type":"","background-media":"","overlay-type":"","overlay-color":"","overlay-opacity":"","overlay-gradient":""}}},"product_brand":[],"product_cat":[30111],"product_tag":[],"pa_brand_name":[33716],"class_list":{"0":"post-105401","1":"product","2":"type-product","3":"status-publish","4":"has-post-thumbnail","6":"product_cat-winter-tires-friction-2","7":"pa_brand_name-marshal","8":"desktop-align-left","9":"tablet-align-left","10":"mobile-align-left","12":"first","13":"outofstock","14":"taxable","15":"shipping-taxable","16":"purchasable","17":"product-type-simple"},"_links":{"self":[{"href":"https:\/\/shop.rettum.ee\/en\/wp-json\/wp\/v2\/product\/105401","targetHints":{"allow":["GET"]}}],"collection":[{"href":"https:\/\/shop.rettum.ee\/en\/wp-json\/wp\/v2\/product"}],"about":[{"href":"https:\/\/shop.rettum.ee\/en\/wp-json\/wp\/v2\/types\/product"}],"version-history":[{"count":0,"href":"https:\/\/shop.rettum.ee\/en\/wp-json\/wp\/v2\/product\/105401\/revisions"}],"wp:featuredmedia":[{"embeddable":true,"href":"https:\/\/shop.rettum.ee\/en\/wp-json\/wp\/v2\/media\/123658"}],"wp:attachment":[{"href":"https:\/\/shop.rettum.ee\/en\/wp-json\/wp\/v2\/media?parent=105401"}],"wp:term":[{"taxonomy":"product_brand","embeddable":true,"href":"https:\/\/shop.rettum.ee\/en\/wp-json\/wp\/v2\/product_brand?post=105401"},{"taxonomy":"product_cat","embeddable":true,"href":"https:\/\/shop.rettum.ee\/en\/wp-json\/wp\/v2\/product_cat?post=105401"},{"taxonomy":"product_tag","embeddable":true,"href":"https:\/\/shop.rettum.ee\/en\/wp-json\/wp\/v2\/product_tag?post=105401"},{"taxonomy":"pa_brand_name","embeddable":true,"href":"https:\/\/shop.rettum.ee\/en\/wp-json\/wp\/v2\/pa_brand_name?post=105401"}],"curies":[{"name":"wp","href":"https:\/\/api.w.org\/{rel}","templated":true}]}}