{"id":105410,"date":"2025-01-07T18:51:13","date_gmt":"2025-01-07T16:51:13","guid":{"rendered":"https:\/\/shop.rettum.ee\/toode\/275-65r18-nokian-outpost-at-116t-dot22-ddb73-3pmsf\/"},"modified":"2026-03-27T02:47:14","modified_gmt":"2026-03-27T00:47:14","slug":"275-65r18-nokian-outpost-at-116t-dot22-ddb73-3pmsf","status":"publish","type":"product","link":"https:\/\/shop.rettum.ee\/en\/product\/275-65r18-nokian-outpost-at-116t-dot22-ddb73-3pmsf\/","title":{"rendered":"275\/65R18 NOKIAN OUTPOST AT 116T DOT22 DDB73 3PMSF"},"content":{"rendered":"<p>**NOKIAN OUTPOST AT 275\/65R18 &#8211; Suurep\u00e4rased omadused igasugustes tingimustes!**<\/p>\n<p>Tutvustame NOKIAN OUTPOST AT 275\/65R18 rehvi, mis on loodud j\u00e4rjepidevaks ja usaldusv\u00e4\u00e4rseks kasutamiseks nii linnas kui ka maanteedel. Selle rehvi aspekte suhe on 65 ja laius 275 mm, pakkudes optimaalset haardev\u00f5imet ja s\u00f5idumugavust erinevates ilmastikutingimustes.<\/p>\n<p>Rehvi diameeter on 18 tolli ning see on varustatud koormusindeksiga 116, mis t\u00e4hendab, et see suudab kanda suurt kaalu, olles ideaalne valik suuremate s\u00f5idukite jaoks. NOKIAN OUTPOST AT on loodud k\u00fctuseefektiivsuse klassis D, aidates teil s\u00e4\u00e4sta k\u00fctust ja v\u00e4hendada keskkonnam\u00f5jusid.<\/p>\n<p>Rehvi m\u00fcraklass on B, mille m\u00fcrataseme v\u00e4\u00e4rtus on 73 dB, tagades vaikse s\u00f5iduraja ka k\u00f5rgeimatele kiiruspunktidele. Kiirusindeks T teeb selle rehvi sobivaks s\u00f5itmiseks kuni 190 km\/h. T\u00e4iendav talvine sertifikaat 3PMSF t\u00e4hendab, et see rehv on ette valmistatud ka lumiste ja j\u00e4iste oludega tegelemiseks.<\/p>\n<p>Valige NOKIAN OUTPOST AT ja kogege turvalisust ning usaldusv\u00e4\u00e4rsust igal teekonnal!<\/p>","protected":false},"excerpt":{"rendered":"<p>**NOKIAN OUTPOST AT 275\/65R18 &#8211; Suurep\u00e4rased omadused igasugustes tingimustes!** Tutvustame NOKIAN OUTPOST AT 275\/65R18 rehvi, mis on loodud j\u00e4rjepidevaks ja usaldusv\u00e4\u00e4rseks kasutamiseks nii linnas kui ka maanteedel. Selle rehvi aspekte suhe on 65 ja laius 275 mm, pakkudes optimaalset haardev\u00f5imet ja s\u00f5idumugavust erinevates ilmastikutingimustes. Rehvi diameeter on 18 tolli ning see on varustatud koormusindeksiga 116, [&hellip;]<\/p>\n","protected":false},"featured_media":123527,"template":"","meta":{"site-sidebar-layout":"default","site-content-layout":"","ast-site-content-layout":"","site-content-style":"default","site-sidebar-style":"default","ast-global-header-display":"","ast-banner-title-visibility":"","ast-main-header-display":"","ast-hfb-above-header-display":"","ast-hfb-below-header-display":"","ast-hfb-mobile-header-display":"","site-post-title":"","ast-breadcrumbs-content":"","ast-featured-img":"","footer-sml-layout":"","theme-transparent-header-meta":"","adv-header-id-meta":"","stick-header-meta":"","header-above-stick-meta":"","header-main-stick-meta":"","header-below-stick-meta":"","astra-migrate-meta-layouts":"default","ast-page-background-enabled":"default","ast-page-background-meta":{"desktop":{"background-color":"","background-image":"","background-repeat":"repeat","background-position":"center center","background-size":"auto","background-attachment":"scroll","background-type":"","background-media":"","overlay-type":"","overlay-color":"","overlay-opacity":"","overlay-gradient":""},"tablet":{"background-color":"","background-image":"","background-repeat":"repeat","background-position":"center center","background-size":"auto","background-attachment":"scroll","background-type":"","background-media":"","overlay-type":"","overlay-color":"","overlay-opacity":"","overlay-gradient":""},"mobile":{"background-color":"","background-image":"","background-repeat":"repeat","background-position":"center center","background-size":"auto","background-attachment":"scroll","background-type":"","background-media":"","overlay-type":"","overlay-color":"","overlay-opacity":"","overlay-gradient":""}},"ast-content-background-meta":{"desktop":{"background-color":"var(--ast-global-color-5)","background-image":"","background-repeat":"repeat","background-position":"center center","background-size":"auto","background-attachment":"scroll","background-type":"","background-media":"","overlay-type":"","overlay-color":"","overlay-opacity":"","overlay-gradient":""},"tablet":{"background-color":"var(--ast-global-color-5)","background-image":"","background-repeat":"repeat","background-position":"center center","background-size":"auto","background-attachment":"scroll","background-type":"","background-media":"","overlay-type":"","overlay-color":"","overlay-opacity":"","overlay-gradient":""},"mobile":{"background-color":"var(--ast-global-color-5)","background-image":"","background-repeat":"repeat","background-position":"center center","background-size":"auto","background-attachment":"scroll","background-type":"","background-media":"","overlay-type":"","overlay-color":"","overlay-opacity":"","overlay-gradient":""}}},"product_brand":[],"product_cat":[30108],"product_tag":[],"pa_brand_name":[25032],"class_list":{"0":"post-105410","1":"product","2":"type-product","3":"status-publish","4":"has-post-thumbnail","6":"product_cat-summer-tires-pv-2","7":"pa_brand_name-nokian","8":"desktop-align-left","9":"tablet-align-left","10":"mobile-align-left","12":"first","13":"instock","14":"taxable","15":"shipping-taxable","16":"purchasable","17":"product-type-simple"},"_links":{"self":[{"href":"https:\/\/shop.rettum.ee\/en\/wp-json\/wp\/v2\/product\/105410","targetHints":{"allow":["GET"]}}],"collection":[{"href":"https:\/\/shop.rettum.ee\/en\/wp-json\/wp\/v2\/product"}],"about":[{"href":"https:\/\/shop.rettum.ee\/en\/wp-json\/wp\/v2\/types\/product"}],"version-history":[{"count":0,"href":"https:\/\/shop.rettum.ee\/en\/wp-json\/wp\/v2\/product\/105410\/revisions"}],"wp:featuredmedia":[{"embeddable":true,"href":"https:\/\/shop.rettum.ee\/en\/wp-json\/wp\/v2\/media\/123527"}],"wp:attachment":[{"href":"https:\/\/shop.rettum.ee\/en\/wp-json\/wp\/v2\/media?parent=105410"}],"wp:term":[{"taxonomy":"product_brand","embeddable":true,"href":"https:\/\/shop.rettum.ee\/en\/wp-json\/wp\/v2\/product_brand?post=105410"},{"taxonomy":"product_cat","embeddable":true,"href":"https:\/\/shop.rettum.ee\/en\/wp-json\/wp\/v2\/product_cat?post=105410"},{"taxonomy":"product_tag","embeddable":true,"href":"https:\/\/shop.rettum.ee\/en\/wp-json\/wp\/v2\/product_tag?post=105410"},{"taxonomy":"pa_brand_name","embeddable":true,"href":"https:\/\/shop.rettum.ee\/en\/wp-json\/wp\/v2\/pa_brand_name?post=105410"}],"curies":[{"name":"wp","href":"https:\/\/api.w.org\/{rel}","templated":true}]}}