{"id":105416,"date":"2025-01-07T18:51:32","date_gmt":"2025-01-07T16:51:32","guid":{"rendered":"https:\/\/shop.rettum.ee\/toode\/225-45r17-goodyear-eagle-f1-asymmetric-6-91y-fp-cab69-2\/"},"modified":"2026-01-28T02:45:32","modified_gmt":"2026-01-28T00:45:32","slug":"225-45r17-goodyear-eagle-f1-asymmetric-6-91y-fp-cab69-2","status":"publish","type":"product","link":"https:\/\/shop.rettum.ee\/en\/product\/225-45r17-goodyear-eagle-f1-asymmetric-6-91y-fp-cab69-2\/","title":{"rendered":"225\/45R17 GOODYEAR EAGLE F1 ASYMMETRIC 6 91Y FP CAB69"},"content":{"rendered":"<p>**Goodyear Eagle F1 Asymmetric 6 225\/45R17 Rehv**<\/p>\n<p>Kogege s\u00f5idunaudingut, mis \u00fcletab k\u00f5ik ootused, Goodyear Eagle F1 Asymmetric 6 rehvidega. Need k\u00f5rge j\u00f5udlusega rehvid on spetsiaalselt disainitud, et tagada erakordne stabiilsus ja pidamine igasugustes teeoludes. <\/p>\n<p>Rehvi laius on 225 mm ja aspektisuhe 45, mis garanteerib suurep\u00e4rase juhitavuse ja madala veeratsevastupanu. 17-tollise diameetri ja koormusindeksega 91 saavad need rehvid hakkama ka suurem\u00f5\u00f5tmeliste autode vajadustega. <\/p>\n<p>Goodyear Eagle F1 Asymmetric 6 on varustatud C k\u00fctuseefektiivsuse klassiga, aidates s\u00e4\u00e4sta k\u00fctust ja s\u00f5idu kulusid. M\u00fcra klass B ja m\u00fcratase 69 dB tagavad stabiilse ja mugava s\u00f5idukogemuse, olgu teeolud millised tahes. <\/p>\n<p>Lisaks garanteerib rehvi Y kiirusindeks, et teie auto ei j\u00e4\u00e4 kunagi j\u00e4nni, isegi k\u00f5rgeimal kiirusel. Valige Goodyear&#8217;i t\u00f5hus ja innovatiivne rehvivalik, mis viib teie s\u00f5iduelamuse uuele tasemele!<\/p>","protected":false},"excerpt":{"rendered":"<p>**Goodyear Eagle F1 Asymmetric 6 225\/45R17 Rehv** Kogege s\u00f5idunaudingut, mis \u00fcletab k\u00f5ik ootused, Goodyear Eagle F1 Asymmetric 6 rehvidega. Need k\u00f5rge j\u00f5udlusega rehvid on spetsiaalselt disainitud, et tagada erakordne stabiilsus ja pidamine igasugustes teeoludes. Rehvi laius on 225 mm ja aspektisuhe 45, mis garanteerib suurep\u00e4rase juhitavuse ja madala veeratsevastupanu. 17-tollise diameetri ja koormusindeksega 91 saavad [&hellip;]<\/p>\n","protected":false},"featured_media":122075,"template":"","meta":{"site-sidebar-layout":"default","site-content-layout":"","ast-site-content-layout":"","site-content-style":"default","site-sidebar-style":"default","ast-global-header-display":"","ast-banner-title-visibility":"","ast-main-header-display":"","ast-hfb-above-header-display":"","ast-hfb-below-header-display":"","ast-hfb-mobile-header-display":"","site-post-title":"","ast-breadcrumbs-content":"","ast-featured-img":"","footer-sml-layout":"","theme-transparent-header-meta":"","adv-header-id-meta":"","stick-header-meta":"","header-above-stick-meta":"","header-main-stick-meta":"","header-below-stick-meta":"","astra-migrate-meta-layouts":"default","ast-page-background-enabled":"default","ast-page-background-meta":{"desktop":{"background-color":"","background-image":"","background-repeat":"repeat","background-position":"center center","background-size":"auto","background-attachment":"scroll","background-type":"","background-media":"","overlay-type":"","overlay-color":"","overlay-opacity":"","overlay-gradient":""},"tablet":{"background-color":"","background-image":"","background-repeat":"repeat","background-position":"center center","background-size":"auto","background-attachment":"scroll","background-type":"","background-media":"","overlay-type":"","overlay-color":"","overlay-opacity":"","overlay-gradient":""},"mobile":{"background-color":"","background-image":"","background-repeat":"repeat","background-position":"center center","background-size":"auto","background-attachment":"scroll","background-type":"","background-media":"","overlay-type":"","overlay-color":"","overlay-opacity":"","overlay-gradient":""}},"ast-content-background-meta":{"desktop":{"background-color":"var(--ast-global-color-5)","background-image":"","background-repeat":"repeat","background-position":"center center","background-size":"auto","background-attachment":"scroll","background-type":"","background-media":"","overlay-type":"","overlay-color":"","overlay-opacity":"","overlay-gradient":""},"tablet":{"background-color":"var(--ast-global-color-5)","background-image":"","background-repeat":"repeat","background-position":"center center","background-size":"auto","background-attachment":"scroll","background-type":"","background-media":"","overlay-type":"","overlay-color":"","overlay-opacity":"","overlay-gradient":""},"mobile":{"background-color":"var(--ast-global-color-5)","background-image":"","background-repeat":"repeat","background-position":"center center","background-size":"auto","background-attachment":"scroll","background-type":"","background-media":"","overlay-type":"","overlay-color":"","overlay-opacity":"","overlay-gradient":""}}},"product_brand":[],"product_cat":[30108],"product_tag":[],"pa_brand_name":[17979],"class_list":{"0":"post-105416","1":"product","2":"type-product","3":"status-publish","4":"has-post-thumbnail","6":"product_cat-summer-tires-pv-2","7":"pa_brand_name-goodyear","8":"desktop-align-left","9":"tablet-align-left","10":"mobile-align-left","12":"first","13":"outofstock","14":"taxable","15":"shipping-taxable","16":"purchasable","17":"product-type-simple"},"_links":{"self":[{"href":"https:\/\/shop.rettum.ee\/en\/wp-json\/wp\/v2\/product\/105416","targetHints":{"allow":["GET"]}}],"collection":[{"href":"https:\/\/shop.rettum.ee\/en\/wp-json\/wp\/v2\/product"}],"about":[{"href":"https:\/\/shop.rettum.ee\/en\/wp-json\/wp\/v2\/types\/product"}],"version-history":[{"count":0,"href":"https:\/\/shop.rettum.ee\/en\/wp-json\/wp\/v2\/product\/105416\/revisions"}],"wp:featuredmedia":[{"embeddable":true,"href":"https:\/\/shop.rettum.ee\/en\/wp-json\/wp\/v2\/media\/122075"}],"wp:attachment":[{"href":"https:\/\/shop.rettum.ee\/en\/wp-json\/wp\/v2\/media?parent=105416"}],"wp:term":[{"taxonomy":"product_brand","embeddable":true,"href":"https:\/\/shop.rettum.ee\/en\/wp-json\/wp\/v2\/product_brand?post=105416"},{"taxonomy":"product_cat","embeddable":true,"href":"https:\/\/shop.rettum.ee\/en\/wp-json\/wp\/v2\/product_cat?post=105416"},{"taxonomy":"product_tag","embeddable":true,"href":"https:\/\/shop.rettum.ee\/en\/wp-json\/wp\/v2\/product_tag?post=105416"},{"taxonomy":"pa_brand_name","embeddable":true,"href":"https:\/\/shop.rettum.ee\/en\/wp-json\/wp\/v2\/pa_brand_name?post=105416"}],"curies":[{"name":"wp","href":"https:\/\/api.w.org\/{rel}","templated":true}]}}