{"id":105417,"date":"2025-01-07T18:51:34","date_gmt":"2025-01-07T16:51:34","guid":{"rendered":"https:\/\/shop.rettum.ee\/toode\/195-55r18-goodyear-efficientgrip-performance-2-93h-xl-baa69\/"},"modified":"2026-03-22T03:05:56","modified_gmt":"2026-03-22T01:05:56","slug":"195-55r18-goodyear-efficientgrip-performance-2-93h-xl-baa69","status":"publish","type":"product","link":"https:\/\/shop.rettum.ee\/en\/product\/195-55r18-goodyear-efficientgrip-performance-2-93h-xl-baa69\/","title":{"rendered":"195\/55R18 GOODYEAR EFFICIENTGRIP PERFORMANCE 2 93H XL BAA69"},"content":{"rendered":"<p>**Goodyear EfficientGrip Performance 2 195\/55R18 93H XL &#8211; Tootekirjeldus**<\/p>\n<p>Avastage Goodyear EfficientGrip Performance 2, rehv, mis viib teie s\u00f5idukogemuse uuele tasemele! Sel 195\/55R18 rehvil on ideaalne k\u00fclgproportsioon, mis tagab suurep\u00e4rase haarduvuse ja s\u00f5idud\u00fcnaamika erinevates teeoludes. <\/p>\n<p>Rehvi diameeter on 18 tolli, mis sobib perfektselt enamikesse keskmise suurusega autodesse. T\u00e4nu B-k\u00fctuseefektiivsusele aitab see rehv v\u00e4hendada k\u00fctusekulu ja minimiseerida s\u00fcsiniku jalaj\u00e4lge. \u00dcksk\u00f5ik, kas s\u00f5idate linna vahel v\u00f5i kiirteedel, ei pea te muretsema m\u00fcra p\u00e4rast \u2013 selle rehv kuulub A m\u00fcraklassi ning m\u00fcra v\u00e4\u00e4rtus on vaid 69 dB. <\/p>\n<p>Sobivad ka suurte koormate vedamiseks, kuna selle koormusindeks on 93, ning kiirusindeks H tagab usaldusv\u00e4\u00e4rse ja stabiilse s\u00f5idu kiirusel kuni 210 km\/h. Kaalu, vaid 8.20 kg, muudab selle rehv kerge ning t\u00f5husaks valikuks. Uurige, kuidas Goodyear EfficientGrip Performance 2 suudab teie auto s\u00f5idud\u00fcnaamikat t\u00e4iustada!<\/p>","protected":false},"excerpt":{"rendered":"<p>**Goodyear EfficientGrip Performance 2 195\/55R18 93H XL &#8211; Tootekirjeldus** Avastage Goodyear EfficientGrip Performance 2, rehv, mis viib teie s\u00f5idukogemuse uuele tasemele! Sel 195\/55R18 rehvil on ideaalne k\u00fclgproportsioon, mis tagab suurep\u00e4rase haarduvuse ja s\u00f5idud\u00fcnaamika erinevates teeoludes. Rehvi diameeter on 18 tolli, mis sobib perfektselt enamikesse keskmise suurusega autodesse. T\u00e4nu B-k\u00fctuseefektiivsusele aitab see rehv v\u00e4hendada k\u00fctusekulu ja [&hellip;]<\/p>\n","protected":false},"featured_media":122060,"template":"","meta":{"site-sidebar-layout":"default","site-content-layout":"","ast-site-content-layout":"","site-content-style":"default","site-sidebar-style":"default","ast-global-header-display":"","ast-banner-title-visibility":"","ast-main-header-display":"","ast-hfb-above-header-display":"","ast-hfb-below-header-display":"","ast-hfb-mobile-header-display":"","site-post-title":"","ast-breadcrumbs-content":"","ast-featured-img":"","footer-sml-layout":"","theme-transparent-header-meta":"","adv-header-id-meta":"","stick-header-meta":"","header-above-stick-meta":"","header-main-stick-meta":"","header-below-stick-meta":"","astra-migrate-meta-layouts":"default","ast-page-background-enabled":"default","ast-page-background-meta":{"desktop":{"background-color":"","background-image":"","background-repeat":"repeat","background-position":"center center","background-size":"auto","background-attachment":"scroll","background-type":"","background-media":"","overlay-type":"","overlay-color":"","overlay-opacity":"","overlay-gradient":""},"tablet":{"background-color":"","background-image":"","background-repeat":"repeat","background-position":"center center","background-size":"auto","background-attachment":"scroll","background-type":"","background-media":"","overlay-type":"","overlay-color":"","overlay-opacity":"","overlay-gradient":""},"mobile":{"background-color":"","background-image":"","background-repeat":"repeat","background-position":"center center","background-size":"auto","background-attachment":"scroll","background-type":"","background-media":"","overlay-type":"","overlay-color":"","overlay-opacity":"","overlay-gradient":""}},"ast-content-background-meta":{"desktop":{"background-color":"var(--ast-global-color-5)","background-image":"","background-repeat":"repeat","background-position":"center center","background-size":"auto","background-attachment":"scroll","background-type":"","background-media":"","overlay-type":"","overlay-color":"","overlay-opacity":"","overlay-gradient":""},"tablet":{"background-color":"var(--ast-global-color-5)","background-image":"","background-repeat":"repeat","background-position":"center center","background-size":"auto","background-attachment":"scroll","background-type":"","background-media":"","overlay-type":"","overlay-color":"","overlay-opacity":"","overlay-gradient":""},"mobile":{"background-color":"var(--ast-global-color-5)","background-image":"","background-repeat":"repeat","background-position":"center center","background-size":"auto","background-attachment":"scroll","background-type":"","background-media":"","overlay-type":"","overlay-color":"","overlay-opacity":"","overlay-gradient":""}}},"product_brand":[],"product_cat":[30108],"product_tag":[],"pa_brand_name":[17979],"class_list":{"0":"post-105417","1":"product","2":"type-product","3":"status-publish","4":"has-post-thumbnail","6":"product_cat-summer-tires-pv-2","7":"pa_brand_name-goodyear","8":"desktop-align-left","9":"tablet-align-left","10":"mobile-align-left","12":"first","13":"outofstock","14":"taxable","15":"shipping-taxable","16":"purchasable","17":"product-type-simple"},"_links":{"self":[{"href":"https:\/\/shop.rettum.ee\/en\/wp-json\/wp\/v2\/product\/105417","targetHints":{"allow":["GET"]}}],"collection":[{"href":"https:\/\/shop.rettum.ee\/en\/wp-json\/wp\/v2\/product"}],"about":[{"href":"https:\/\/shop.rettum.ee\/en\/wp-json\/wp\/v2\/types\/product"}],"version-history":[{"count":0,"href":"https:\/\/shop.rettum.ee\/en\/wp-json\/wp\/v2\/product\/105417\/revisions"}],"wp:featuredmedia":[{"embeddable":true,"href":"https:\/\/shop.rettum.ee\/en\/wp-json\/wp\/v2\/media\/122060"}],"wp:attachment":[{"href":"https:\/\/shop.rettum.ee\/en\/wp-json\/wp\/v2\/media?parent=105417"}],"wp:term":[{"taxonomy":"product_brand","embeddable":true,"href":"https:\/\/shop.rettum.ee\/en\/wp-json\/wp\/v2\/product_brand?post=105417"},{"taxonomy":"product_cat","embeddable":true,"href":"https:\/\/shop.rettum.ee\/en\/wp-json\/wp\/v2\/product_cat?post=105417"},{"taxonomy":"product_tag","embeddable":true,"href":"https:\/\/shop.rettum.ee\/en\/wp-json\/wp\/v2\/product_tag?post=105417"},{"taxonomy":"pa_brand_name","embeddable":true,"href":"https:\/\/shop.rettum.ee\/en\/wp-json\/wp\/v2\/pa_brand_name?post=105417"}],"curies":[{"name":"wp","href":"https:\/\/api.w.org\/{rel}","templated":true}]}}