{"id":105422,"date":"2025-01-07T18:51:47","date_gmt":"2025-01-07T16:51:47","guid":{"rendered":"https:\/\/shop.rettum.ee\/toode\/235-50r18-goodyear-efficientgrip-performance-97v-fp-ccb71\/"},"modified":"2025-12-31T02:45:32","modified_gmt":"2025-12-31T00:45:32","slug":"235-50r18-goodyear-efficientgrip-performance-97v-fp-ccb71","status":"publish","type":"product","link":"https:\/\/shop.rettum.ee\/en\/product\/235-50r18-goodyear-efficientgrip-performance-97v-fp-ccb71\/","title":{"rendered":"235\/50R18 GOODYEAR EFFICIENTGRIP PERFORMANCE 97V FP CCB71"},"content":{"rendered":"<p>**Toode: 235\/50R18 GOODYEAR EFFICIENTGRIP PERFORMANCE 97V FP CCB71**<\/p>\n<p>Tere tulemast tulevikku, kus teie s\u00f5iduk ja mugavus saavad uue t\u00e4henduse! GOODYEAR EFFICIENTGRIP PERFORMANCE rehvid pakuvad erakordset s\u00f5iduelamust ja suurep\u00e4rast k\u00fctuseefektiivsust. Suurep\u00e4rane aspektide suhe 50, laius 235 mm ja diameeter 18 tolli tagavad stabiilse ja turvalise s\u00f5idu igasugustes tingimustes.<\/p>\n<p>Rehvidel on koormusindeks 97, mis t\u00e4hendab, et need suudavad kanda rasket koormust, samas kui kiirusindeks V tagab sujuva ja kiire s\u00f5idu kuni 240 km\/h. M\u00fcra klass B ja helitaseme v\u00e4\u00e4rtus 71 dB garanteerivad vaikse ja meeldiva reisielamuse.<\/p>\n<p>GOODYEARi kvaliteet ja innovatsioon on tuntud \u00fcle maailma, ning nende EfficientGrip Performance mudel on loodud, et tuua teie igap\u00e4evaste s\u00f5itude jaoks maksimaalne mugavus ja ohutus. Olgu tegemist linnas\u00f5itudega v\u00f5i pikema teekonnaga, need rehvid vastavad k\u00f5ikidele teie ootustele. <\/p>\n<p>Valige GOODYEAR EFFICIENTGRIP PERFORMANCE ja t\u00f5stke oma s\u00f5idu kogemus j\u00e4rgmisele tasemele!<\/p>","protected":false},"excerpt":{"rendered":"<p>**Toode: 235\/50R18 GOODYEAR EFFICIENTGRIP PERFORMANCE 97V FP CCB71** Tere tulemast tulevikku, kus teie s\u00f5iduk ja mugavus saavad uue t\u00e4henduse! GOODYEAR EFFICIENTGRIP PERFORMANCE rehvid pakuvad erakordset s\u00f5iduelamust ja suurep\u00e4rast k\u00fctuseefektiivsust. Suurep\u00e4rane aspektide suhe 50, laius 235 mm ja diameeter 18 tolli tagavad stabiilse ja turvalise s\u00f5idu igasugustes tingimustes. Rehvidel on koormusindeks 97, mis t\u00e4hendab, et need [&hellip;]<\/p>\n","protected":false},"featured_media":122125,"template":"","meta":{"site-sidebar-layout":"default","site-content-layout":"","ast-site-content-layout":"","site-content-style":"default","site-sidebar-style":"default","ast-global-header-display":"","ast-banner-title-visibility":"","ast-main-header-display":"","ast-hfb-above-header-display":"","ast-hfb-below-header-display":"","ast-hfb-mobile-header-display":"","site-post-title":"","ast-breadcrumbs-content":"","ast-featured-img":"","footer-sml-layout":"","theme-transparent-header-meta":"","adv-header-id-meta":"","stick-header-meta":"","header-above-stick-meta":"","header-main-stick-meta":"","header-below-stick-meta":"","astra-migrate-meta-layouts":"default","ast-page-background-enabled":"default","ast-page-background-meta":{"desktop":{"background-color":"","background-image":"","background-repeat":"repeat","background-position":"center center","background-size":"auto","background-attachment":"scroll","background-type":"","background-media":"","overlay-type":"","overlay-color":"","overlay-opacity":"","overlay-gradient":""},"tablet":{"background-color":"","background-image":"","background-repeat":"repeat","background-position":"center center","background-size":"auto","background-attachment":"scroll","background-type":"","background-media":"","overlay-type":"","overlay-color":"","overlay-opacity":"","overlay-gradient":""},"mobile":{"background-color":"","background-image":"","background-repeat":"repeat","background-position":"center center","background-size":"auto","background-attachment":"scroll","background-type":"","background-media":"","overlay-type":"","overlay-color":"","overlay-opacity":"","overlay-gradient":""}},"ast-content-background-meta":{"desktop":{"background-color":"var(--ast-global-color-5)","background-image":"","background-repeat":"repeat","background-position":"center center","background-size":"auto","background-attachment":"scroll","background-type":"","background-media":"","overlay-type":"","overlay-color":"","overlay-opacity":"","overlay-gradient":""},"tablet":{"background-color":"var(--ast-global-color-5)","background-image":"","background-repeat":"repeat","background-position":"center center","background-size":"auto","background-attachment":"scroll","background-type":"","background-media":"","overlay-type":"","overlay-color":"","overlay-opacity":"","overlay-gradient":""},"mobile":{"background-color":"var(--ast-global-color-5)","background-image":"","background-repeat":"repeat","background-position":"center center","background-size":"auto","background-attachment":"scroll","background-type":"","background-media":"","overlay-type":"","overlay-color":"","overlay-opacity":"","overlay-gradient":""}}},"product_brand":[],"product_cat":[30108],"product_tag":[],"pa_brand_name":[17979],"class_list":{"0":"post-105422","1":"product","2":"type-product","3":"status-publish","4":"has-post-thumbnail","6":"product_cat-summer-tires-pv-2","7":"pa_brand_name-goodyear","8":"desktop-align-left","9":"tablet-align-left","10":"mobile-align-left","12":"first","13":"outofstock","14":"taxable","15":"shipping-taxable","16":"purchasable","17":"product-type-simple"},"_links":{"self":[{"href":"https:\/\/shop.rettum.ee\/en\/wp-json\/wp\/v2\/product\/105422","targetHints":{"allow":["GET"]}}],"collection":[{"href":"https:\/\/shop.rettum.ee\/en\/wp-json\/wp\/v2\/product"}],"about":[{"href":"https:\/\/shop.rettum.ee\/en\/wp-json\/wp\/v2\/types\/product"}],"version-history":[{"count":0,"href":"https:\/\/shop.rettum.ee\/en\/wp-json\/wp\/v2\/product\/105422\/revisions"}],"wp:featuredmedia":[{"embeddable":true,"href":"https:\/\/shop.rettum.ee\/en\/wp-json\/wp\/v2\/media\/122125"}],"wp:attachment":[{"href":"https:\/\/shop.rettum.ee\/en\/wp-json\/wp\/v2\/media?parent=105422"}],"wp:term":[{"taxonomy":"product_brand","embeddable":true,"href":"https:\/\/shop.rettum.ee\/en\/wp-json\/wp\/v2\/product_brand?post=105422"},{"taxonomy":"product_cat","embeddable":true,"href":"https:\/\/shop.rettum.ee\/en\/wp-json\/wp\/v2\/product_cat?post=105422"},{"taxonomy":"product_tag","embeddable":true,"href":"https:\/\/shop.rettum.ee\/en\/wp-json\/wp\/v2\/product_tag?post=105422"},{"taxonomy":"pa_brand_name","embeddable":true,"href":"https:\/\/shop.rettum.ee\/en\/wp-json\/wp\/v2\/pa_brand_name?post=105422"}],"curies":[{"name":"wp","href":"https:\/\/api.w.org\/{rel}","templated":true}]}}