{"id":105426,"date":"2025-01-07T18:51:56","date_gmt":"2025-01-07T16:51:56","guid":{"rendered":"https:\/\/shop.rettum.ee\/toode\/225-40r19-michelin-pilot-sport-s-5-93y-xl-a29-rp-cbb72\/"},"modified":"2025-08-19T02:46:04","modified_gmt":"2025-08-18T23:46:04","slug":"225-40r19-michelin-pilot-sport-s-5-93y-xl-a29-rp-cbb72","status":"publish","type":"product","link":"https:\/\/shop.rettum.ee\/en\/product\/225-40r19-michelin-pilot-sport-s-5-93y-xl-a29-rp-cbb72\/","title":{"rendered":"225\/40R19 MICHELIN PILOT SPORT S 5 93Y XL A29 RP CBB72"},"content":{"rendered":"<p>Avastage MICHELIN PILOT SPORT S 5 &#8211; 225\/40R19, ideaalne valik sportautode entusiastidele, kes otsivad tipptasemel j\u00f5udlust ja ohutust. Selle rehvi laiusega 225 mm ja aspektisuhega 40% tagab t\u00f5husad juhitavuse ja stabiilsuse, muutes igasuguste teeolude nautimise naudinguks.<\/p>\n<p>MICHELINi innovaatilised tehnoloogiad tagavad suurep\u00e4rase k\u00fctuseefektiivsuse klassis C ning m\u00fcra klassis B (m\u00fcrareiting 72 dB), mist\u00f5ttu on s\u00f5itjed mugavamad nii linnas kui ka kiirusel. Rehvi tugev koormusindeks 93 ja suvekasutuseks m\u00f5eldud kiirusindeks Y garanteerib usaldusv\u00e4\u00e4rse soorituse isegi k\u00f5rgel kiirusel.<\/p>\n<p>Rehvi radiaalne konstruktsioon ja kaal 10,10 kg pakuvad t\u00e4iendavat turvalisust. Valige MICHELIN PILOT SPORT S 5, et kogeda ainulaadset s\u00f5idunaudingut, mis \u00fchendab tugevuse ja elegantsuse. Ideaalne kaaslane, olgu siis raja peal v\u00f5i igap\u00e4evases s\u00f5idus!<\/p>","protected":false},"excerpt":{"rendered":"<p>Avastage MICHELIN PILOT SPORT S 5 &#8211; 225\/40R19, ideaalne valik sportautode entusiastidele, kes otsivad tipptasemel j\u00f5udlust ja ohutust. Selle rehvi laiusega 225 mm ja aspektisuhega 40% tagab t\u00f5husad juhitavuse ja stabiilsuse, muutes igasuguste teeolude nautimise naudinguks. MICHELINi innovaatilised tehnoloogiad tagavad suurep\u00e4rase k\u00fctuseefektiivsuse klassis C ning m\u00fcra klassis B (m\u00fcrareiting 72 dB), mist\u00f5ttu on s\u00f5itjed mugavamad [&hellip;]<\/p>\n","protected":false},"featured_media":122069,"template":"","meta":{"site-sidebar-layout":"default","site-content-layout":"","ast-site-content-layout":"","site-content-style":"default","site-sidebar-style":"default","ast-global-header-display":"","ast-banner-title-visibility":"","ast-main-header-display":"","ast-hfb-above-header-display":"","ast-hfb-below-header-display":"","ast-hfb-mobile-header-display":"","site-post-title":"","ast-breadcrumbs-content":"","ast-featured-img":"","footer-sml-layout":"","theme-transparent-header-meta":"","adv-header-id-meta":"","stick-header-meta":"","header-above-stick-meta":"","header-main-stick-meta":"","header-below-stick-meta":"","astra-migrate-meta-layouts":"default","ast-page-background-enabled":"default","ast-page-background-meta":{"desktop":{"background-color":"","background-image":"","background-repeat":"repeat","background-position":"center center","background-size":"auto","background-attachment":"scroll","background-type":"","background-media":"","overlay-type":"","overlay-color":"","overlay-opacity":"","overlay-gradient":""},"tablet":{"background-color":"","background-image":"","background-repeat":"repeat","background-position":"center center","background-size":"auto","background-attachment":"scroll","background-type":"","background-media":"","overlay-type":"","overlay-color":"","overlay-opacity":"","overlay-gradient":""},"mobile":{"background-color":"","background-image":"","background-repeat":"repeat","background-position":"center center","background-size":"auto","background-attachment":"scroll","background-type":"","background-media":"","overlay-type":"","overlay-color":"","overlay-opacity":"","overlay-gradient":""}},"ast-content-background-meta":{"desktop":{"background-color":"var(--ast-global-color-5)","background-image":"","background-repeat":"repeat","background-position":"center center","background-size":"auto","background-attachment":"scroll","background-type":"","background-media":"","overlay-type":"","overlay-color":"","overlay-opacity":"","overlay-gradient":""},"tablet":{"background-color":"var(--ast-global-color-5)","background-image":"","background-repeat":"repeat","background-position":"center center","background-size":"auto","background-attachment":"scroll","background-type":"","background-media":"","overlay-type":"","overlay-color":"","overlay-opacity":"","overlay-gradient":""},"mobile":{"background-color":"var(--ast-global-color-5)","background-image":"","background-repeat":"repeat","background-position":"center center","background-size":"auto","background-attachment":"scroll","background-type":"","background-media":"","overlay-type":"","overlay-color":"","overlay-opacity":"","overlay-gradient":""}}},"product_brand":[],"product_cat":[30108],"product_tag":[],"pa_brand_name":[17870],"class_list":{"0":"post-105426","1":"product","2":"type-product","3":"status-publish","4":"has-post-thumbnail","6":"product_cat-summer-tires-pv-2","7":"pa_brand_name-michelin","8":"desktop-align-left","9":"tablet-align-left","10":"mobile-align-left","12":"first","13":"outofstock","14":"taxable","15":"shipping-taxable","16":"purchasable","17":"product-type-simple"},"_links":{"self":[{"href":"https:\/\/shop.rettum.ee\/en\/wp-json\/wp\/v2\/product\/105426","targetHints":{"allow":["GET"]}}],"collection":[{"href":"https:\/\/shop.rettum.ee\/en\/wp-json\/wp\/v2\/product"}],"about":[{"href":"https:\/\/shop.rettum.ee\/en\/wp-json\/wp\/v2\/types\/product"}],"version-history":[{"count":0,"href":"https:\/\/shop.rettum.ee\/en\/wp-json\/wp\/v2\/product\/105426\/revisions"}],"wp:featuredmedia":[{"embeddable":true,"href":"https:\/\/shop.rettum.ee\/en\/wp-json\/wp\/v2\/media\/122069"}],"wp:attachment":[{"href":"https:\/\/shop.rettum.ee\/en\/wp-json\/wp\/v2\/media?parent=105426"}],"wp:term":[{"taxonomy":"product_brand","embeddable":true,"href":"https:\/\/shop.rettum.ee\/en\/wp-json\/wp\/v2\/product_brand?post=105426"},{"taxonomy":"product_cat","embeddable":true,"href":"https:\/\/shop.rettum.ee\/en\/wp-json\/wp\/v2\/product_cat?post=105426"},{"taxonomy":"product_tag","embeddable":true,"href":"https:\/\/shop.rettum.ee\/en\/wp-json\/wp\/v2\/product_tag?post=105426"},{"taxonomy":"pa_brand_name","embeddable":true,"href":"https:\/\/shop.rettum.ee\/en\/wp-json\/wp\/v2\/pa_brand_name?post=105426"}],"curies":[{"name":"wp","href":"https:\/\/api.w.org\/{rel}","templated":true}]}}