{"id":105428,"date":"2025-01-07T18:52:05","date_gmt":"2025-01-07T16:52:05","guid":{"rendered":"https:\/\/shop.rettum.ee\/toode\/235-40r19-dunlop-sport-maxx-rt-96y-xl-mfs-cbb71\/"},"modified":"2025-12-16T02:46:07","modified_gmt":"2025-12-16T00:46:07","slug":"235-40r19-dunlop-sport-maxx-rt-96y-xl-mfs-cbb71","status":"publish","type":"product","link":"https:\/\/shop.rettum.ee\/en\/product\/235-40r19-dunlop-sport-maxx-rt-96y-xl-mfs-cbb71\/","title":{"rendered":"235\/40R19 DUNLOP SPORT MAXX RT 96Y XL MFS CBB71"},"content":{"rendered":"<p>**DUNLOP SPORT MAXX RT 235\/40R19 &#8211; Suurep\u00e4rane valik sportautodele!**<\/p>\n<p>Tutvuge DUNLOP SPORT MAXX RT 235\/40R19 rehvidega, mis on loodud maksimaalse j\u00f5udluse ja t\u00e4psuse saavutamiseks. Nende d\u00fcnaamiline disain ja optimeeritud keemilised koostisosad tagavad suurep\u00e4rase haarde ja stabiilsuse nii kuival kui ka m\u00e4rjal teel.<\/p>\n<p>Rehvi spetsiifilised omadused, sealhulgas 40% aspektisuhe ja 96 koormusindeks, lubavad teil nautida t\u00f5eliselt sportlikku s\u00f5idukogemust. Kiirusindeks Y v\u00f5imaldab ohutult s\u00f5ita kiirusel kuni 300 km\/h, samas kui madal m\u00fcraklass (B) ja m\u00fcra v\u00e4\u00e4rtus (71) tagavad mugava s\u00f5idunaudingu.<\/p>\n<p>DUNLOP SPORT MAXX RT rehvid on loodud k\u00f5rge k\u00fctuseefektiivsuse (C) saavutamiseks, mist\u00f5ttu saavad nad aidata v\u00e4hendada teie k\u00fctusekulu. Radiaalt\u00fc\u00fcpi disain ja 235 mm laius annavad v\u00f5imaluse parematele man\u00f6\u00f6verdusv\u00f5imetele ja pidevale stabiilsusele. Kaal 9.70 kg tagab ideaalse tasakaalu ja vastupidavuse.<\/p>\n<p>Valige DUNLOP SPORT MAXX RT rehvid, et olla teel kindla ja usaldusv\u00e4\u00e4rsena!<\/p>","protected":false},"excerpt":{"rendered":"<p>**DUNLOP SPORT MAXX RT 235\/40R19 &#8211; Suurep\u00e4rane valik sportautodele!** Tutvuge DUNLOP SPORT MAXX RT 235\/40R19 rehvidega, mis on loodud maksimaalse j\u00f5udluse ja t\u00e4psuse saavutamiseks. Nende d\u00fcnaamiline disain ja optimeeritud keemilised koostisosad tagavad suurep\u00e4rase haarde ja stabiilsuse nii kuival kui ka m\u00e4rjal teel. Rehvi spetsiifilised omadused, sealhulgas 40% aspektisuhe ja 96 koormusindeks, lubavad teil nautida t\u00f5eliselt [&hellip;]<\/p>\n","protected":false},"featured_media":122132,"template":"","meta":{"site-sidebar-layout":"default","site-content-layout":"","ast-site-content-layout":"","site-content-style":"default","site-sidebar-style":"default","ast-global-header-display":"","ast-banner-title-visibility":"","ast-main-header-display":"","ast-hfb-above-header-display":"","ast-hfb-below-header-display":"","ast-hfb-mobile-header-display":"","site-post-title":"","ast-breadcrumbs-content":"","ast-featured-img":"","footer-sml-layout":"","theme-transparent-header-meta":"","adv-header-id-meta":"","stick-header-meta":"","header-above-stick-meta":"","header-main-stick-meta":"","header-below-stick-meta":"","astra-migrate-meta-layouts":"default","ast-page-background-enabled":"default","ast-page-background-meta":{"desktop":{"background-color":"","background-image":"","background-repeat":"repeat","background-position":"center center","background-size":"auto","background-attachment":"scroll","background-type":"","background-media":"","overlay-type":"","overlay-color":"","overlay-opacity":"","overlay-gradient":""},"tablet":{"background-color":"","background-image":"","background-repeat":"repeat","background-position":"center center","background-size":"auto","background-attachment":"scroll","background-type":"","background-media":"","overlay-type":"","overlay-color":"","overlay-opacity":"","overlay-gradient":""},"mobile":{"background-color":"","background-image":"","background-repeat":"repeat","background-position":"center center","background-size":"auto","background-attachment":"scroll","background-type":"","background-media":"","overlay-type":"","overlay-color":"","overlay-opacity":"","overlay-gradient":""}},"ast-content-background-meta":{"desktop":{"background-color":"var(--ast-global-color-5)","background-image":"","background-repeat":"repeat","background-position":"center center","background-size":"auto","background-attachment":"scroll","background-type":"","background-media":"","overlay-type":"","overlay-color":"","overlay-opacity":"","overlay-gradient":""},"tablet":{"background-color":"var(--ast-global-color-5)","background-image":"","background-repeat":"repeat","background-position":"center center","background-size":"auto","background-attachment":"scroll","background-type":"","background-media":"","overlay-type":"","overlay-color":"","overlay-opacity":"","overlay-gradient":""},"mobile":{"background-color":"var(--ast-global-color-5)","background-image":"","background-repeat":"repeat","background-position":"center center","background-size":"auto","background-attachment":"scroll","background-type":"","background-media":"","overlay-type":"","overlay-color":"","overlay-opacity":"","overlay-gradient":""}}},"product_brand":[],"product_cat":[30108],"product_tag":[],"pa_brand_name":[18236],"class_list":{"0":"post-105428","1":"product","2":"type-product","3":"status-publish","4":"has-post-thumbnail","6":"product_cat-summer-tires-pv-2","7":"pa_brand_name-dunlop","8":"desktop-align-left","9":"tablet-align-left","10":"mobile-align-left","12":"first","13":"outofstock","14":"taxable","15":"shipping-taxable","16":"purchasable","17":"product-type-simple"},"_links":{"self":[{"href":"https:\/\/shop.rettum.ee\/en\/wp-json\/wp\/v2\/product\/105428","targetHints":{"allow":["GET"]}}],"collection":[{"href":"https:\/\/shop.rettum.ee\/en\/wp-json\/wp\/v2\/product"}],"about":[{"href":"https:\/\/shop.rettum.ee\/en\/wp-json\/wp\/v2\/types\/product"}],"version-history":[{"count":0,"href":"https:\/\/shop.rettum.ee\/en\/wp-json\/wp\/v2\/product\/105428\/revisions"}],"wp:featuredmedia":[{"embeddable":true,"href":"https:\/\/shop.rettum.ee\/en\/wp-json\/wp\/v2\/media\/122132"}],"wp:attachment":[{"href":"https:\/\/shop.rettum.ee\/en\/wp-json\/wp\/v2\/media?parent=105428"}],"wp:term":[{"taxonomy":"product_brand","embeddable":true,"href":"https:\/\/shop.rettum.ee\/en\/wp-json\/wp\/v2\/product_brand?post=105428"},{"taxonomy":"product_cat","embeddable":true,"href":"https:\/\/shop.rettum.ee\/en\/wp-json\/wp\/v2\/product_cat?post=105428"},{"taxonomy":"product_tag","embeddable":true,"href":"https:\/\/shop.rettum.ee\/en\/wp-json\/wp\/v2\/product_tag?post=105428"},{"taxonomy":"pa_brand_name","embeddable":true,"href":"https:\/\/shop.rettum.ee\/en\/wp-json\/wp\/v2\/pa_brand_name?post=105428"}],"curies":[{"name":"wp","href":"https:\/\/api.w.org\/{rel}","templated":true}]}}